{"id":74389,"date":"2025-07-29T10:26:50","date_gmt":"2025-07-29T10:26:50","guid":{"rendered":"https:\/\/fv6qoy3ls0.wpdns.site\/product\/caruba-pu60-zapatillas-universales-de-liberacion-rapida-arca-swiss\/"},"modified":"2025-10-09T16:44:07","modified_gmt":"2025-10-09T16:44:07","slug":"caruba-pu60-zapatillas-universales-de-liberacion-rapida-arca-swiss","status":"publish","type":"product","link":"https:\/\/hi-techwonder.com\/es\/producto\/caruba-pu60-zapatillas-universales-de-liberacion-rapida-arca-swiss\/","title":{"rendered":"CARUBA PU60 Zapatillas Universales de Liberaci\u00f3n R\u00e1pida Arca-Swiss"},"content":{"rendered":"<p><strong>CARUBA PU60 Zapatillas Universales de Liberaci\u00f3n R\u00e1pida Arca-Swiss<\/strong><\/p>\n<p><strong>Funciones:<\/strong><\/p>\n<ul>\n<li>Zapata universal de liberaci\u00f3n r\u00e1pida Sistema de liberaci\u00f3n r\u00e1pida Arca-Swiss<\/li>\n<li>Equipado con un tornillo de rosca de 1\/4&#8243;<\/li>\n<li>Material antideslizante en la parte superior<\/li>\n<li>Dimensiones 60x38x10mm<\/li>\n<\/ul>\n<p>La zapata del tr\u00edpode Caruba se monta en la parte inferior del cuerpo de la c\u00e1mara mediante uno o m\u00e1s tornillos (suministrados). La placa permite un montaje o cambio r\u00e1pido de la c\u00e1mara en un tr\u00edpode. <\/p>\n","protected":false},"excerpt":{"rendered":"<p>CARUBA PU60 Zapatillas Universales de Liberaci\u00f3n R\u00e1pida Arca-Swiss Funciones: Zapata universal de liberaci\u00f3n r\u00e1pida Sistema de liberaci\u00f3n r\u00e1pida Arca-Swiss Equipado<\/p>\n","protected":false},"featured_media":63433,"comment_status":"closed","ping_status":"open","template":"","meta":{"_acf_changed":false},"product_brand":[2546],"product_cat":[1087],"product_tag":[],"class_list":{"0":"post-74389","1":"product","2":"type-product","3":"status-publish","4":"has-post-thumbnail","6":"product_brand-caruba-es","7":"product_cat-zapatas-y-tornillos","9":"first","10":"instock","11":"taxable","12":"shipping-taxable","13":"purchasable","14":"product-type-simple"},"bundled_by":[],"bundle_stock_status":"instock","bundle_stock_quantity":1,"bundle_virtual":false,"bundle_layout":"","bundle_add_to_cart_form_location":"","bundle_editable_in_cart":false,"bundle_sold_individually_context":"","bundle_item_grouping":"","bundle_min_size":"","bundle_max_size":"","bundle_price":[],"bundled_items":[],"bundle_sell_ids":[],"acf":[],"_links":{"self":[{"href":"https:\/\/hi-techwonder.com\/es\/wp-json\/wp\/v2\/product\/74389","targetHints":{"allow":["GET"]}}],"collection":[{"href":"https:\/\/hi-techwonder.com\/es\/wp-json\/wp\/v2\/product"}],"about":[{"href":"https:\/\/hi-techwonder.com\/es\/wp-json\/wp\/v2\/types\/product"}],"replies":[{"embeddable":true,"href":"https:\/\/hi-techwonder.com\/es\/wp-json\/wp\/v2\/comments?post=74389"}],"wp:featuredmedia":[{"embeddable":true,"href":"https:\/\/hi-techwonder.com\/es\/wp-json\/wp\/v2\/media\/63433"}],"wp:attachment":[{"href":"https:\/\/hi-techwonder.com\/es\/wp-json\/wp\/v2\/media?parent=74389"}],"wp:term":[{"taxonomy":"product_brand","embeddable":true,"href":"https:\/\/hi-techwonder.com\/es\/wp-json\/wp\/v2\/product_brand?post=74389"},{"taxonomy":"product_cat","embeddable":true,"href":"https:\/\/hi-techwonder.com\/es\/wp-json\/wp\/v2\/product_cat?post=74389"},{"taxonomy":"product_tag","embeddable":true,"href":"https:\/\/hi-techwonder.com\/es\/wp-json\/wp\/v2\/product_tag?post=74389"}],"curies":[{"name":"wp","href":"https:\/\/api.w.org\/{rel}","templated":true}]}}