{"id":74390,"date":"2025-07-28T23:41:15","date_gmt":"2025-07-28T23:41:15","guid":{"rendered":"https:\/\/fv6qoy3ls0.wpdns.site\/product\/caruba-rb-1-abrazadera-de-tuberia\/"},"modified":"2025-11-17T13:41:50","modified_gmt":"2025-11-17T13:41:50","slug":"caruba-rb-1-abrazadera-de-tuberia","status":"publish","type":"product","link":"https:\/\/hi-techwonder.com\/es\/producto\/caruba-rb-1-abrazadera-de-tuberia\/","title":{"rendered":"CARUBA RB-1 Abrazadera de tuber\u00eda"},"content":{"rendered":"<p><b>CARUBA RB-1 Abrazadera de tuber\u00eda<\/b><\/p>\n<p><b><br \/><\/b><\/p>\n<p><b>Funciones  <\/b><\/p>\n<ul>\n<li>Abrazadera doble flexible<\/li>\n<li>F\u00e1cil de bloquear y desbloquear<\/li>\n<li>\u00datil para un m\u00e1stil de pluma o un soporte reflector<\/li>\n<\/ul>\n<p><img decoding=\"async\" src=\"https:\/\/disnet.ams3.cdn.digitaloceanspaces.com\/uploads\/1565354106_336.jpg\" style=\"width: 25%;\" alt=\"\"><\/p>\n<p><\/p>\n<p><b>CARUBA RB-1 Abrazadera de soporte (para pluma \/ tubo) para brazo reflectante  <\/b><\/p>\n<ul>\n<li>El soporte de brazo reflector \/ pluma Caruba es una abrazadera flexible que se puede utilizar como poste de pluma o soporte reflector.<\/li>\n<li>El soporte tiene aberturas de diferentes tama\u00f1os, por lo que se puede utilizar con todo tipo de tubos y soportes de luz.<\/li>\n<li>El juego es f\u00e1cil de bloquear y desbloquear con las dos palancas laterales.<\/li>\n<\/ul>\n<p><\/p>\n","protected":false},"excerpt":{"rendered":"<p>CARUBA RB-1 Abrazadera de tuber\u00eda Funciones Abrazadera doble flexible F\u00e1cil de bloquear y desbloquear \u00datil para un m\u00e1stil de pluma<\/p>\n","protected":false},"featured_media":26212,"comment_status":"closed","ping_status":"closed","template":"","meta":{"_acf_changed":false},"product_brand":[2546],"product_cat":[960],"product_tag":[],"class_list":{"0":"post-74390","1":"product","2":"type-product","3":"status-publish","4":"has-post-thumbnail","6":"product_brand-caruba-es","7":"product_cat-espigotes-pinzas","9":"first","10":"onbackorder","11":"taxable","12":"shipping-taxable","13":"purchasable","14":"product-type-simple"},"bundled_by":[],"bundle_stock_status":"onbackorder","bundle_stock_quantity":null,"bundle_virtual":false,"bundle_layout":"","bundle_add_to_cart_form_location":"","bundle_editable_in_cart":false,"bundle_sold_individually_context":"","bundle_item_grouping":"","bundle_min_size":"","bundle_max_size":"","bundle_price":[],"bundled_items":[],"bundle_sell_ids":[],"acf":[],"_links":{"self":[{"href":"https:\/\/hi-techwonder.com\/es\/wp-json\/wp\/v2\/product\/74390","targetHints":{"allow":["GET"]}}],"collection":[{"href":"https:\/\/hi-techwonder.com\/es\/wp-json\/wp\/v2\/product"}],"about":[{"href":"https:\/\/hi-techwonder.com\/es\/wp-json\/wp\/v2\/types\/product"}],"replies":[{"embeddable":true,"href":"https:\/\/hi-techwonder.com\/es\/wp-json\/wp\/v2\/comments?post=74390"}],"wp:featuredmedia":[{"embeddable":true,"href":"https:\/\/hi-techwonder.com\/es\/wp-json\/wp\/v2\/media\/26212"}],"wp:attachment":[{"href":"https:\/\/hi-techwonder.com\/es\/wp-json\/wp\/v2\/media?parent=74390"}],"wp:term":[{"taxonomy":"product_brand","embeddable":true,"href":"https:\/\/hi-techwonder.com\/es\/wp-json\/wp\/v2\/product_brand?post=74390"},{"taxonomy":"product_cat","embeddable":true,"href":"https:\/\/hi-techwonder.com\/es\/wp-json\/wp\/v2\/product_cat?post=74390"},{"taxonomy":"product_tag","embeddable":true,"href":"https:\/\/hi-techwonder.com\/es\/wp-json\/wp\/v2\/product_tag?post=74390"}],"curies":[{"name":"wp","href":"https:\/\/api.w.org\/{rel}","templated":true}]}}