{"id":74392,"date":"2025-07-29T10:50:49","date_gmt":"2025-07-29T10:50:49","guid":{"rendered":"https:\/\/fv6qoy3ls0.wpdns.site\/product\/liberacion-rapida-caruba\/"},"modified":"2026-01-31T01:24:46","modified_gmt":"2026-01-31T01:24:46","slug":"caruba-liberacion-rapida-caruba","status":"publish","type":"product","link":"https:\/\/hi-techwonder.com\/es\/producto\/caruba-liberacion-rapida-caruba\/","title":{"rendered":"Liberaci\u00f3n r\u00e1pida CARUBA"},"content":{"rendered":"<h4><b>Liberaci\u00f3n r\u00e1pida de Caruba<\/b><\/h4>\n<p>El Caruba Quick Release es una placa de liberaci\u00f3n r\u00e1pida, adecuada para montaje en tr\u00edpode o monopie, con un tornillo de rosca de 3\/8&#8243;. La placa de liberaci\u00f3n de tornillo tradicional tiene una fuerza de sujeci\u00f3n m\u00e1s alta que las abrazaderas de liberaci\u00f3n de palanca. Este soporte cuenta con un accesorio central empotrado en la parte superior y una rosca de 3\/8&#8243;-16.<\/p>\n<h3><\/p>\n<h4><b>Contenido del paquete&nbsp;<\/b><\/h4>\n<\/h3>\n<p>1x Liberaci\u00f3n r\u00e1pida de Caruba<\/p>\n<p><\/p>\n<p><\/p>\n<p><\/p>\n","protected":false},"excerpt":{"rendered":"<p>Liberaci\u00f3n r\u00e1pida de Caruba El Caruba Quick Release es una placa de liberaci\u00f3n r\u00e1pida, adecuada para montaje en tr\u00edpode o<\/p>\n","protected":false},"featured_media":68366,"comment_status":"closed","ping_status":"open","template":"","meta":{"_acf_changed":false},"product_brand":[2546],"product_cat":[1097],"product_tag":[],"class_list":{"0":"post-74392","1":"product","2":"type-product","3":"status-publish","4":"has-post-thumbnail","6":"product_brand-caruba-es","7":"product_cat-bases-zapatas","9":"first","10":"instock","11":"taxable","12":"shipping-taxable","13":"purchasable","14":"product-type-simple"},"bundled_by":[],"bundle_stock_status":"instock","bundle_stock_quantity":1,"bundle_virtual":false,"bundle_layout":"","bundle_add_to_cart_form_location":"","bundle_editable_in_cart":false,"bundle_sold_individually_context":"","bundle_item_grouping":"","bundle_min_size":"","bundle_max_size":"","bundle_price":[],"bundled_items":[],"bundle_sell_ids":[],"acf":[],"_links":{"self":[{"href":"https:\/\/hi-techwonder.com\/es\/wp-json\/wp\/v2\/product\/74392","targetHints":{"allow":["GET"]}}],"collection":[{"href":"https:\/\/hi-techwonder.com\/es\/wp-json\/wp\/v2\/product"}],"about":[{"href":"https:\/\/hi-techwonder.com\/es\/wp-json\/wp\/v2\/types\/product"}],"replies":[{"embeddable":true,"href":"https:\/\/hi-techwonder.com\/es\/wp-json\/wp\/v2\/comments?post=74392"}],"wp:featuredmedia":[{"embeddable":true,"href":"https:\/\/hi-techwonder.com\/es\/wp-json\/wp\/v2\/media\/68366"}],"wp:attachment":[{"href":"https:\/\/hi-techwonder.com\/es\/wp-json\/wp\/v2\/media?parent=74392"}],"wp:term":[{"taxonomy":"product_brand","embeddable":true,"href":"https:\/\/hi-techwonder.com\/es\/wp-json\/wp\/v2\/product_brand?post=74392"},{"taxonomy":"product_cat","embeddable":true,"href":"https:\/\/hi-techwonder.com\/es\/wp-json\/wp\/v2\/product_cat?post=74392"},{"taxonomy":"product_tag","embeddable":true,"href":"https:\/\/hi-techwonder.com\/es\/wp-json\/wp\/v2\/product_tag?post=74392"}],"curies":[{"name":"wp","href":"https:\/\/api.w.org\/{rel}","templated":true}]}}