{"id":74396,"date":"2025-07-28T23:40:52","date_gmt":"2025-07-28T23:40:52","guid":{"rendered":"https:\/\/fv6qoy3ls0.wpdns.site\/product\/soporte-de-caruba-para-flash-flash-y-paraguas\/"},"modified":"2026-03-26T11:45:13","modified_gmt":"2026-03-26T11:45:13","slug":"caruba-soporte-de-caruba-para-flash-flash-y-paraguas","status":"publish","type":"product","link":"https:\/\/hi-techwonder.com\/es\/producto\/caruba-soporte-de-caruba-para-flash-flash-y-paraguas\/","title":{"rendered":"Soporte de CARUBA para flash, flash y paraguas"},"content":{"rendered":"<p>Este soporte Caruba, fabricado en aluminio, permite montar un flash compacto en un tr\u00edpode de estudio junto con un paraguas. Permite ajustar el \u00e1ngulo de inclinaci\u00f3n y es compatible con cualquier tr\u00edpode de estudio que tenga tija de sill\u00edn. <\/p>\n","protected":false},"excerpt":{"rendered":"<p>Este soporte Caruba, fabricado en aluminio, permite montar un flash compacto en un tr\u00edpode de estudio junto con un paraguas.<\/p>\n","protected":false},"featured_media":26065,"comment_status":"closed","ping_status":"open","template":"","meta":{"_acf_changed":false},"product_brand":[2546],"product_cat":[963],"product_tag":[],"class_list":{"0":"post-74396","1":"product","2":"type-product","3":"status-publish","4":"has-post-thumbnail","6":"product_brand-caruba-es","7":"product_cat-para-speedlites-es","9":"first","10":"instock","11":"taxable","12":"shipping-taxable","13":"purchasable","14":"product-type-simple"},"bundled_by":[],"bundle_stock_status":"instock","bundle_stock_quantity":1,"bundle_virtual":false,"bundle_layout":"","bundle_add_to_cart_form_location":"","bundle_editable_in_cart":false,"bundle_sold_individually_context":"","bundle_item_grouping":"","bundle_min_size":"","bundle_max_size":"","bundle_price":[],"bundled_items":[],"bundle_sell_ids":[],"acf":[],"_links":{"self":[{"href":"https:\/\/hi-techwonder.com\/es\/wp-json\/wp\/v2\/product\/74396","targetHints":{"allow":["GET"]}}],"collection":[{"href":"https:\/\/hi-techwonder.com\/es\/wp-json\/wp\/v2\/product"}],"about":[{"href":"https:\/\/hi-techwonder.com\/es\/wp-json\/wp\/v2\/types\/product"}],"replies":[{"embeddable":true,"href":"https:\/\/hi-techwonder.com\/es\/wp-json\/wp\/v2\/comments?post=74396"}],"wp:featuredmedia":[{"embeddable":true,"href":"https:\/\/hi-techwonder.com\/es\/wp-json\/wp\/v2\/media\/26065"}],"wp:attachment":[{"href":"https:\/\/hi-techwonder.com\/es\/wp-json\/wp\/v2\/media?parent=74396"}],"wp:term":[{"taxonomy":"product_brand","embeddable":true,"href":"https:\/\/hi-techwonder.com\/es\/wp-json\/wp\/v2\/product_brand?post=74396"},{"taxonomy":"product_cat","embeddable":true,"href":"https:\/\/hi-techwonder.com\/es\/wp-json\/wp\/v2\/product_cat?post=74396"},{"taxonomy":"product_tag","embeddable":true,"href":"https:\/\/hi-techwonder.com\/es\/wp-json\/wp\/v2\/product_tag?post=74396"}],"curies":[{"name":"wp","href":"https:\/\/api.w.org\/{rel}","templated":true}]}}