{"id":74398,"date":"2025-07-28T23:55:31","date_gmt":"2025-07-28T23:55:31","guid":{"rendered":"https:\/\/fv6qoy3ls0.wpdns.site\/product\/caruba-soporte-triple-para-accesorios-con-zapata-de-fijacion-l\/"},"modified":"2025-11-25T17:16:33","modified_gmt":"2025-11-25T17:16:33","slug":"caruba-soporte-triple-para-accesorios-con-zapata-de-fijacion-l","status":"publish","type":"product","link":"https:\/\/hi-techwonder.com\/es\/producto\/caruba-soporte-triple-para-accesorios-con-zapata-de-fijacion-l\/","title":{"rendered":"CARUBA Soporte triple para accesorios con zapata de fijaci\u00f3n &#8211; L"},"content":{"rendered":"<p><strong>CARUBA TMB-3 Soporte triple para accesorios con fijaci\u00f3n de zapata de flash &#8211; L<\/strong><\/p>\n<p>Este soporte permite el montaje de tres accesorios externos en la parte superior, como un flash, un micr\u00f3fono, un peque\u00f1o iluminador port\u00e1til, un monitor (entre otros), a trav\u00e9s de un accesorio de zapata est\u00e1ndar de flash hembra.<\/p>\n<p>Est\u00e1 equipado en la parte inferior con un sistema de fijaci\u00f3n de zapata macho est\u00e1ndar tipo flash para su uso en la c\u00e1mara o jaula. Adem\u00e1s, una entrada de rosca hembra de 1\/4&#8243; para uso en tr\u00edpode. <\/p>\n<p><strong>Caracter\u00edsticas t\u00e9cnicas:<\/strong><\/p>\n<ul>\n<li>3 accesorios hembra tipo flash fijaci\u00f3n de zapata est\u00e1ndar (en la parte superior de la pieza)<\/li>\n<li>1 Tipo de flash est\u00e1ndar Zapata de fijaci\u00f3n macho (En la parte inferior de la pieza)<\/li>\n<li>Entrada de rosca hembra de 1 1\/4&#8243;<\/li>\n<li>Altura 160 cm<\/li>\n<li>Ancho: 165 cm<\/li>\n<\/ul>\n","protected":false},"excerpt":{"rendered":"<p>CARUBA TMB-3 Soporte triple para accesorios con fijaci\u00f3n de zapata de flash &#8211; L Este soporte permite el montaje de<\/p>\n","protected":false},"featured_media":30207,"comment_status":"closed","ping_status":"open","template":"","meta":{"_acf_changed":false},"product_brand":[2546],"product_cat":[891],"product_tag":[],"class_list":{"0":"post-74398","1":"product","2":"type-product","3":"status-publish","4":"has-post-thumbnail","6":"product_brand-caruba-es","7":"product_cat-soportes-pertigas","9":"first","10":"instock","11":"taxable","12":"shipping-taxable","13":"purchasable","14":"product-type-simple"},"bundled_by":[],"bundle_stock_status":"instock","bundle_stock_quantity":1,"bundle_virtual":false,"bundle_layout":"","bundle_add_to_cart_form_location":"","bundle_editable_in_cart":false,"bundle_sold_individually_context":"","bundle_item_grouping":"","bundle_min_size":"","bundle_max_size":"","bundle_price":[],"bundled_items":[],"bundle_sell_ids":[],"acf":[],"_links":{"self":[{"href":"https:\/\/hi-techwonder.com\/es\/wp-json\/wp\/v2\/product\/74398","targetHints":{"allow":["GET"]}}],"collection":[{"href":"https:\/\/hi-techwonder.com\/es\/wp-json\/wp\/v2\/product"}],"about":[{"href":"https:\/\/hi-techwonder.com\/es\/wp-json\/wp\/v2\/types\/product"}],"replies":[{"embeddable":true,"href":"https:\/\/hi-techwonder.com\/es\/wp-json\/wp\/v2\/comments?post=74398"}],"wp:featuredmedia":[{"embeddable":true,"href":"https:\/\/hi-techwonder.com\/es\/wp-json\/wp\/v2\/media\/30207"}],"wp:attachment":[{"href":"https:\/\/hi-techwonder.com\/es\/wp-json\/wp\/v2\/media?parent=74398"}],"wp:term":[{"taxonomy":"product_brand","embeddable":true,"href":"https:\/\/hi-techwonder.com\/es\/wp-json\/wp\/v2\/product_brand?post=74398"},{"taxonomy":"product_cat","embeddable":true,"href":"https:\/\/hi-techwonder.com\/es\/wp-json\/wp\/v2\/product_cat?post=74398"},{"taxonomy":"product_tag","embeddable":true,"href":"https:\/\/hi-techwonder.com\/es\/wp-json\/wp\/v2\/product_tag?post=74398"}],"curies":[{"name":"wp","href":"https:\/\/api.w.org\/{rel}","templated":true}]}}