{"id":74401,"date":"2025-07-29T08:51:07","date_gmt":"2025-07-29T08:51:07","guid":{"rendered":"https:\/\/fv6qoy3ls0.wpdns.site\/product\/caruba-soporte-de-ventosa-ventosa-para-action-cam\/"},"modified":"2025-12-18T12:51:10","modified_gmt":"2025-12-18T12:51:10","slug":"caruba-soporte-de-ventosa-ventosa-para-action-cam","status":"publish","type":"product","link":"https:\/\/hi-techwonder.com\/es\/producto\/caruba-soporte-de-ventosa-ventosa-para-action-cam\/","title":{"rendered":"CARUBA Soporte de ventosa &#8211; Ventosa para Action Cam"},"content":{"rendered":"<div id=\"content_description\" style=\"display: block;\">\n<div>\n<div id=\"content_block_description\"><strong><span style=\"font-size: small;\">Funciones:<\/span><\/strong><\/div>\n<ul>\n<li><span style=\"font-size: small;\">Conecta tu c\u00e1mara GoPro con esta ventosa a coches, barcos, motos, etc&#8230;  <br \/><\/span><\/li>\n<li><span style=\"font-size: small;\">Recomendado solo para actividades de bajo impacto.<\/span><\/li>\n<li><span style=\"font-size: small;\">Compatible con TODAS las c\u00e1maras Gopro.<\/span><\/li>\n<li><span style=\"font-size: small;\">Para obtener la m\u00e1xima fuerza de sujeci\u00f3n, aseg\u00farelo sobre una superficie limpia.<\/span><\/li>\n<\/ul>\n<p><span style=\"font-size: small;\"> <\/span><\/p>\n<p><span style=\"font-size: small;\"><strong>Contenido de la caja:<\/strong><br \/><\/span><\/p>\n<ul>\n<li><span style=\"font-size: small;\">1x Soporte de ventosa &#8211; Ventosa<\/span><\/li>\n<li><span style=\"font-size: small;\">1x Adaptador de tr\u00edpode para GoPro<\/span><\/li>\n<li><span style=\"font-size: small;\">1x Llave<\/span><\/li>\n<\/ul>\n<\/div>\n<\/div>\n","protected":false},"excerpt":{"rendered":"<p>Funciones: Conecta tu c\u00e1mara GoPro con esta ventosa a coches, barcos, motos, etc&#8230; Recomendado solo para actividades de bajo impacto.<\/p>\n","protected":false},"featured_media":41747,"comment_status":"closed","ping_status":"open","template":"","meta":{"_acf_changed":false},"product_brand":[2546],"product_cat":[926],"product_tag":[],"class_list":{"0":"post-74401","1":"product","2":"type-product","3":"status-publish","4":"has-post-thumbnail","6":"product_brand-caruba-es","7":"product_cat-acessorios-accion-360o","9":"first","10":"instock","11":"taxable","12":"shipping-taxable","13":"purchasable","14":"product-type-simple"},"bundled_by":[],"bundle_stock_status":"instock","bundle_stock_quantity":1,"bundle_virtual":false,"bundle_layout":"","bundle_add_to_cart_form_location":"","bundle_editable_in_cart":false,"bundle_sold_individually_context":"","bundle_item_grouping":"","bundle_min_size":"","bundle_max_size":"","bundle_price":[],"bundled_items":[],"bundle_sell_ids":[],"acf":[],"_links":{"self":[{"href":"https:\/\/hi-techwonder.com\/es\/wp-json\/wp\/v2\/product\/74401","targetHints":{"allow":["GET"]}}],"collection":[{"href":"https:\/\/hi-techwonder.com\/es\/wp-json\/wp\/v2\/product"}],"about":[{"href":"https:\/\/hi-techwonder.com\/es\/wp-json\/wp\/v2\/types\/product"}],"replies":[{"embeddable":true,"href":"https:\/\/hi-techwonder.com\/es\/wp-json\/wp\/v2\/comments?post=74401"}],"wp:featuredmedia":[{"embeddable":true,"href":"https:\/\/hi-techwonder.com\/es\/wp-json\/wp\/v2\/media\/41747"}],"wp:attachment":[{"href":"https:\/\/hi-techwonder.com\/es\/wp-json\/wp\/v2\/media?parent=74401"}],"wp:term":[{"taxonomy":"product_brand","embeddable":true,"href":"https:\/\/hi-techwonder.com\/es\/wp-json\/wp\/v2\/product_brand?post=74401"},{"taxonomy":"product_cat","embeddable":true,"href":"https:\/\/hi-techwonder.com\/es\/wp-json\/wp\/v2\/product_cat?post=74401"},{"taxonomy":"product_tag","embeddable":true,"href":"https:\/\/hi-techwonder.com\/es\/wp-json\/wp\/v2\/product_tag?post=74401"}],"curies":[{"name":"wp","href":"https:\/\/api.w.org\/{rel}","templated":true}]}}