{"id":74404,"date":"2025-07-29T09:26:40","date_gmt":"2025-07-29T09:26:40","guid":{"rendered":"https:\/\/fv6qoy3ls0.wpdns.site\/product\/fujifilm-gf-80mm-f-1-7-r-wr-fujifilm-g\/"},"modified":"2025-12-22T12:10:04","modified_gmt":"2025-12-22T12:10:04","slug":"fujifilm-gf-80mm-f-1-7-r-wr-fujifilm-g","status":"publish","type":"product","link":"https:\/\/hi-techwonder.com\/es\/producto\/fujifilm-gf-80mm-f-1-7-r-wr-fujifilm-g\/","title":{"rendered":"FUJIFILM GF 80mm f\/1.7 R WR &#8211; Fujifilm G"},"content":{"rendered":"<h3><strong>Fujifilm GF 80mm f\/1.7 R WR &#8211; Fujifilm G<\/strong><\/h3>\n<hr>\n<h4><strong>Funciones<\/strong><\/h4>\n<ul>\n<li><strong>Objetivo fijo para retratos de formato medio<\/strong><br \/>Con una distancia focal de 80 mm (equivalente a 63 mm en formato de 35 mm), este objetivo es ideal para retratos y aplicaciones creativas con poca profundidad de campo.<\/li>\n<li><strong>Apertura m\u00e1xima f\/1.7<\/strong><br \/>Ofrece un bokeh excepcional y un excelente rendimiento con poca luz, lo que lo convierte en una de las aperturas m\u00e1s r\u00e1pidas disponibles para el sistema GFX.<\/li>\n<li><strong>Calidad \u00f3ptica excepcional<\/strong><br \/>Dise\u00f1ado para capturar im\u00e1genes con una claridad asombrosa, incluso con la m\u00e1xima apertura y con una aberraci\u00f3n crom\u00e1tica reducida.<\/li>\n<li><strong>Dise\u00f1o compacto y resistente<\/strong><br \/>Con un peso aproximado de 795 g, ofrece un equilibrio ideal entre rendimiento \u00f3ptico y portabilidad para fot\u00f3grafos exigentes.<\/li>\n<li><strong>Sellado contra la intemperie (WR)<\/strong><br \/>Resistente al polvo, las salpicaduras y las temperaturas de hasta -10 \u00b0C, lo que garantiza un rendimiento fiable en entornos dif\u00edciles.<\/li>\n<li><strong>Motor de enfoque r\u00e1pido y silencioso<\/strong><br \/>Utiliza un motor de enfoque de alta precisi\u00f3n, lo que le permite capturar sujetos en movimiento con agilidad y precisi\u00f3n.<\/li>\n<\/ul>\n<p><iframe loading=\"lazy\" frameborder=\"0\" src=\"https:\/\/www.youtube.com\/embed\/JA58rzBYElI?start=1\" width=\"640\" height=\"360\" class=\"note-video-clip\" referrerpolicy=\"strict-origin-when-cross-origin\"><\/iframe><\/p>\n<ul>\n<\/ul>\n<hr>\n<h4><strong>Contenido del paquete<\/strong><\/h4>\n<ul>\n<li>1 \u00d7 Lente <strong>Fujifilm GF 80mm f\/1.7 R WR<\/strong><\/li>\n<li>1 \u00d7 Tapa frontal del objetivo (FLCP-77)<\/li>\n<li>1 \u00d7 Tapa trasera del objetivo (RLCP-002)<\/li>\n<li>Parasol de 1 \u00d7 (LH-GF80)<\/li>\n<li>1 \u00d7 Manual de usuario<\/li>\n<\/ul>\n<hr>\n<h4><strong>Descripci\u00f3n<\/strong><\/h4>\n<p>El <strong>Fujifilm GF 80mm f\/1.7 R WR<\/strong> redefine el est\u00e1ndar para los objetivos de formato medio, ofreciendo un rendimiento excepcional en t\u00e9rminos de nitidez y bokeh. Con una apertura m\u00e1xima de f\/1.7, este objetivo es perfecto para crear retratos con un desenfoque suave y poca profundidad de campo, que resaltan de forma \u00fanica al sujeto. <\/p>\n<p>El dise\u00f1o \u00f3ptico avanzado incluye elementos asf\u00e9ricos y ED que minimizan las aberraciones y garantizan im\u00e1genes detalladas y colores vibrantes. Ideal para fot\u00f3grafos profesionales, su construcci\u00f3n robusta con sellado contra la intemperie permite su uso en cualquier condici\u00f3n clim\u00e1tica, lo que lo convierte en una opci\u00f3n vers\u00e1til para una amplia gama de aplicaciones fotogr\u00e1ficas. <\/p>\n<hr>\n<h4><strong>Especificaciones t\u00e9cnicas<\/strong><\/h4>\n<ul>\n<li><strong>Distancia focal:<\/strong> 80 mm (equivalente a 63 mm en formato de 35 mm).<\/li>\n<li><strong>Apertura m\u00e1xima:<\/strong> f\/1.7.<\/li>\n<li><strong>Apertura m\u00ednima:<\/strong> f\/22.<\/li>\n<li><strong>Construcci\u00f3n \u00f3ptica:<\/strong> 12 elementos en 9 grupos (incluyendo 1 elemento asf\u00e9rico y 2 elementos ED).<\/li>\n<li><strong>Di\u00e1metro del filtro:<\/strong> 77 mm.<\/li>\n<li><strong>Distancia m\u00ednima de enfoque:<\/strong> 70 cm.<\/li>\n<li><strong>Aumento m\u00e1ximo:<\/strong> 0.15x.<\/li>\n<li><strong>Diafragma:<\/strong> 9 hojas redondeadas.<\/li>\n<li><strong>Peso:<\/strong> Aproximadamente 795 g.<\/li>\n<li><strong>Dimensiones:<\/strong> 99,2 mm x 94,7 mm.<\/li>\n<li><strong>Sellado (WR):<\/strong> Resistente al polvo, a las salpicaduras y a temperaturas de hasta -10\u00b0C.<\/li>\n<li><strong>Montura:<\/strong> Montura GF (compatible con c\u00e1maras Fujifilm GFX).<\/li>\n<\/ul>\n<hr>\n<h4><strong>Informaci\u00f3n adicional<\/strong><\/h4>\n<p>Nota: Im\u00e1genes ilustrativas. Equipo adicional no incluido. Consulte el contenido del paquete y las especificaciones para obtener detalles del fabricante.  <\/p>\n","protected":false},"excerpt":{"rendered":"<p>Fujifilm GF 80mm f\/1.7 R WR &#8211; Fujifilm G Funciones Objetivo fijo para retratos de formato medioCon una distancia focal<\/p>\n","protected":false},"featured_media":49069,"comment_status":"closed","ping_status":"closed","template":"","meta":{"_acf_changed":false},"product_brand":[2539],"product_cat":[1062],"product_tag":[],"class_list":{"0":"post-74404","1":"product","2":"type-product","3":"status-publish","4":"has-post-thumbnail","6":"product_brand-fujifilm-es","7":"product_cat-mirrorless-objectivos","8":"pa_abertura-maxima-f-1-7-es","9":"pa_cor-negro","10":"pa_diametro-77mm-es","11":"pa_estabilizacao-de-imagem-no","12":"pa_montagem-da-objetiva-fujifilm-g-es","13":"pa_sensor-formato-medio","14":"pa_tipo-de-foco-enfoque-automatico","15":"pa_tipo-de-objetiva-estandar","16":"pa_zoom-fixa-fijo","17":"custom-price-on-request","19":"first","20":"onbackorder","21":"taxable","22":"shipping-taxable","23":"product-type-simple"},"bundled_by":[],"bundle_stock_status":"onbackorder","bundle_stock_quantity":null,"bundle_virtual":false,"bundle_layout":"","bundle_add_to_cart_form_location":"","bundle_editable_in_cart":false,"bundle_sold_individually_context":"","bundle_item_grouping":"","bundle_min_size":"","bundle_max_size":"","bundle_price":[],"bundled_items":[],"bundle_sell_ids":[],"acf":[],"_links":{"self":[{"href":"https:\/\/hi-techwonder.com\/es\/wp-json\/wp\/v2\/product\/74404","targetHints":{"allow":["GET"]}}],"collection":[{"href":"https:\/\/hi-techwonder.com\/es\/wp-json\/wp\/v2\/product"}],"about":[{"href":"https:\/\/hi-techwonder.com\/es\/wp-json\/wp\/v2\/types\/product"}],"replies":[{"embeddable":true,"href":"https:\/\/hi-techwonder.com\/es\/wp-json\/wp\/v2\/comments?post=74404"}],"wp:featuredmedia":[{"embeddable":true,"href":"https:\/\/hi-techwonder.com\/es\/wp-json\/wp\/v2\/media\/49069"}],"wp:attachment":[{"href":"https:\/\/hi-techwonder.com\/es\/wp-json\/wp\/v2\/media?parent=74404"}],"wp:term":[{"taxonomy":"product_brand","embeddable":true,"href":"https:\/\/hi-techwonder.com\/es\/wp-json\/wp\/v2\/product_brand?post=74404"},{"taxonomy":"product_cat","embeddable":true,"href":"https:\/\/hi-techwonder.com\/es\/wp-json\/wp\/v2\/product_cat?post=74404"},{"taxonomy":"product_tag","embeddable":true,"href":"https:\/\/hi-techwonder.com\/es\/wp-json\/wp\/v2\/product_tag?post=74404"}],"curies":[{"name":"wp","href":"https:\/\/api.w.org\/{rel}","templated":true}]}}