{"id":74411,"date":"2025-07-28T23:43:45","date_gmt":"2025-07-28T23:43:45","guid":{"rendered":"https:\/\/fv6qoy3ls0.wpdns.site\/product\/rollo-fujifilm-200-135-36\/"},"modified":"2026-03-31T11:17:38","modified_gmt":"2026-03-31T10:17:38","slug":"fujifilm-rollo-fujifilm-200-135-36","status":"publish","type":"product","link":"https:\/\/hi-techwonder.com\/es\/producto\/fujifilm-rollo-fujifilm-200-135-36\/","title":{"rendered":"Rollo FUJIFILM 200 &#8211; 135\/36"},"content":{"rendered":"<p style=\"text-align: justify\">La pel\u00edcula negativa en color FUJIFILM 200 es una pel\u00edcula de velocidad media con luz diurna equilibrada que ofrece una paleta de colores vivos y una excelente nitidez. Tiene una sensibilidad nominal de ISO 200\/24\u00b0 junto con una amplia latitud de exposici\u00f3n para su uso en una variedad de condiciones de iluminaci\u00f3n. La pel\u00edcula ofrece tonos de piel hermosos y naturales para retratos y configuraciones grupales, y su estructura de grano fino permite resultados de alta calidad para impresiones y ampliaciones.  <\/p>\n<ul>\n<li style=\"text-align: justify\">Gran viveza en todo el espectro, incluidos rojos, azules y amarillos vibrantes<\/li>\n<li style=\"text-align: justify\">Representaci\u00f3n n\u00edtida de los detalles de textura y todos los aspectos de su sujeto<\/li>\n<li style=\"text-align: justify\">Tonos de piel hermosos y naturales para representaciones de color preciso<\/li>\n<li style=\"text-align: justify\">La estructura de grano fino proporciona resultados consistentes y de alta calidad para impresiones y ampliaciones<\/li>\n<li style=\"text-align: justify\">Reproducci\u00f3n precisa del color bajo luz fluorescente y natural<\/li>\n<\/ul>\n<p style=\"text-align: justify\"><span style=\"font-size: small\"><br \/><strong>Contenido del paquete:<\/strong><br \/><\/span><\/p>\n<ul>\n<li><span style=\"font-size: small\">Fujifilm Rollo 200 &#8211; 135\/36<\/span><\/li>\n<\/ul>\n","protected":false},"excerpt":{"rendered":"<p>La pel\u00edcula negativa en color FUJIFILM 200 es una pel\u00edcula de velocidad media con luz diurna equilibrada que ofrece una<\/p>\n","protected":false},"featured_media":26806,"comment_status":"closed","ping_status":"open","template":"","meta":{"_acf_changed":false},"product_brand":[2539],"product_cat":[883],"product_tag":[],"class_list":{"0":"post-74411","1":"product","2":"type-product","3":"status-publish","4":"has-post-thumbnail","6":"product_brand-fujifilm-es","7":"product_cat-35mm-es","9":"first","10":"instock","11":"taxable","12":"shipping-taxable","13":"purchasable","14":"product-type-simple"},"bundled_by":[],"bundle_stock_status":"instock","bundle_stock_quantity":23,"bundle_virtual":false,"bundle_layout":"","bundle_add_to_cart_form_location":"","bundle_editable_in_cart":false,"bundle_sold_individually_context":"","bundle_item_grouping":"","bundle_min_size":"","bundle_max_size":"","bundle_price":[],"bundled_items":[],"bundle_sell_ids":[],"acf":[],"_links":{"self":[{"href":"https:\/\/hi-techwonder.com\/es\/wp-json\/wp\/v2\/product\/74411","targetHints":{"allow":["GET"]}}],"collection":[{"href":"https:\/\/hi-techwonder.com\/es\/wp-json\/wp\/v2\/product"}],"about":[{"href":"https:\/\/hi-techwonder.com\/es\/wp-json\/wp\/v2\/types\/product"}],"replies":[{"embeddable":true,"href":"https:\/\/hi-techwonder.com\/es\/wp-json\/wp\/v2\/comments?post=74411"}],"wp:featuredmedia":[{"embeddable":true,"href":"https:\/\/hi-techwonder.com\/es\/wp-json\/wp\/v2\/media\/26806"}],"wp:attachment":[{"href":"https:\/\/hi-techwonder.com\/es\/wp-json\/wp\/v2\/media?parent=74411"}],"wp:term":[{"taxonomy":"product_brand","embeddable":true,"href":"https:\/\/hi-techwonder.com\/es\/wp-json\/wp\/v2\/product_brand?post=74411"},{"taxonomy":"product_cat","embeddable":true,"href":"https:\/\/hi-techwonder.com\/es\/wp-json\/wp\/v2\/product_cat?post=74411"},{"taxonomy":"product_tag","embeddable":true,"href":"https:\/\/hi-techwonder.com\/es\/wp-json\/wp\/v2\/product_tag?post=74411"}],"curies":[{"name":"wp","href":"https:\/\/api.w.org\/{rel}","templated":true}]}}