{"id":74433,"date":"2025-07-28T23:32:01","date_gmt":"2025-07-28T23:32:01","guid":{"rendered":"https:\/\/fv6qoy3ls0.wpdns.site\/product\/cargador-usb-godox-uc18-para-bateria-vb-18\/"},"modified":"2026-01-31T03:50:57","modified_gmt":"2026-01-31T03:50:57","slug":"godox-cargador-usb-godox-uc18-para-bateria-vb-18","status":"publish","type":"product","link":"https:\/\/hi-techwonder.com\/es\/producto\/godox-cargador-usb-godox-uc18-para-bateria-vb-18\/","title":{"rendered":"GODOX Cargador USB UC18 para bater\u00eda VB-18"},"content":{"rendered":"<p><strong>Cargador USB GODOX UC18 para bater\u00eda VB-18<\/strong><\/p>\n<p>El cargador USB UC18 para las bater\u00edas VB-18 de Godox permite cargar la bater\u00eda en tres a siete horas a trav\u00e9s de USB Type-C. Es compatible con las bater\u00edas VB-18 que vienen con los flashes Godox V850, V860II, V860, V860II, V860II y V860II. <\/p>\n<h2>Especificaciones de Godox UC18:<\/h2>\n<table style=\"width: 641px\" border=\"0\" cellspacing=\"0\" cellpadding=\"2\">\n<colgroup>\n<col width=\"121\"><\/colgroup>\n<colgroup>\n<col width=\"512\"> <\/colgroup>\n<tbody>\n<tr>\n<td width=\"121\">\n<p>Compatibilidad<\/p>\n<\/td>\n<td width=\"512\">\n<p>Godox V850, V850II, V860, V860II S, V860II C, V860II N, V860II F<\/p>\n<\/td>\n<\/tr>\n<tr>\n<td width=\"121\">\n<p>Conexiones<\/p>\n<\/td>\n<td width=\"512\">\n<p>USB tipo C<\/p>\n<\/td>\n<\/tr>\n<tr>\n<td width=\"121\">\n<p>Entrada \/ Salida<\/p>\n<\/td>\n<td width=\"512\">\n<p>Voltaje de entrada: 5 VDC, 1.0 A \/ 2.0 A<br \/>Voltaje de salida: 12,6 V CC, 0,25 A \/ 0,6 A<\/p>\n<\/td>\n<\/tr>\n<tr>\n<td width=\"121\">\n<p>Tiempo de carga<\/p>\n<\/td>\n<td width=\"512\">\n<p>1 a: 7 horas<br \/>2 a: 3 horas<\/p>\n<\/td>\n<\/tr>\n<tr>\n<td width=\"121\">\n<p>Dimensiones<\/p>\n<\/td>\n<td width=\"512\">\n<p>80 x 45 x 30 mm<\/p>\n<\/td>\n<\/tr>\n<tr>\n<td width=\"121\">\n<p>Peso<\/p>\n<\/td>\n<td width=\"512\">\n<p>40 gramos<\/p>\n<\/td>\n<\/tr>\n<\/tbody>\n<\/table>\n","protected":false},"excerpt":{"rendered":"<p>Cargador USB GODOX UC18 para bater\u00eda VB-18 El cargador USB UC18 para las bater\u00edas VB-18 de Godox permite cargar la<\/p>\n","protected":false},"featured_media":23439,"comment_status":"closed","ping_status":"open","template":"","meta":{"_acf_changed":false},"product_brand":[2555],"product_cat":[872],"product_tag":[],"class_list":{"0":"post-74433","1":"product","2":"type-product","3":"status-publish","4":"has-post-thumbnail","6":"product_brand-godox-es","7":"product_cat-outros-cargadores","9":"first","10":"instock","11":"taxable","12":"shipping-taxable","13":"purchasable","14":"product-type-simple"},"bundled_by":[],"bundle_stock_status":"instock","bundle_stock_quantity":1,"bundle_virtual":false,"bundle_layout":"","bundle_add_to_cart_form_location":"","bundle_editable_in_cart":false,"bundle_sold_individually_context":"","bundle_item_grouping":"","bundle_min_size":"","bundle_max_size":"","bundle_price":[],"bundled_items":[],"bundle_sell_ids":[],"acf":[],"_links":{"self":[{"href":"https:\/\/hi-techwonder.com\/es\/wp-json\/wp\/v2\/product\/74433","targetHints":{"allow":["GET"]}}],"collection":[{"href":"https:\/\/hi-techwonder.com\/es\/wp-json\/wp\/v2\/product"}],"about":[{"href":"https:\/\/hi-techwonder.com\/es\/wp-json\/wp\/v2\/types\/product"}],"replies":[{"embeddable":true,"href":"https:\/\/hi-techwonder.com\/es\/wp-json\/wp\/v2\/comments?post=74433"}],"wp:featuredmedia":[{"embeddable":true,"href":"https:\/\/hi-techwonder.com\/es\/wp-json\/wp\/v2\/media\/23439"}],"wp:attachment":[{"href":"https:\/\/hi-techwonder.com\/es\/wp-json\/wp\/v2\/media?parent=74433"}],"wp:term":[{"taxonomy":"product_brand","embeddable":true,"href":"https:\/\/hi-techwonder.com\/es\/wp-json\/wp\/v2\/product_brand?post=74433"},{"taxonomy":"product_cat","embeddable":true,"href":"https:\/\/hi-techwonder.com\/es\/wp-json\/wp\/v2\/product_cat?post=74433"},{"taxonomy":"product_tag","embeddable":true,"href":"https:\/\/hi-techwonder.com\/es\/wp-json\/wp\/v2\/product_tag?post=74433"}],"curies":[{"name":"wp","href":"https:\/\/api.w.org\/{rel}","templated":true}]}}