{"id":74463,"date":"2025-07-29T09:06:19","date_gmt":"2025-07-29T09:06:19","guid":{"rendered":"https:\/\/fv6qoy3ls0.wpdns.site\/product\/filtro-pl-cir-antiestatico-hoya-fusion-polarizador-46mm\/"},"modified":"2026-01-31T02:43:20","modified_gmt":"2026-01-31T02:43:20","slug":"hoya-filtro-pl-cir-antiestatico-hoya-fusion-polarizador-46mm","status":"publish","type":"product","link":"https:\/\/hi-techwonder.com\/es\/producto\/hoya-filtro-pl-cir-antiestatico-hoya-fusion-polarizador-46mm\/","title":{"rendered":"Filtro PL-CIR antiest\u00e1tico HOYA Fusion (polarizador) 46mm"},"content":{"rendered":"<p>Hoya ha desarrollado un recubrimiento antiest\u00e1tico, que act\u00faa como un campo de fuerza alrededor del filtro para repeler el polvo. El filtro, perfecto para entornos donde el polvo es com\u00fan, requiere menos mantenimiento y limpieza, en comparaci\u00f3n con los filtros tradicionales.   <br \/>La capa superior antiest\u00e1tica endurecida es repelente al agua, resistente a las manchas y los ara\u00f1azos. Las manchas de huellas dactilares ahora se limpian f\u00e1cilmente. <\/p>\n<p>Los filtros de polarizaci\u00f3n circular permiten lograr efectos creativos en la c\u00e1mara, a veces imposibles una vez que se ha creado la imagen. Un filtro polarizador minimizar\u00e1 los reflejos no deseados de superficies no met\u00e1licas, como el agua y el vidrio, as\u00ed como la luz que refleja la humedad y la contaminaci\u00f3n en la atm\u00f3sfera. Al girar un filtro ultrasuave, puede seleccionar la cantidad justa necesaria para lograr el efecto creativo. Esto dar\u00e1 como resultado cielos m\u00e1s azules, hojas m\u00e1s verdes, reflejos reducidos o eliminados y una mayor definici\u00f3n en su imagen final.   <\/p>\n<p>Los filtros tienen un marco de aluminio liviano, de dos piezas y muy bajo perfil para albergar el vidrio. El marco de bajo perfil elimina el vi\u00f1eteado cuando se usa en lentes ultra gran angular. <\/p>\n<p><strong>Funciones:<\/strong><\/p>\n<ul>\n<li>Descanso endurecido, que protege del desgaste diario<\/li>\n<li>Revestimiento antiest\u00e1tico, que repele el polvo y el agua<\/li>\n<li>Resistente a los ara\u00f1azos<\/li>\n<li>Resistente a las manchas  <\/li>\n<li>Rotaci\u00f3n ultra suave<\/li>\n<\/ul>\n<p><object><\/object><\/p>\n<p><object><\/object><\/p>\n","protected":false},"excerpt":{"rendered":"<p>Hoya ha desarrollado un recubrimiento antiest\u00e1tico, que act\u00faa como un campo de fuerza alrededor del filtro para repeler el polvo.<\/p>\n","protected":false},"featured_media":44981,"comment_status":"closed","ping_status":"closed","template":"","meta":{"_acf_changed":false},"product_brand":[2680],"product_cat":[1051],"product_tag":[],"class_list":{"0":"post-74463","1":"product","2":"type-product","3":"status-publish","4":"has-post-thumbnail","6":"product_brand-hoya-es","7":"product_cat-polarizadores-es","8":"pa_diametro-46mm-es","10":"first","11":"instock","12":"taxable","13":"shipping-taxable","14":"purchasable","15":"product-type-simple"},"bundled_by":[],"bundle_stock_status":"instock","bundle_stock_quantity":1,"bundle_virtual":false,"bundle_layout":"","bundle_add_to_cart_form_location":"","bundle_editable_in_cart":false,"bundle_sold_individually_context":"","bundle_item_grouping":"","bundle_min_size":"","bundle_max_size":"","bundle_price":[],"bundled_items":[],"bundle_sell_ids":[],"acf":[],"_links":{"self":[{"href":"https:\/\/hi-techwonder.com\/es\/wp-json\/wp\/v2\/product\/74463","targetHints":{"allow":["GET"]}}],"collection":[{"href":"https:\/\/hi-techwonder.com\/es\/wp-json\/wp\/v2\/product"}],"about":[{"href":"https:\/\/hi-techwonder.com\/es\/wp-json\/wp\/v2\/types\/product"}],"replies":[{"embeddable":true,"href":"https:\/\/hi-techwonder.com\/es\/wp-json\/wp\/v2\/comments?post=74463"}],"wp:featuredmedia":[{"embeddable":true,"href":"https:\/\/hi-techwonder.com\/es\/wp-json\/wp\/v2\/media\/44981"}],"wp:attachment":[{"href":"https:\/\/hi-techwonder.com\/es\/wp-json\/wp\/v2\/media?parent=74463"}],"wp:term":[{"taxonomy":"product_brand","embeddable":true,"href":"https:\/\/hi-techwonder.com\/es\/wp-json\/wp\/v2\/product_brand?post=74463"},{"taxonomy":"product_cat","embeddable":true,"href":"https:\/\/hi-techwonder.com\/es\/wp-json\/wp\/v2\/product_cat?post=74463"},{"taxonomy":"product_tag","embeddable":true,"href":"https:\/\/hi-techwonder.com\/es\/wp-json\/wp\/v2\/product_tag?post=74463"}],"curies":[{"name":"wp","href":"https:\/\/api.w.org\/{rel}","templated":true}]}}