{"id":74465,"date":"2025-07-29T09:06:27","date_gmt":"2025-07-29T09:06:27","guid":{"rendered":"https:\/\/fv6qoy3ls0.wpdns.site\/product\/filtro-hoya-fusion-antistatic-next-cir-pl-58mm\/"},"modified":"2026-01-31T02:43:07","modified_gmt":"2026-01-31T02:43:07","slug":"hoya-filtro-hoya-fusion-antistatic-next-cir-pl-58mm","status":"publish","type":"product","link":"https:\/\/hi-techwonder.com\/es\/producto\/hoya-filtro-hoya-fusion-antistatic-next-cir-pl-58mm\/","title":{"rendered":"Filtro HOYA Fusion Antistatic Next CIR-PL 58mm"},"content":{"rendered":"<p><strong>Filtro polarizador antiest\u00e1tico HOYA Fusion Next CIR-PL de 58 mm<\/strong><\/p>\n<p><strong>Contenido del paquete:<\/strong><\/p>\n<ul>\n<li>1 x Filtro polarizador antiest\u00e1tico 58mm<\/li>\n<\/ul>\n<p><strong>Funciones:<\/strong><\/p>\n<ul>\n<li>Filtro polarizador<\/li>\n<li>Revestimiento antiest\u00e1tico y repelente al polvo<\/li>\n<li>Revestimiento repelente al agua<\/li>\n<li>Rotaci\u00f3n ultra suave<\/li>\n<li>Resistente a las manchas<\/li>\n<li>Las huellas dactilares y las manchas se eliminan m\u00e1s f\u00e1cilmente<\/li>\n<li>Vidrio \u00f3ptico de calidad profesional de HOYA<\/li>\n<li>Marco de marco de aluminio ligero, de dos piezas, de perfil delgado y de perfil bajo&nbsp;<\/li>\n<li>Rosca delantera<\/li>\n<\/ul>\n<p>Filtro polarizador s\u00faper multicapa de 18 capas que repele el polvo y anula la electricidad est\u00e1tica.<\/p>\n<p>Los ingenieros de HOYA han desarrollado un nuevo recubrimiento ANTIEST\u00c1TICO que act\u00faa como un campo de fuerza alrededor del filtro para repeler el polvo. Perfecto para entornos donde el polvo es com\u00fan. Estos filtros requieren una limpieza y un mantenimiento menos frecuentes que los filtros tradicionales.  <\/p>\n<p><img decoding=\"async\" src=\"https:\/\/hoyafilter.com\/uploads\/images\/catalog\/product\/FUSION_NEXT\/fusion_next_01.jpg?1629213840496\" alt=\"\" width=\"100%\" height=\"auto\"><\/p>\n<p>La capa superior endurecida y antiest\u00e1tica es repelente al agua y resistente a las manchas, y se limpia f\u00e1cilmente cuando se introducen huellas dactilares o manchas en la superficie.<\/p>\n<p><img decoding=\"async\" src=\"https:\/\/hoyafilter.com\/uploads\/images\/catalog\/product\/FUSION_NEXT\/fusion_next_02.jpg?1629213883801\" alt=\"\" width=\"100%\" height=\"auto\"><\/p>\n<p>Los filtros de polarizaci\u00f3n circular permiten a los fot\u00f3grafos lograr efectos creativos, que no son posibles en la edici\u00f3n despu\u00e9s de que se haya creado la imagen. Un filtro polarizador simplemente filtra los reflejos no deseados de superficies no met\u00e1licas, como el agua y el vidrio, adem\u00e1s de reflejar la luz de la humedad y la contaminaci\u00f3n en la atm\u00f3sfera. Al girar el filtro ultrasuave, puede seleccionar la cantidad correcta de filtrado que necesita para lograr el efecto creativo. Da como resultado cielos m\u00e1s azules, hojas m\u00e1s verdes, reflejos reducidos o eliminados y mayor claridad en la imagen final.   <\/p>\n<p>Los nuevos filtros profesionales FUSION ANTISTATIC NEXT se fabrican en Jap\u00f3n utilizando silicatos seleccionados a mano que se fusionan y mezclan cuidadosamente para producir vidrio \u00f3ptico de alto rendimiento. HOYA aplica con extremo cuidado y precisi\u00f3n la f\u00f3rmula mejorada de 18 capas Super Multi-Coating (ambos lados) que reduce o elimina en gran medida los reflejos en la superficie del vidrio y produce tasas de transmisi\u00f3n de luz muy altas. Significa que el filtro pr\u00e1cticamente no tiene ning\u00fan efecto sobre el balance de color, el contraste o la claridad de la imagen final, aparte de sus efectos de polarizaci\u00f3n.  <\/p>\n<p>Los filtros cuentan con un marco de aluminio liviano, de dos piezas, de perfil delgado y bajo perfil para albergar el vidrio. Este perfil delgado elimina el vi\u00f1eteado cuando se usa en lentes gran angular. <\/p>\n<p><strong>Caracter\u00edsticas t\u00e9cnicas:<\/strong><\/p>\n<table border=\"0\" width=\"610\" cellspacing=\"0\" cellpadding=\"2\">\n<colgroup>\n<col width=\"243\">\n<col width=\"359\"><\/colgroup>\n<tbody>\n<tr>\n<td width=\"243\"><span style=\"color: #666666\">Modelo<\/span><\/td>\n<td width=\"359\"><span style=\"color: #666666\">HOYA Fusion Antiest\u00e1tico Next CIR-PL<\/span><\/td>\n<\/tr>\n<tr>\n<td width=\"243\"><span style=\"color: #666666\">Serie<\/span><\/td>\n<td width=\"359\"><span style=\"color: #666666\">Fusion Antistatic Siguiente<\/span><\/td>\n<\/tr>\n<tr>\n<td width=\"243\"><span style=\"color: #666666\">Tipo<\/span><\/td>\n<p> de filtro<\/p>\n<td width=\"359\"><span style=\"color: #666666\">Polarizador<\/span><\/td>\n<\/tr>\n<tr>\n<td width=\"243\"><span style=\"color: #666666\">Tama\u00f1o<\/span><\/td>\n<td width=\"359\"><span style=\"color: #666666\">58 mil\u00edmetros<\/span><\/td>\n<\/tr>\n<tr>\nRevestimiento <\/p>\n<td width=\"243\"><span style=\"color: #666666\">repelente al agua<\/span><\/td>\n<td width=\"359\"><span style=\"color: #666666\">S\u00ed<\/span><\/td>\n<\/tr>\n<tr>\n<td width=\"243\"><span style=\"color: #666666\">Recubrimiento antiest\u00e1tico<\/span><\/td>\n<td width=\"359\"><span style=\"color: #666666\">S\u00ed<\/span><\/td>\n<\/tr>\n<tr>\n<td width=\"243\"><span style=\"color: #666666\">N\u00famero ND (factor de filtro)<\/span><\/td>\n<td width=\"359\"><span style=\"color: #666666\">3<\/span><\/td>\n<\/tr>\n<tr>\n<td width=\"243\"><span style=\"color: #666666\">F-Stops<\/span><\/td>\n<td width=\"359\"><span style=\"color: #666666\">1.3<\/span><\/td>\n<\/tr>\n<tr>\nMaterial <\/p>\n<td width=\"243\"><span style=\"color: #666666\">de la estructura<\/span><\/td>\n<td width=\"359\"><span style=\"color: #666666\">Aluminio<\/span><\/td>\n<\/tr>\n<\/tbody>\n<\/table>\n<p><iframe loading=\"lazy\" src=\"https:\/\/www.youtube.com\/embed\/FCq7h78hvjE\" width=\"560\" height=\"314\" allowfullscreen=\"allowfullscreen\"><\/iframe><\/p>\n<p><iframe loading=\"lazy\" src=\"https:\/\/www.youtube.com\/embed\/FbIlgPMeWuU\" width=\"560\" height=\"314\" allowfullscreen=\"allowfullscreen\"><\/iframe><\/p>\n","protected":false},"excerpt":{"rendered":"<p>Filtro polarizador antiest\u00e1tico HOYA Fusion Next CIR-PL de 58 mm Contenido del paquete: 1 x Filtro polarizador antiest\u00e1tico 58mm Funciones:<\/p>\n","protected":false},"featured_media":44995,"comment_status":"closed","ping_status":"closed","template":"","meta":{"_acf_changed":false},"product_brand":[2680],"product_cat":[1051],"product_tag":[],"class_list":{"0":"post-74465","1":"product","2":"type-product","3":"status-publish","4":"has-post-thumbnail","6":"product_brand-hoya-es","7":"product_cat-polarizadores-es","8":"pa_diametro-58mm-es","10":"first","11":"instock","12":"taxable","13":"shipping-taxable","14":"purchasable","15":"product-type-simple"},"bundled_by":[],"bundle_stock_status":"instock","bundle_stock_quantity":1,"bundle_virtual":false,"bundle_layout":"","bundle_add_to_cart_form_location":"","bundle_editable_in_cart":false,"bundle_sold_individually_context":"","bundle_item_grouping":"","bundle_min_size":"","bundle_max_size":"","bundle_price":[],"bundled_items":[],"bundle_sell_ids":[],"acf":[],"_links":{"self":[{"href":"https:\/\/hi-techwonder.com\/es\/wp-json\/wp\/v2\/product\/74465","targetHints":{"allow":["GET"]}}],"collection":[{"href":"https:\/\/hi-techwonder.com\/es\/wp-json\/wp\/v2\/product"}],"about":[{"href":"https:\/\/hi-techwonder.com\/es\/wp-json\/wp\/v2\/types\/product"}],"replies":[{"embeddable":true,"href":"https:\/\/hi-techwonder.com\/es\/wp-json\/wp\/v2\/comments?post=74465"}],"wp:featuredmedia":[{"embeddable":true,"href":"https:\/\/hi-techwonder.com\/es\/wp-json\/wp\/v2\/media\/44995"}],"wp:attachment":[{"href":"https:\/\/hi-techwonder.com\/es\/wp-json\/wp\/v2\/media?parent=74465"}],"wp:term":[{"taxonomy":"product_brand","embeddable":true,"href":"https:\/\/hi-techwonder.com\/es\/wp-json\/wp\/v2\/product_brand?post=74465"},{"taxonomy":"product_cat","embeddable":true,"href":"https:\/\/hi-techwonder.com\/es\/wp-json\/wp\/v2\/product_cat?post=74465"},{"taxonomy":"product_tag","embeddable":true,"href":"https:\/\/hi-techwonder.com\/es\/wp-json\/wp\/v2\/product_tag?post=74465"}],"curies":[{"name":"wp","href":"https:\/\/api.w.org\/{rel}","templated":true}]}}