{"id":74476,"date":"2025-07-29T09:06:36","date_gmt":"2025-07-29T09:06:36","guid":{"rendered":"https:\/\/fv6qoy3ls0.wpdns.site\/product\/filtro-hoya-fusion-one-next-cir-pl-polarizador-46mm\/"},"modified":"2026-01-31T02:43:01","modified_gmt":"2026-01-31T02:43:01","slug":"hoya-filtro-hoya-fusion-one-next-cir-pl-polarizador-46mm","status":"publish","type":"product","link":"https:\/\/hi-techwonder.com\/es\/producto\/hoya-filtro-hoya-fusion-one-next-cir-pl-polarizador-46mm\/","title":{"rendered":"Filtro HOYA Fusion One Next CIR-PL (Polarizador) 46mm"},"content":{"rendered":"<p><strong>Filtro HOYA Fusion One Next CIR-PL 46mm<\/strong><\/p>\n<p><strong>Contenido del paquete:<\/strong><\/p>\n<ul>\n<li>1 x Filtro CIR-PL (Polarizador) 46mm<\/li>\n<\/ul>\n<p><strong>Funciones:<\/strong><\/p>\n<ul>\n<li>18 capas recubiertas&nbsp;<\/li>\n<li>Polarizador<\/li>\n<li>Rotaci\u00f3n ultra suave&nbsp;<\/li>\n<li>Resistente a las manchas: protege contra huellas dactilares y manchas<\/li>\n<li>Repelente al agua: f\u00e1cil de mantener limpio el filtro<\/li>\n<li>Vidrio \u00f3ptico de calidad profesional de HOYA<\/li>\n<li>Cuadro de aluminio delgado exclusivo de HOYA con rosca de filtro frontal<\/li>\n<\/ul>\n<p><strong>Acerca de la serie<\/strong><\/p>\n<p>HOYA FUSION ONE NEXT es una serie renovada de filtros FUSION ONE basados en la nueva tecnolog\u00eda \u00f3ptica HOYA. Est\u00e1 destinado a reemplazar la serie HOYA PRO1D de larga data, que ha sido ampliamente utilizada por fot\u00f3grafos aficionados y profesionales de todo el mundo. La palabra \u00abONE\u00bb en el nombre de esta serie queda como legado de HOYA PRO1D, en recuerdo de su contribuci\u00f3n a la creatividad de los fot\u00f3grafos, creyendo que esta nueva serie le servir\u00e1 durante muchas d\u00e9cadas.  <\/p>\n<p><strong>Descripci\u00f3n general del producto<\/strong><\/p>\n<p>HOYA FUSION ONE NEXT se ha unido a la l\u00ednea de filtros HOYA fusionando todas las especificaciones b\u00e1sicas altamente valoradas, como el recubrimiento multicapa, la transmisi\u00f3n de luz ultra alta, el vidrio \u00f3ptico de alta calidad y el bisel delgado de bajo perfil, al tiempo que incorpora recientemente un recubrimiento resistente a las manchas y repelente al agua para cumplir con los nuevos est\u00e1ndares de la industria de accesorios \u00f3pticos fotogr\u00e1ficos. Recomendado para fot\u00f3grafos aficionados y profesionales. <\/p>\n<p><strong>Aumentar la saturaci\u00f3n<\/strong><\/p>\n<p>Uno de los efectos del filtro FUSION ONE NEXT CIR-PL es la capacidad de aumentar el contraste de color. Al filtrar las ondas de luz verticales en el aire, los colores de las fotos aparecer\u00e1n m\u00e1s definidos a trav\u00e9s de tonos de color m\u00e1s profundos y naturales, como el azul del cielo y el verde del follaje. <\/p>\n<p><strong>Fotograf\u00eda sin filtro:<\/strong><\/p>\n<p><img decoding=\"async\" src=\"https:\/\/hoyafilter.com\/uploads\/images\/catalog\/product\/FUSION_NEXT\/one_1_wo.jpg?1633531131020\" alt=\"\" width=\"100%\" height=\"Auto\"><\/p>\n<p><strong>  <\/strong><strong>Fotograf\u00eda con <\/strong><strong>filtro Fusion One Next CIR-PL<\/strong><strong>:<\/strong><\/p>\n<p><img decoding=\"async\" src=\"https:\/\/hoyafilter.com\/uploads\/images\/catalog\/product\/FUSION_NEXT\/one_1_w.jpg?1633531139563\" alt=\"\" width=\"100%\" height=\"auto\"><\/p>\n<p><strong>Controla los reflejos<\/strong><\/p>\n<p>La capacidad del filtro FUSION ONE NEXT CIR-PL no se limita a mejorar el contraste de color. Tambi\u00e9n le permite controlar e incluso eliminar por completo los reflejos en varios tipos de superficies, como vidrio, agua o pl\u00e1stico, como se puede ver en la foto de abajo. <\/p>\n<p><strong>Fotograf\u00eda <\/strong><strong>sin filtro:<\/strong><\/p>\n<p><img decoding=\"async\" src=\"https:\/\/hoyafilter.com\/uploads\/images\/catalog\/product\/FUSION_NEXT\/one_2_wo.jpg?1633531135646\" alt=\"\" width=\"100%\" height=\"auto\"><\/p>\n<p><strong>Fotograf\u00eda <\/strong><strong>con filtro Fusion One Next CIR-PL:<\/strong><\/p>\n<p><img decoding=\"async\" src=\"https:\/\/hoyafilter.com\/uploads\/images\/catalog\/product\/FUSION_NEXT\/one_2_w.jpg?1633531143815\" alt=\"\" width=\"100%\" height=\"auto\"><\/p>\n","protected":false},"excerpt":{"rendered":"<p>Filtro HOYA Fusion One Next CIR-PL 46mm Contenido del paquete: 1 x Filtro CIR-PL (Polarizador) 46mm Funciones: 18 capas recubiertas&nbsp;<\/p>\n","protected":false},"featured_media":45010,"comment_status":"closed","ping_status":"closed","template":"","meta":{"_acf_changed":false},"product_brand":[2680],"product_cat":[1051],"product_tag":[],"class_list":{"0":"post-74476","1":"product","2":"type-product","3":"status-publish","4":"has-post-thumbnail","6":"product_brand-hoya-es","7":"product_cat-polarizadores-es","8":"pa_diametro-46mm-es","10":"first","11":"instock","12":"taxable","13":"shipping-taxable","14":"purchasable","15":"product-type-simple"},"bundled_by":[],"bundle_stock_status":"instock","bundle_stock_quantity":1,"bundle_virtual":false,"bundle_layout":"","bundle_add_to_cart_form_location":"","bundle_editable_in_cart":false,"bundle_sold_individually_context":"","bundle_item_grouping":"","bundle_min_size":"","bundle_max_size":"","bundle_price":[],"bundled_items":[],"bundle_sell_ids":[],"acf":[],"_links":{"self":[{"href":"https:\/\/hi-techwonder.com\/es\/wp-json\/wp\/v2\/product\/74476","targetHints":{"allow":["GET"]}}],"collection":[{"href":"https:\/\/hi-techwonder.com\/es\/wp-json\/wp\/v2\/product"}],"about":[{"href":"https:\/\/hi-techwonder.com\/es\/wp-json\/wp\/v2\/types\/product"}],"replies":[{"embeddable":true,"href":"https:\/\/hi-techwonder.com\/es\/wp-json\/wp\/v2\/comments?post=74476"}],"wp:featuredmedia":[{"embeddable":true,"href":"https:\/\/hi-techwonder.com\/es\/wp-json\/wp\/v2\/media\/45010"}],"wp:attachment":[{"href":"https:\/\/hi-techwonder.com\/es\/wp-json\/wp\/v2\/media?parent=74476"}],"wp:term":[{"taxonomy":"product_brand","embeddable":true,"href":"https:\/\/hi-techwonder.com\/es\/wp-json\/wp\/v2\/product_brand?post=74476"},{"taxonomy":"product_cat","embeddable":true,"href":"https:\/\/hi-techwonder.com\/es\/wp-json\/wp\/v2\/product_cat?post=74476"},{"taxonomy":"product_tag","embeddable":true,"href":"https:\/\/hi-techwonder.com\/es\/wp-json\/wp\/v2\/product_tag?post=74476"}],"curies":[{"name":"wp","href":"https:\/\/api.w.org\/{rel}","templated":true}]}}