{"id":74479,"date":"2025-07-29T09:03:36","date_gmt":"2025-07-29T09:03:36","guid":{"rendered":"https:\/\/fv6qoy3ls0.wpdns.site\/product\/filtro-protector-hoya-fusion-one-next-37mm\/"},"modified":"2026-04-07T11:45:22","modified_gmt":"2026-04-07T10:45:22","slug":"hoya-filtro-protector-hoya-fusion-one-next-37mm","status":"publish","type":"product","link":"https:\/\/hi-techwonder.com\/es\/producto\/hoya-filtro-protector-hoya-fusion-one-next-37mm\/","title":{"rendered":"Filtro protector HOYA Fusion One Next 37mm"},"content":{"rendered":"<p><strong>Filtro protector HOYA Fusion One Next 37mm<\/strong><\/p>\n<p><strong>Contenido del paquete:<\/strong><\/p>\n<ul>\n<li>1 x Protector de filtro 37mm<\/li>\n<\/ul>\n<p><strong>Funciones:<\/strong><\/p>\n<ul>\n<li>18 capas recubiertas proporcionan una transmisi\u00f3n de luz ultra alta<\/li>\n<li>Resistente a las manchas: protege contra huellas dactilares y manchas<\/li>\n<li>Repelente al agua: f\u00e1cil de mantener limpio el filtro<\/li>\n<li>Para una protecci\u00f3n permanente de las lentes<\/li>\n<li>Vidrio \u00f3ptico de calidad profesional de HOYA<\/li>\n<li>Cuadro de aluminio delgado exclusivo de HOYA con rosca de filtro frontal<\/li>\n<\/ul>\n<p><strong>Acerca de la serie<\/strong><\/p>\n<p>HOYA FUSION ONE NEXT es una serie renovada de filtros FUSION ONE basados en la nueva tecnolog\u00eda \u00f3ptica HOYA. Est\u00e1 destinado a reemplazar la serie HOYA PRO1D de larga data, que ha sido ampliamente utilizada por fot\u00f3grafos aficionados y profesionales de todo el mundo. La palabra \u00abONE\u00bb en el nombre de esta serie queda como legado de HOYA PRO1D, en recuerdo de su contribuci\u00f3n a la creatividad de los fot\u00f3grafos, creyendo que esta nueva serie le servir\u00e1 durante muchas d\u00e9cadas.  <\/p>\n<p><strong>Descripci\u00f3n general del producto<\/strong><\/p>\n<p>HOYA FUSION ONE NEXT se ha unido a la l\u00ednea de filtros HOYA fusionando todas las especificaciones b\u00e1sicas altamente valoradas, como el recubrimiento multicapa, la transmisi\u00f3n de luz ultra alta, el vidrio \u00f3ptico de alta calidad y el bisel delgado de bajo perfil, al tiempo que incorpora recientemente un recubrimiento resistente a las manchas y repelente al agua para cumplir con los nuevos est\u00e1ndares de la industria de accesorios \u00f3pticos fotogr\u00e1ficos. Recomendado para fot\u00f3grafos aficionados y profesionales. <\/p>\n","protected":false},"excerpt":{"rendered":"<p>Filtro protector HOYA Fusion One Next 37mm Contenido del paquete: 1 x Protector de filtro 37mm Funciones: 18 capas recubiertas<\/p>\n","protected":false},"featured_media":44663,"comment_status":"closed","ping_status":"closed","template":"","meta":{"_acf_changed":false},"product_brand":[2680],"product_cat":[1052],"product_tag":[],"class_list":{"0":"post-74479","1":"product","2":"type-product","3":"status-publish","4":"has-post-thumbnail","6":"product_brand-hoya-es","7":"product_cat-proteccion-uv","8":"pa_diametro-37mm-es","10":"first","11":"instock","12":"taxable","13":"shipping-taxable","14":"purchasable","15":"product-type-simple"},"bundled_by":[],"bundle_stock_status":"instock","bundle_stock_quantity":1,"bundle_virtual":false,"bundle_layout":"","bundle_add_to_cart_form_location":"","bundle_editable_in_cart":false,"bundle_sold_individually_context":"","bundle_item_grouping":"","bundle_min_size":"","bundle_max_size":"","bundle_price":[],"bundled_items":[],"bundle_sell_ids":[],"acf":[],"_links":{"self":[{"href":"https:\/\/hi-techwonder.com\/es\/wp-json\/wp\/v2\/product\/74479","targetHints":{"allow":["GET"]}}],"collection":[{"href":"https:\/\/hi-techwonder.com\/es\/wp-json\/wp\/v2\/product"}],"about":[{"href":"https:\/\/hi-techwonder.com\/es\/wp-json\/wp\/v2\/types\/product"}],"replies":[{"embeddable":true,"href":"https:\/\/hi-techwonder.com\/es\/wp-json\/wp\/v2\/comments?post=74479"}],"wp:featuredmedia":[{"embeddable":true,"href":"https:\/\/hi-techwonder.com\/es\/wp-json\/wp\/v2\/media\/44663"}],"wp:attachment":[{"href":"https:\/\/hi-techwonder.com\/es\/wp-json\/wp\/v2\/media?parent=74479"}],"wp:term":[{"taxonomy":"product_brand","embeddable":true,"href":"https:\/\/hi-techwonder.com\/es\/wp-json\/wp\/v2\/product_brand?post=74479"},{"taxonomy":"product_cat","embeddable":true,"href":"https:\/\/hi-techwonder.com\/es\/wp-json\/wp\/v2\/product_cat?post=74479"},{"taxonomy":"product_tag","embeddable":true,"href":"https:\/\/hi-techwonder.com\/es\/wp-json\/wp\/v2\/product_tag?post=74479"}],"curies":[{"name":"wp","href":"https:\/\/api.w.org\/{rel}","templated":true}]}}