{"id":74507,"date":"2025-07-29T09:09:10","date_gmt":"2025-07-29T09:09:10","guid":{"rendered":"https:\/\/fv6qoy3ls0.wpdns.site\/product\/filtro-nd-variable-hoya-ii-nd3-400-15-9-pasos-62-mm\/"},"modified":"2026-01-31T02:41:00","modified_gmt":"2026-01-31T02:41:00","slug":"hoya-filtro-nd-variable-hoya-ii-nd3-400-15-9-pasos-62-mm","status":"publish","type":"product","link":"https:\/\/hi-techwonder.com\/es\/producto\/hoya-filtro-nd-variable-hoya-ii-nd3-400-15-9-pasos-62-mm\/","title":{"rendered":"Filtro ND variable HOYA II ND3-400 (1,5-9 pasos) 62 mm"},"content":{"rendered":"<p><strong>Filtro ND variable HOYA II ND3-400 (1,5-9 pasos) 62 mm<\/strong><\/p>\n<p><strong>Contenido del paquete:<\/strong><\/p>\n<ul>\n<li>1 x Filtro de densidad neutra variable de 62 mm<\/li>\n<\/ul>\n<p><strong>Funciones:<\/strong><\/p>\n<ul>\n<li>Filtro de densidad neutra variable&nbsp;<\/li>\n<li>Estructura fina para vi\u00f1etas minimizadas<\/li>\n<li>Rango ND de ND3 a ND400<\/li>\n<li>Pasador met\u00e1lico dedicado para una rotaci\u00f3n precisa<\/li>\n<li>Desenfoque de movimiento de veh\u00edculos en movimiento \/ convoy<\/li>\n<li>Efectos de movimiento suave en cascadas<\/li>\n<li>Marcadores de gu\u00eda de densidad<\/li>\n<li>Admite tapa de lente de 67 mm<\/li>\n<\/ul>\n<p><strong>HOYA Densidad Variable II&nbsp;<\/strong><\/p>\n<p>Un filtro de densidad ajustable con un rango ND de 1,5 a 9 f-stops (ND3-400).<\/p>\n<p>En esta versi\u00f3n actualizada, Hoya ha mejorado la estructura met\u00e1lica del filtro, haci\u00e9ndolo m\u00e1s delgado, minimizando el efecto de vi\u00f1eteado al que est\u00e1s sometido al disparar con objetivos gran angular.<\/p>\n<p>El filtro cuenta con un pasador met\u00e1lico dedicado para una rotaci\u00f3n precisa entre un rango de densidad neutra ajustable de ND3 a ND400 (1.5-9 paradas).<\/p>\n<p>El filtro permite colocar una tapa de lente de 67 mm.<\/p>\n<p><strong>Caracter\u00edsticas t\u00e9cnicas:<\/strong><\/p>\n<table border=\"0\" width=\"610\" cellspacing=\"0\" cellpadding=\"2\">\n<colgroup>\n<col width=\"243\">\n<col width=\"359\"><\/colgroup>\n<tbody>\n<tr>\n<td width=\"243\"><span style=\"color: #666666\">Modelo<\/span><\/td>\n<td width=\"359\"><span style=\"color: #666666\">HOYA Densidad Variable II<\/span><\/td>\n<\/tr>\n<tr>\n<td width=\"243\"><span style=\"color: #666666\">Tipo<\/span><\/td>\n<p> de filtro<\/p>\n<td width=\"359\"><span style=\"color: #666666\">ND<\/span><\/td>\n<\/tr>\n<tr>\n<td width=\"243\"><span style=\"color: #666666\">Tama\u00f1o<\/span><\/td>\n<td width=\"359\"><span style=\"color: #666666\">62 mil\u00edmetros<\/span><\/td>\n<\/tr>\n<tr>\n<td width=\"243\"><span style=\"color: #666666\">N\u00famero ND (factor de filtro)<\/span><\/td>\n<td width=\"359\"><span style=\"color: #666666\">3 &#8211; 400<\/span> a\u00f1os<\/td>\n<\/tr>\n<tr>\n<td width=\"243\"><span style=\"color: #666666\">F-stops<\/span><\/td>\n<td width=\"359\"><span style=\"color: #666666\">1.5 &#8211; 9<\/span> meses<\/td>\n<\/tr>\n<tr>\nMaterial <\/p>\n<td width=\"243\"><span style=\"color: #666666\">de la estructura<\/span><\/td>\n<td width=\"359\"><span style=\"color: #666666\">Aluminio<\/span><\/td>\n<\/tr>\n<\/tbody>\n<\/table>\n","protected":false},"excerpt":{"rendered":"<p>Filtro ND variable HOYA II ND3-400 (1,5-9 pasos) 62 mm Contenido del paquete: 1 x Filtro de densidad neutra variable<\/p>\n","protected":false},"featured_media":45385,"comment_status":"closed","ping_status":"closed","template":"","meta":{"_acf_changed":false},"product_brand":[2680],"product_cat":[1047],"product_tag":[],"class_list":{"0":"post-74507","1":"product","2":"type-product","3":"status-publish","4":"has-post-thumbnail","6":"product_brand-hoya-es","7":"product_cat-densidad-neutra-nd","8":"pa_diametro-62mm-es","10":"first","11":"instock","12":"taxable","13":"shipping-taxable","14":"purchasable","15":"product-type-simple"},"bundled_by":[],"bundle_stock_status":"instock","bundle_stock_quantity":1,"bundle_virtual":false,"bundle_layout":"","bundle_add_to_cart_form_location":"","bundle_editable_in_cart":false,"bundle_sold_individually_context":"","bundle_item_grouping":"","bundle_min_size":"","bundle_max_size":"","bundle_price":[],"bundled_items":[],"bundle_sell_ids":[],"acf":[],"_links":{"self":[{"href":"https:\/\/hi-techwonder.com\/es\/wp-json\/wp\/v2\/product\/74507","targetHints":{"allow":["GET"]}}],"collection":[{"href":"https:\/\/hi-techwonder.com\/es\/wp-json\/wp\/v2\/product"}],"about":[{"href":"https:\/\/hi-techwonder.com\/es\/wp-json\/wp\/v2\/types\/product"}],"replies":[{"embeddable":true,"href":"https:\/\/hi-techwonder.com\/es\/wp-json\/wp\/v2\/comments?post=74507"}],"wp:featuredmedia":[{"embeddable":true,"href":"https:\/\/hi-techwonder.com\/es\/wp-json\/wp\/v2\/media\/45385"}],"wp:attachment":[{"href":"https:\/\/hi-techwonder.com\/es\/wp-json\/wp\/v2\/media?parent=74507"}],"wp:term":[{"taxonomy":"product_brand","embeddable":true,"href":"https:\/\/hi-techwonder.com\/es\/wp-json\/wp\/v2\/product_brand?post=74507"},{"taxonomy":"product_cat","embeddable":true,"href":"https:\/\/hi-techwonder.com\/es\/wp-json\/wp\/v2\/product_cat?post=74507"},{"taxonomy":"product_tag","embeddable":true,"href":"https:\/\/hi-techwonder.com\/es\/wp-json\/wp\/v2\/product_tag?post=74507"}],"curies":[{"name":"wp","href":"https:\/\/api.w.org\/{rel}","templated":true}]}}