{"id":74509,"date":"2025-07-29T09:08:40","date_gmt":"2025-07-29T09:08:40","guid":{"rendered":"https:\/\/fv6qoy3ls0.wpdns.site\/product\/filtro-hoya-pro-nd16-4-pasos-72mm\/"},"modified":"2026-01-31T02:41:05","modified_gmt":"2026-01-31T02:41:05","slug":"hoya-filtro-hoya-pro-nd16-4-pasos-72mm","status":"publish","type":"product","link":"https:\/\/hi-techwonder.com\/es\/producto\/hoya-filtro-hoya-pro-nd16-4-pasos-72mm\/","title":{"rendered":"Filtro HOYA PRO ND16 (4 pasos) 72mm"},"content":{"rendered":"<p>El filtro <strong>Hoya ProND16<\/strong> es un filtro s\u00f3lido de densidad neutra que permite un aumento de la exposici\u00f3n de 4 pasos. Esta densidad de 1.2 crea un oscurecimiento de toda la imagen, lo que le permite disparar con una apertura m\u00e1s grande o una velocidad de obturaci\u00f3n m\u00e1s lenta de lo que normalmente se requiere. Al disminuir el tiempo de exposici\u00f3n o aumentar la apertura, puede controlar la profundidad de campo y transmitir movimiento m\u00e1s f\u00e1cilmente.  <\/p>\n<p>  Este filtro emplea el recubrimiento met\u00e1lico ACCU-ND de Hoya en ambos lados del sustrato para crear el efecto de densidad neutra y garantizar la neutralidad del color entre los grados de filtro. Est\u00e1 construido con vidrio \u00f3ptico transparente de alta calidad para una claridad de imagen notable y est\u00e1 encerrado dentro de un anillo de filtro de aluminio duradero de una sola pieza. <\/p>\n<ul>\n<ul>\n<li>  El filtro ND de 1.2 oscurece la imagen, lo que le permite disparar con una velocidad de obturaci\u00f3n m\u00e1s larga o una apertura m\u00e1s amplia de lo que normalmente se requiere.<\/li>\n<li>  Proporcionando una reducci\u00f3n de 4 pasos, este filtro le permite controlar la profundidad de campo y transmitir el movimiento m\u00e1s f\u00e1cilmente.<\/li>\n<li>  El recubrimiento met\u00e1lico ACCU-ND garantiza la precisi\u00f3n y consistencia del color entre los diferentes grados de filtro ProND.<\/li>\n<li>  El anillo de aluminio de una pieza agrega durabilidad y rigidez para un uso seguro y ayuda a prevenir la obstrucci\u00f3n del filtro.<\/li>\n<li>  Construido con vidrio \u00f3ptico transparente para mantener la claridad de la imagen.<\/li>\n<\/ul>\n<\/ul>\n<div><\/div>\n<div><\/div>\n<div>\n<h2>  Especificaciones de Hoya ProND16<\/h2>\n<table style=\"width: 326px\" border=\"0\" cellspacing=\"0\" cellpadding=\"2\">\n<colgroup>\n<col width=\"226\"><\/colgroup>\n<colgroup>\n<col width=\"92\"><\/colgroup>\n<tbody>\n<tr>\n<td width=\"226\">\n<p>  Tipo de filtro<\/p>\n<\/td>\n<td width=\"92\">\n<p>  ND s\u00f3lido<\/p>\n<\/td>\n<\/tr>\n<tr>\n<td width=\"226\">\n<p>  Densidad<\/p>\n<\/td>\n<td width=\"92\">\n<p>  1.2 (4 pasos)<\/p>\n<\/td>\n<\/tr>\n<tr>\n<td width=\"226\">\n<p>  Forma<\/p>\n<\/td>\n<td width=\"92\">\n<p>  Circunferencia<\/p>\n<\/td>\n<\/tr>\n<tr>\n<td width=\"226\">\n<p>  Tama\u00f1o circular<\/p>\n<\/td>\n<td width=\"92\">\n<p>  72 mil\u00edmetros<\/p>\n<\/td>\n<\/tr>\n<tr>\n<td width=\"226\">\n<p>  Material filtrante<\/p>\n<\/td>\n<td width=\"92\">\n<p>  Vidrio<\/p>\n<\/td>\n<\/tr>\n<tr>\n<td width=\"226\">\n<p>  Material del marco<\/p>\n<\/td>\n<td width=\"92\">\n<p>  Aluminio<\/p>\n<\/td>\n<\/tr>\n<\/tbody>\n<\/table><\/div>\n","protected":false},"excerpt":{"rendered":"<p>El filtro Hoya ProND16 es un filtro s\u00f3lido de densidad neutra que permite un aumento de la exposici\u00f3n de 4<\/p>\n","protected":false},"featured_media":45359,"comment_status":"closed","ping_status":"closed","template":"","meta":{"_acf_changed":false},"product_brand":[2680],"product_cat":[1047],"product_tag":[],"class_list":{"0":"post-74509","1":"product","2":"type-product","3":"status-publish","4":"has-post-thumbnail","6":"product_brand-hoya-es","7":"product_cat-densidad-neutra-nd","8":"pa_diametro-72mm-es","10":"first","11":"instock","12":"taxable","13":"shipping-taxable","14":"purchasable","15":"product-type-simple"},"bundled_by":[],"bundle_stock_status":"instock","bundle_stock_quantity":1,"bundle_virtual":false,"bundle_layout":"","bundle_add_to_cart_form_location":"","bundle_editable_in_cart":false,"bundle_sold_individually_context":"","bundle_item_grouping":"","bundle_min_size":"","bundle_max_size":"","bundle_price":[],"bundled_items":[],"bundle_sell_ids":[],"acf":[],"_links":{"self":[{"href":"https:\/\/hi-techwonder.com\/es\/wp-json\/wp\/v2\/product\/74509","targetHints":{"allow":["GET"]}}],"collection":[{"href":"https:\/\/hi-techwonder.com\/es\/wp-json\/wp\/v2\/product"}],"about":[{"href":"https:\/\/hi-techwonder.com\/es\/wp-json\/wp\/v2\/types\/product"}],"replies":[{"embeddable":true,"href":"https:\/\/hi-techwonder.com\/es\/wp-json\/wp\/v2\/comments?post=74509"}],"wp:featuredmedia":[{"embeddable":true,"href":"https:\/\/hi-techwonder.com\/es\/wp-json\/wp\/v2\/media\/45359"}],"wp:attachment":[{"href":"https:\/\/hi-techwonder.com\/es\/wp-json\/wp\/v2\/media?parent=74509"}],"wp:term":[{"taxonomy":"product_brand","embeddable":true,"href":"https:\/\/hi-techwonder.com\/es\/wp-json\/wp\/v2\/product_brand?post=74509"},{"taxonomy":"product_cat","embeddable":true,"href":"https:\/\/hi-techwonder.com\/es\/wp-json\/wp\/v2\/product_cat?post=74509"},{"taxonomy":"product_tag","embeddable":true,"href":"https:\/\/hi-techwonder.com\/es\/wp-json\/wp\/v2\/product_tag?post=74509"}],"curies":[{"name":"wp","href":"https:\/\/api.w.org\/{rel}","templated":true}]}}