{"id":74519,"date":"2025-07-29T09:08:37","date_gmt":"2025-07-29T09:08:37","guid":{"rendered":"https:\/\/fv6qoy3ls0.wpdns.site\/product\/filtro-hoya-pro-nd4-2-pasos-72mm\/"},"modified":"2026-01-31T02:41:07","modified_gmt":"2026-01-31T02:41:07","slug":"hoya-filtro-hoya-pro-nd4-2-pasos-72mm","status":"publish","type":"product","link":"https:\/\/hi-techwonder.com\/es\/producto\/hoya-filtro-hoya-pro-nd4-2-pasos-72mm\/","title":{"rendered":"Filtro HOYA PRO ND4 (2 Pasos) 72mm"},"content":{"rendered":"<p style=\"color: #4b4b4b;font-family: 'Open Sans', sans-serif;font-size: 14.4px;font-style: normal;font-weight: normal;letter-spacing: normal;text-align: justify;text-indent: 0px;text-transform: none;white-space: normal\"> <span style=\"font-size: small\"><span style=\"text-decoration: underline\"><strong>Recursos:<\/strong><\/span><\/span> <\/p>\n<div style=\"color: #4b4b4b;font-family: 'Open Sans', sans-serif;font-size: 14.4px;font-style: normal;font-weight: normal;letter-spacing: normal;text-align: justify;text-indent: 0px;text-transform: none;white-space: normal\">\n<ul>\n<li> <span style=\"font-size: small\">El filtro ND 0.6 oscurece la imagen, lo que le permite disparar con una velocidad de obturaci\u00f3n m\u00e1s larga o una apertura m\u00e1s amplia de lo que normalmente necesita.<\/span><\/li>\n<li> <span style=\"font-size: small\">Al proporcionar una reducci\u00f3n de 2 pasos, este filtro le permite controlar la profundidad de campo y transmitir el movimiento m\u00e1s f\u00e1cilmente.<\/span><\/li>\n<li> <span style=\"font-size: small\">El recubrimiento met\u00e1lico ACCU-ND garantiza la precisi\u00f3n y consistencia del color entre los diferentes grados de filtro ProND.<\/span><\/li>\n<li> <span style=\"font-size: small\">El anillo de aluminio de una pieza agrega durabilidad y rigidez para un uso seguro y ayuda a prevenir la obstrucci\u00f3n del filtro.<\/span><\/li>\n<li style=\"text-align: justify\"> <span style=\"font-size: small\">Construido con vidrio \u00f3ptico transparente para mantener la claridad de la imagen.<\/span><\/li>\n<\/ul>\n<p> <span style=\"font-size: small\">&nbsp;<\/span><\/p>\n<p> <span style=\"font-size: small\"><strong><span style=\"text-decoration: underline\">Caracter\u00edsticas t\u00e9cnicas:<\/strong><\/span><\/span> <\/p>\n<table style=\"width: 890px\" border=\"1\">\n<tbody>\n<tr>\n<td> <span style=\"font-size: small\">Tipo<\/span><\/td>\n<td><span style=\"font-size: small\">: Densidad neutra s\u00f3lida<\/span><\/td>\n<\/tr>\n<tr>\n<td> <span style=\"font-size: small\">Tama\u00f1o<\/span><\/td>\n<td> <span style=\"font-size: small\">72 mm<\/span><\/td>\n<\/tr>\n<tr>\n<td> <span style=\"font-size: small\">Densidad<\/span><\/td>\n<td> <span style=\"font-size: small\">0,6 (ND4) [2 pasos]<\/span><\/td>\n<\/tr>\n<tr>\n<td> <span style=\"font-size: small\">Efecto<\/span><\/td>\n<td> <span style=\"font-size: small\">Permite una mayor exposici\u00f3n<\/span><\/td>\n<\/tr>\n<tr>\n<td> <span style=\"font-size: small\">Construcci\u00f3n<\/span><\/td>\n<td> <span style=\"font-size: small\">Vidrio \u00f3ptico transparente y anillo de aluminio<\/span><\/td>\n<\/tr>\n<tr>\n<td> <span style=\"font-size: small\">Tama\u00f1o de rosca del filtro frontal<\/span><\/td>\n<td> <span style=\"font-size: small\">72 mm<\/span><\/td>\n<\/tr>\n<tr>\n<td> <span style=\"font-size: small\">Tama\u00f1o de la tapa frontal<\/span><\/td>\n<td> <span style=\"font-size: small\">del objetivo 72mm<\/span><\/td>\n<\/tr>\n<\/tbody>\n<\/table>\n<\/div>\n","protected":false},"excerpt":{"rendered":"<p>Recursos: El filtro ND 0.6 oscurece la imagen, lo que le permite disparar con una velocidad de obturaci\u00f3n m\u00e1s larga<\/p>\n","protected":false},"featured_media":45350,"comment_status":"closed","ping_status":"closed","template":"","meta":{"_acf_changed":false},"product_brand":[2680],"product_cat":[1047],"product_tag":[],"class_list":{"0":"post-74519","1":"product","2":"type-product","3":"status-publish","4":"has-post-thumbnail","6":"product_brand-hoya-es","7":"product_cat-densidad-neutra-nd","8":"pa_diametro-72mm-es","10":"first","11":"instock","12":"taxable","13":"shipping-taxable","14":"purchasable","15":"product-type-simple"},"bundled_by":[],"bundle_stock_status":"instock","bundle_stock_quantity":1,"bundle_virtual":false,"bundle_layout":"","bundle_add_to_cart_form_location":"","bundle_editable_in_cart":false,"bundle_sold_individually_context":"","bundle_item_grouping":"","bundle_min_size":"","bundle_max_size":"","bundle_price":[],"bundled_items":[],"bundle_sell_ids":[],"acf":[],"_links":{"self":[{"href":"https:\/\/hi-techwonder.com\/es\/wp-json\/wp\/v2\/product\/74519","targetHints":{"allow":["GET"]}}],"collection":[{"href":"https:\/\/hi-techwonder.com\/es\/wp-json\/wp\/v2\/product"}],"about":[{"href":"https:\/\/hi-techwonder.com\/es\/wp-json\/wp\/v2\/types\/product"}],"replies":[{"embeddable":true,"href":"https:\/\/hi-techwonder.com\/es\/wp-json\/wp\/v2\/comments?post=74519"}],"wp:featuredmedia":[{"embeddable":true,"href":"https:\/\/hi-techwonder.com\/es\/wp-json\/wp\/v2\/media\/45350"}],"wp:attachment":[{"href":"https:\/\/hi-techwonder.com\/es\/wp-json\/wp\/v2\/media?parent=74519"}],"wp:term":[{"taxonomy":"product_brand","embeddable":true,"href":"https:\/\/hi-techwonder.com\/es\/wp-json\/wp\/v2\/product_brand?post=74519"},{"taxonomy":"product_cat","embeddable":true,"href":"https:\/\/hi-techwonder.com\/es\/wp-json\/wp\/v2\/product_cat?post=74519"},{"taxonomy":"product_tag","embeddable":true,"href":"https:\/\/hi-techwonder.com\/es\/wp-json\/wp\/v2\/product_tag?post=74519"}],"curies":[{"name":"wp","href":"https:\/\/api.w.org\/{rel}","templated":true}]}}