{"id":74521,"date":"2025-07-29T09:08:31","date_gmt":"2025-07-29T09:08:31","guid":{"rendered":"https:\/\/fv6qoy3ls0.wpdns.site\/product\/filtro-hoya-pro-nd500-9-pasos-58mm\/"},"modified":"2026-01-31T02:41:18","modified_gmt":"2026-01-31T02:41:18","slug":"hoya-filtro-hoya-pro-nd500-9-pasos-58mm","status":"publish","type":"product","link":"https:\/\/hi-techwonder.com\/es\/producto\/hoya-filtro-hoya-pro-nd500-9-pasos-58mm\/","title":{"rendered":"Filtro HOYA PRO ND500 (9 Pasos) 58mm"},"content":{"rendered":"<div id=\"ContentPlaceHolder1_divProductDescription\">\n<p style=\"text-align: justify\"><span style=\"font-size: small\">Los filtros de densidad neutra est\u00e1n dise\u00f1ados para reducir la cantidad de luz que ingresa a la lente de la c\u00e1mara y no deber\u00edan tener ning\u00fan otro efecto en la imagen. La reducci\u00f3n de la cantidad de luz permite el uso de aperturas m\u00e1s amplias o velocidades de obturaci\u00f3n m\u00e1s lentas para un efecto creativo y dram\u00e1tico en condiciones de iluminaci\u00f3n brillante. <\/span><\/p>\n<p style=\"text-align: justify\"><span style=\"font-size: small\">La tecnolog\u00eda ACCU-ND en los filtros Hoya PROND produce un balance de color verdaderamente neutro que no agrega ning\u00fan tono de color notable a sus im\u00e1genes. La serie Hoya PROND est\u00e1 dirigida a los mercados de fotograf\u00eda y video HDSLR.<br \/>El recubrimiento met\u00e1lico ACCU-ND de los filtros PROND no cambia de color a medida que se pasa de una densidad a otra, un problema com\u00fan con otras series de filtros de densidad neutra.  Ahora puede configurar el balance de blancos una vez y tener el mismo balance de color, incluso si necesita cambiar los filtros debido a cambios en la iluminaci\u00f3n o para efectos creativos.<\/span><\/p>\n<p style=\"text-align: justify\"><span style=\"font-size: small\">El HOYA PROND 500 es un filtro oscuro de densidad neutra con un factor de filtro de 500. Este factor de filtro se convierte en una p\u00e9rdida de luz de 9 pasos. Este es un gran filtro para efectos de desenfoque extremos en agua corriente u otros sujetos en movimiento.  <\/span><\/p>\n<p style=\"text-align: justify\"><span style=\"font-size: small\"><strong><span style=\"text-decoration: underline\">Ejemplo:<\/strong> A la luz del d\u00eda, quiz\u00e1s la velocidad de obturaci\u00f3n m\u00e1s lenta disponible con un filtro sea de 1\/60 s a F\/22. Al agregar el PROND 500, ser\u00eda posible una velocidad de obturaci\u00f3n de 8 segundos completos.  <\/span><\/span><\/p>\n<\/div>\n","protected":false},"excerpt":{"rendered":"<p>Los filtros de densidad neutra est\u00e1n dise\u00f1ados para reducir la cantidad de luz que ingresa a la lente de la<\/p>\n","protected":false},"featured_media":45332,"comment_status":"closed","ping_status":"closed","template":"","meta":{"_acf_changed":false},"product_brand":[2680],"product_cat":[1047],"product_tag":[],"class_list":{"0":"post-74521","1":"product","2":"type-product","3":"status-publish","4":"has-post-thumbnail","6":"product_brand-hoya-es","7":"product_cat-densidad-neutra-nd","8":"pa_diametro-58mm-es","10":"first","11":"instock","12":"taxable","13":"shipping-taxable","14":"purchasable","15":"product-type-simple"},"bundled_by":[],"bundle_stock_status":"instock","bundle_stock_quantity":1,"bundle_virtual":false,"bundle_layout":"","bundle_add_to_cart_form_location":"","bundle_editable_in_cart":false,"bundle_sold_individually_context":"","bundle_item_grouping":"","bundle_min_size":"","bundle_max_size":"","bundle_price":[],"bundled_items":[],"bundle_sell_ids":[],"acf":[],"_links":{"self":[{"href":"https:\/\/hi-techwonder.com\/es\/wp-json\/wp\/v2\/product\/74521","targetHints":{"allow":["GET"]}}],"collection":[{"href":"https:\/\/hi-techwonder.com\/es\/wp-json\/wp\/v2\/product"}],"about":[{"href":"https:\/\/hi-techwonder.com\/es\/wp-json\/wp\/v2\/types\/product"}],"replies":[{"embeddable":true,"href":"https:\/\/hi-techwonder.com\/es\/wp-json\/wp\/v2\/comments?post=74521"}],"wp:featuredmedia":[{"embeddable":true,"href":"https:\/\/hi-techwonder.com\/es\/wp-json\/wp\/v2\/media\/45332"}],"wp:attachment":[{"href":"https:\/\/hi-techwonder.com\/es\/wp-json\/wp\/v2\/media?parent=74521"}],"wp:term":[{"taxonomy":"product_brand","embeddable":true,"href":"https:\/\/hi-techwonder.com\/es\/wp-json\/wp\/v2\/product_brand?post=74521"},{"taxonomy":"product_cat","embeddable":true,"href":"https:\/\/hi-techwonder.com\/es\/wp-json\/wp\/v2\/product_cat?post=74521"},{"taxonomy":"product_tag","embeddable":true,"href":"https:\/\/hi-techwonder.com\/es\/wp-json\/wp\/v2\/product_tag?post=74521"}],"curies":[{"name":"wp","href":"https:\/\/api.w.org\/{rel}","templated":true}]}}