{"id":74522,"date":"2025-07-29T09:11:52","date_gmt":"2025-07-29T09:11:52","guid":{"rendered":"https:\/\/fv6qoy3ls0.wpdns.site\/product\/kit-hoya-de-3-filtros-49mm-uvpolarizadornd8\/"},"modified":"2026-01-31T02:38:18","modified_gmt":"2026-01-31T02:38:18","slug":"hoya-kit-hoya-de-3-filtros-49mm-uvpolarizadornd8","status":"publish","type":"product","link":"https:\/\/hi-techwonder.com\/es\/producto\/hoya-kit-hoya-de-3-filtros-49mm-uvpolarizadornd8\/","title":{"rendered":"Kit HOYA de 3 Filtros 49mm (UV+Polarizador+ND8)"},"content":{"rendered":"<p><b>Hoya Kit de 3 Filtros 49mm (UV, Polarizador, ND8)<\/b><\/p>\n<p><b>\u00a0<\/b><\/p>\n<p>El kit de filtros digitales Hoya 49mm II <b>incluye un filtro HMC UV (C), un filtro polarizador circular y un filtro de densidad neutra de 3 puntos en una bolsa de filtro muy pr\u00e1ctica<\/b> .<\/p>\n<p>El filtro UV(C) es un filtro multicapa con un anillo de montaje delgado. Esto lo hace \u00fatil para lentes gran angular, evitando posibles vi\u00f1etas. Adem\u00e1s, el filtro UV en s\u00ed es un filtro transparente de uso general que ayuda a absorber la luz UV. No hay coloraci\u00f3n ni contraste adicional. Tambi\u00e9n es \u00fatil como filtro de protecci\u00f3n general para usar en las lentes, ayudando a evitar que el polvo y la humedad lleguen a la lente, y ofreciendo protecci\u00f3n adicional en caso de ca\u00eddas o situaciones en las que puedan ocurrir ara\u00f1azos.<\/p>\n<p>Los filtros Hoya HMC tienen m\u00faltiples recubrimientos para reducir el reflejo, las im\u00e1genes fantasma y los destellos en la superficie del filtro. Como resultado, es posible lograr m\u00e1s del 97% de transmisi\u00f3n de luz, proporcionando un contraste adicional y una alta fidelidad de color.<\/p>\n<p>Un filtro polarizador circular ayuda a reducir los reflejos y el deslumbramiento al filtrar la luz que se ha polarizado debido al reflejo de una superficie no met\u00e1lica. Un filtro polarizador organiza y filtra esta luz polarizada direccionalmente perpendicular a la luz reflejada, lo que permite la absorci\u00f3n de gran parte de esta luz, lo que da como resultado una reducci\u00f3n notable del deslumbramiento y los reflejos de las superficies no met\u00e1licas y un aumento de la saturaci\u00f3n del cielo y la vegetaci\u00f3n.<\/p>\n<p>Un polarizador circular se diferencia de un polarizador lineal solo en que contiene un plano de cuarto de onda adem\u00e1s del filtro polarizador lineal. La adici\u00f3n de este plano de cuarto de onda sirve para polarizar circularmente la luz polarizada linealmente para el uso de funciones de enfoque autom\u00e1tico y exposici\u00f3n. Debido a la forma en que la luz se descompone y filtra con un polarizador lineal, la precisi\u00f3n del enfoque autom\u00e1tico y la exposici\u00f3n se distorsiona durante el uso. Cuando la luz se polariza circularmente, permite el uso de estas funciones.<\/p>\n<p>Un filtro de densidad neutra tiene varios usos y ofrece la posibilidad de lograr resultados que de otro modo ser\u00edan imposibles de lograr. Los filtros ND aparecen grises y reducen la cantidad de luz que llega a la pel\u00edcula. No afectan el balance de color. Este filtro ofrece un factor de filtrado de 0,9, equivalente a 3 puntos de luz.<\/p>\n<p><b>Filtro UV<\/b><\/p>\n<p>Absorbe la luz ultravioleta, lo que puede hacer que las fotos exteriores se vean borrosas e indistintas<\/p>\n<p>El filtro transparente no proporciona coloraci\u00f3n ni contraste adicional, lo que le permite combinar este filtro con otros.<\/p>\n<p>Funciona como un filtro de protecci\u00f3n integral para evitar que el polvo, la humedad y los ara\u00f1azos lleguen a los elementos de la lente.<\/p>\n<p>El recubrimiento m\u00faltiple HMC ayuda a reducir los reflejos, las im\u00e1genes fantasma y los destellos en la superficie del filtro, proporcionando un mayor contraste y fidelidad de color. Es posible una transmisi\u00f3n de luz superior al 97%, lo que proporciona un contraste adicional y una alta fidelidad de color.<\/p>\n<p><b>Filtro polarizador circular<\/b><\/p>\n<p>Ayuda a reducir los reflejos y el deslumbramiento al filtrar la luz que se ha polarizado debido a la reflexi\u00f3n de una superficie no met\u00e1lica<\/p>\n<p>Los filtros polarizadores organizan y filtran la luz polarizada direccionalmente, perpendicular a la luz reflejada, lo que permite que se absorba gran parte de la luz.<\/p>\n<p>Elimina la neblina en paisajes lejanos y proporciona colores m\u00e1s saturados y vivos<\/p>\n<p>Efecto m\u00e1s fuerte cuando se usa en un \u00e1ngulo de 90\u00b0 con respecto al sol<\/p>\n<p>Los polarizadores circulares son ideales para usar con c\u00e1maras digitales y lentes de enfoque autom\u00e1tico, donde un polarizador lineal interrumpe con frecuencia las capacidades de enfoque autom\u00e1tico y exposici\u00f3n.<\/p>\n<p><b>Filtro de densidad neutra<\/b><\/p>\n<p>Para permitir el uso de velocidades de obturaci\u00f3n lentas, especialmente con v\u00eddeos de alta velocidad, para grabar movimiento en objetos como cascadas, nubes o coches<\/p>\n<p>Para disminuir la profundidad de campo, permitiendo el uso de aperturas m\u00e1s grandes, lo que ayuda a separar los objetos del fondo.<\/p>\n<p>Para reducir el ISO efectivo de la pel\u00edcula de alta velocidad (por encima de ISO 400) y permitir que se use al aire libre en situaciones brillantes<\/p>\n<p>Para permitir que las c\u00e1maras de cine y v\u00eddeo (que tienen velocidades de obturaci\u00f3n fijas) fotograf\u00eden objetos como nieve, arena u otras escenas brillantes que puedan causar sobreexposici\u00f3n<\/p>\n<p>8x = ND 0.9 (ajuste de exposici\u00f3n = 3 pasos, reduce ISO 1\/8)<\/p>\n<p><b>Contenido del paquete: <\/b><\/p>\n<p>Filtro HMC 1xUV (C)<\/p>\n<p>1x Filtro polarizador circular<\/p>\n<p>1xFiltro de densidad neutra (NDX8) 0.9<\/p>\n<p>1xBolsa de filtro<\/p>\n<p>&nbsp;<\/p>\n<p>&nbsp;<\/p>\n","protected":false},"excerpt":{"rendered":"<p>Hoya Kit de 3 Filtros 49mm (UV, Polarizador, ND8) \u00a0 El kit de filtros digitales Hoya 49mm II incluye un<\/p>\n","protected":false},"featured_media":46016,"comment_status":"closed","ping_status":"closed","template":"","meta":{"_acf_changed":false},"product_brand":[2680],"product_cat":[1048],"product_tag":[],"class_list":{"0":"post-74522","1":"product","2":"type-product","3":"status-publish","4":"has-post-thumbnail","6":"product_brand-hoya-es","7":"product_cat-kits-filtros-es-2","8":"pa_diametro-49mm-es","10":"first","11":"instock","12":"taxable","13":"shipping-taxable","14":"purchasable","15":"product-type-simple"},"bundled_by":[],"bundle_stock_status":"instock","bundle_stock_quantity":7,"bundle_virtual":false,"bundle_layout":"","bundle_add_to_cart_form_location":"","bundle_editable_in_cart":false,"bundle_sold_individually_context":"","bundle_item_grouping":"","bundle_min_size":"","bundle_max_size":"","bundle_price":[],"bundled_items":[],"bundle_sell_ids":[],"acf":[],"_links":{"self":[{"href":"https:\/\/hi-techwonder.com\/es\/wp-json\/wp\/v2\/product\/74522","targetHints":{"allow":["GET"]}}],"collection":[{"href":"https:\/\/hi-techwonder.com\/es\/wp-json\/wp\/v2\/product"}],"about":[{"href":"https:\/\/hi-techwonder.com\/es\/wp-json\/wp\/v2\/types\/product"}],"replies":[{"embeddable":true,"href":"https:\/\/hi-techwonder.com\/es\/wp-json\/wp\/v2\/comments?post=74522"}],"wp:featuredmedia":[{"embeddable":true,"href":"https:\/\/hi-techwonder.com\/es\/wp-json\/wp\/v2\/media\/46016"}],"wp:attachment":[{"href":"https:\/\/hi-techwonder.com\/es\/wp-json\/wp\/v2\/media?parent=74522"}],"wp:term":[{"taxonomy":"product_brand","embeddable":true,"href":"https:\/\/hi-techwonder.com\/es\/wp-json\/wp\/v2\/product_brand?post=74522"},{"taxonomy":"product_cat","embeddable":true,"href":"https:\/\/hi-techwonder.com\/es\/wp-json\/wp\/v2\/product_cat?post=74522"},{"taxonomy":"product_tag","embeddable":true,"href":"https:\/\/hi-techwonder.com\/es\/wp-json\/wp\/v2\/product_tag?post=74522"}],"curies":[{"name":"wp","href":"https:\/\/api.w.org\/{rel}","templated":true}]}}