{"id":74583,"date":"2025-07-29T08:53:58","date_gmt":"2025-07-29T08:53:58","guid":{"rendered":"https:\/\/fv6qoy3ls0.wpdns.site\/product\/carcasa-de-goma-jjc-similar-a-canon-eg-tipo-1\/"},"modified":"2026-01-31T02:53:11","modified_gmt":"2026-01-31T02:53:11","slug":"jjc-carcasa-de-goma-jjc-similar-a-canon-eg-tipo-1","status":"publish","type":"product","link":"https:\/\/hi-techwonder.com\/es\/producto\/jjc-carcasa-de-goma-jjc-similar-a-canon-eg-tipo-1\/","title":{"rendered":"Carcasa de goma JJC similar a Canon EG &#8211; Tipo 1"},"content":{"rendered":"<p><span style=\"font-size: small\">El ocular est\u00e1 dise\u00f1ado para bloquear la luz par\u00e1sita para mejorar la visi\u00f3n del visor.<br \/>Hecho de goma TPU suave, protege tus ojos. El ocular adopta una forma ovalada ergon\u00f3mica para ser m\u00e1s c\u00f3modo.<br \/>Adem\u00e1s, el ocular permite una rotaci\u00f3n de 360\u00ba y se puede ajustar tanto en horizontal como en vertical. <\/p>\n<p><strong>Nota:<\/strong><br \/><\/span><\/p>\n<ul>\n<li><span style=\"font-size: small\">Proyectiles de tipo 1 &#8211; Modelo com\u00fan<\/span><\/li>\n<li><span style=\"font-size: small\">Carcasas tipo 2 &#8211; Modelo optimizado para quienes usan gafas<\/span><\/li>\n<\/ul>\n<p><span style=\"font-size: small\"><br \/><strong>Modelos compatibles:<\/strong><br \/>Canon EOS 5D Mark IV, EOS-1D X Mark II, EOS 1D X, EOS 5D Mark III, EOS 5DS, EOS 5DS R, EOS 7D Mark II, etc.<\/p>\n<p><strong>Contenido del paquete:<\/strong><br \/>1x Carcasa de goma JJC similar a Canon Eg &#8211; Tipo 1<\/span><\/p>\n","protected":false},"excerpt":{"rendered":"<p>El ocular est\u00e1 dise\u00f1ado para bloquear la luz par\u00e1sita para mejorar la visi\u00f3n del visor.Hecho de goma TPU suave, protege<\/p>\n","protected":false},"featured_media":42491,"comment_status":"closed","ping_status":"open","template":"","meta":{"_acf_changed":false},"product_brand":[2547],"product_cat":[921],"product_tag":[],"class_list":{"0":"post-74583","1":"product","2":"type-product","3":"status-publish","4":"has-post-thumbnail","6":"product_brand-jjc-es","7":"product_cat-oculares-es","9":"first","10":"instock","11":"taxable","12":"shipping-taxable","13":"purchasable","14":"product-type-simple"},"bundled_by":[],"bundle_stock_status":"instock","bundle_stock_quantity":1,"bundle_virtual":false,"bundle_layout":"","bundle_add_to_cart_form_location":"","bundle_editable_in_cart":false,"bundle_sold_individually_context":"","bundle_item_grouping":"","bundle_min_size":"","bundle_max_size":"","bundle_price":[],"bundled_items":[],"bundle_sell_ids":[],"acf":[],"_links":{"self":[{"href":"https:\/\/hi-techwonder.com\/es\/wp-json\/wp\/v2\/product\/74583","targetHints":{"allow":["GET"]}}],"collection":[{"href":"https:\/\/hi-techwonder.com\/es\/wp-json\/wp\/v2\/product"}],"about":[{"href":"https:\/\/hi-techwonder.com\/es\/wp-json\/wp\/v2\/types\/product"}],"replies":[{"embeddable":true,"href":"https:\/\/hi-techwonder.com\/es\/wp-json\/wp\/v2\/comments?post=74583"}],"wp:featuredmedia":[{"embeddable":true,"href":"https:\/\/hi-techwonder.com\/es\/wp-json\/wp\/v2\/media\/42491"}],"wp:attachment":[{"href":"https:\/\/hi-techwonder.com\/es\/wp-json\/wp\/v2\/media?parent=74583"}],"wp:term":[{"taxonomy":"product_brand","embeddable":true,"href":"https:\/\/hi-techwonder.com\/es\/wp-json\/wp\/v2\/product_brand?post=74583"},{"taxonomy":"product_cat","embeddable":true,"href":"https:\/\/hi-techwonder.com\/es\/wp-json\/wp\/v2\/product_cat?post=74583"},{"taxonomy":"product_tag","embeddable":true,"href":"https:\/\/hi-techwonder.com\/es\/wp-json\/wp\/v2\/product_tag?post=74583"}],"curies":[{"name":"wp","href":"https:\/\/api.w.org\/{rel}","templated":true}]}}