{"id":74584,"date":"2025-07-28T23:24:35","date_gmt":"2025-07-28T23:24:35","guid":{"rendered":"https:\/\/fv6qoy3ls0.wpdns.site\/product\/juego-de-abrazaderas-de-filtro-jjc-de-82-mm-a-95-mm\/"},"modified":"2026-01-31T04:00:36","modified_gmt":"2026-01-31T04:00:36","slug":"jjc-juego-de-abrazaderas-de-filtro-jjc-de-82-mm-a-95-mm","status":"publish","type":"product","link":"https:\/\/hi-techwonder.com\/es\/producto\/jjc-juego-de-abrazaderas-de-filtro-jjc-de-82-mm-a-95-mm\/","title":{"rendered":"Juego de abrazaderas de filtro JJC de 82 mm a 95 mm"},"content":{"rendered":"<p><span style=\"font-size: small\"><strong>RES\u00daMENES<\/strong><\/span><\/p>\n<ul>\n<li><span style=\"font-size: small\">Juego de 2<\/span><\/li>\n<li><span style=\"font-size: small\">Ayuda a eliminar todo tipo de filtros, incluidos UV, CPL, ND, etc., de su lente<\/span><\/li>\n<li><span style=\"font-size: small\">El dise\u00f1o en forma de pinza y el interior dentado garantizan comodidad y agarre para facilitar su uso<\/span><\/li>\n<li><span style=\"font-size: small\">Hecho de material ABS, ligero y compacto<\/span><\/li>\n<\/ul>\n<p><span style=\"font-size: small\"><br \/>Estas empu\u00f1aduras de filtro est\u00e1n especialmente dise\u00f1adas para apretar o eliminar filtros atascados o demasiado apretados de su lente.<br \/>Son ideales para todo tipo de filtros, incluidos UV, CPL, ND, etc. Construidos en ABS, son ligeros y compactos. El dise\u00f1o en forma de pinza y el interior dentado garantizan comodidad y agarre para facilitar su uso.<br \/>Por lo general, una llave es suficiente para quitar un filtro, pero cuando un filtro est\u00e1 demasiado apretado, debe usar las dos llaves juntas. Puede usar uno para sostener la lente y el otro para rotar y quitar el filtro.<br \/>Esto reduce el riesgo de da\u00f1os en sus lentes y filtros durante el desmontaje.   <\/span><\/p>\n","protected":false},"excerpt":{"rendered":"<p>RES\u00daMENES Juego de 2 Ayuda a eliminar todo tipo de filtros, incluidos UV, CPL, ND, etc., de su lente El<\/p>\n","protected":false},"featured_media":21432,"comment_status":"closed","ping_status":"open","template":"","meta":{"_acf_changed":false},"product_brand":[2547],"product_cat":[1044],"product_tag":[],"class_list":{"0":"post-74584","1":"product","2":"type-product","3":"status-publish","4":"has-post-thumbnail","6":"product_brand-jjc-es","7":"product_cat-accesorios-filtros-circulares","9":"first","10":"instock","11":"taxable","12":"shipping-taxable","13":"purchasable","14":"product-type-simple"},"bundled_by":[],"bundle_stock_status":"instock","bundle_stock_quantity":1,"bundle_virtual":false,"bundle_layout":"","bundle_add_to_cart_form_location":"","bundle_editable_in_cart":false,"bundle_sold_individually_context":"","bundle_item_grouping":"","bundle_min_size":"","bundle_max_size":"","bundle_price":[],"bundled_items":[],"bundle_sell_ids":[],"acf":[],"_links":{"self":[{"href":"https:\/\/hi-techwonder.com\/es\/wp-json\/wp\/v2\/product\/74584","targetHints":{"allow":["GET"]}}],"collection":[{"href":"https:\/\/hi-techwonder.com\/es\/wp-json\/wp\/v2\/product"}],"about":[{"href":"https:\/\/hi-techwonder.com\/es\/wp-json\/wp\/v2\/types\/product"}],"replies":[{"embeddable":true,"href":"https:\/\/hi-techwonder.com\/es\/wp-json\/wp\/v2\/comments?post=74584"}],"wp:featuredmedia":[{"embeddable":true,"href":"https:\/\/hi-techwonder.com\/es\/wp-json\/wp\/v2\/media\/21432"}],"wp:attachment":[{"href":"https:\/\/hi-techwonder.com\/es\/wp-json\/wp\/v2\/media?parent=74584"}],"wp:term":[{"taxonomy":"product_brand","embeddable":true,"href":"https:\/\/hi-techwonder.com\/es\/wp-json\/wp\/v2\/product_brand?post=74584"},{"taxonomy":"product_cat","embeddable":true,"href":"https:\/\/hi-techwonder.com\/es\/wp-json\/wp\/v2\/product_cat?post=74584"},{"taxonomy":"product_tag","embeddable":true,"href":"https:\/\/hi-techwonder.com\/es\/wp-json\/wp\/v2\/product_tag?post=74584"}],"curies":[{"name":"wp","href":"https:\/\/api.w.org\/{rel}","templated":true}]}}