{"id":74585,"date":"2025-07-29T08:54:06","date_gmt":"2025-07-29T08:54:06","guid":{"rendered":"https:\/\/fv6qoy3ls0.wpdns.site\/product\/carcasa-de-goma-jjc-para-canon-eb-ef-tipo-2\/"},"modified":"2026-01-31T02:53:09","modified_gmt":"2026-01-31T02:53:09","slug":"jjc-carcasa-de-goma-jjc-para-canon-eb-ef-tipo-2","status":"publish","type":"product","link":"https:\/\/hi-techwonder.com\/es\/producto\/jjc-carcasa-de-goma-jjc-para-canon-eb-ef-tipo-2\/","title":{"rendered":"Carcasa de goma JJC para Canon Eb \/ EF Tipo 2"},"content":{"rendered":"<p><strong>Carcasa de goma JJC similar a Canon Eb\/EF &#8211; Tipo 2<\/strong><\/p>\n<p>El ocular est\u00e1 dise\u00f1ado para bloquear la luz par\u00e1sita para mejorar la visi\u00f3n del visor.<br \/>Hecho de goma TPU suave, protege tus ojos. El ocular adopta una forma ovalada ergon\u00f3mica para ser m\u00e1s c\u00f3modo.<br \/>Adem\u00e1s, el ocular permite una rotaci\u00f3n de 360\u00ba y se puede ajustar tanto en horizontal como en vertical. <\/p>\n<p><strong>Nota:<\/strong><br \/>Proyectiles de tipo 1 &#8211; Modelo com\u00fan <br \/>Carcasas tipo 2 &#8211; Modelo optimizado para quienes usan gafas<\/p>\n<p><strong>Modelos compatibles:<\/strong><br \/>Canon EOS 6D, EOS 60Da, EOS 70D, EOS 80D, EOS 100D \/ Rebel SL1, EOS 550D \/ Rebel T2i \/ Kiss X4, EOS 600D \/ Rebel T3i \/ Kiss X5, EOS 650D<br \/>Rebel T4i \/ Kiss X6i, EOS 700D \/ Rebel T5i \/ Kiss X7i, EOS 750D \/ Rebel T6i \/ Kiss X8i, EOS 760D \/ Rebel T6s \/ 8000D, EOS 1100D \/ Rebel T3 \/ Kiss X50, EOS 1200D<br \/>Rebel T5 \/ Kiss X70, EOS 1300D \/ Rebel T6, etc.<\/p>\n<p><strong>Contenido del paquete:<\/strong><br \/>1x Carcasa de goma JJC similar a Canon Eb \/ Ef &#8211; Tipo 2<\/p>\n","protected":false},"excerpt":{"rendered":"<p>Carcasa de goma JJC similar a Canon Eb\/EF &#8211; Tipo 2 El ocular est\u00e1 dise\u00f1ado para bloquear la luz par\u00e1sita<\/p>\n","protected":false},"featured_media":42500,"comment_status":"closed","ping_status":"open","template":"","meta":{"_acf_changed":false},"product_brand":[2547],"product_cat":[921],"product_tag":[],"class_list":{"0":"post-74585","1":"product","2":"type-product","3":"status-publish","4":"has-post-thumbnail","6":"product_brand-jjc-es","7":"product_cat-oculares-es","9":"first","10":"instock","11":"taxable","12":"shipping-taxable","13":"purchasable","14":"product-type-simple"},"bundled_by":[],"bundle_stock_status":"instock","bundle_stock_quantity":1,"bundle_virtual":false,"bundle_layout":"","bundle_add_to_cart_form_location":"","bundle_editable_in_cart":false,"bundle_sold_individually_context":"","bundle_item_grouping":"","bundle_min_size":"","bundle_max_size":"","bundle_price":[],"bundled_items":[],"bundle_sell_ids":[],"acf":[],"_links":{"self":[{"href":"https:\/\/hi-techwonder.com\/es\/wp-json\/wp\/v2\/product\/74585","targetHints":{"allow":["GET"]}}],"collection":[{"href":"https:\/\/hi-techwonder.com\/es\/wp-json\/wp\/v2\/product"}],"about":[{"href":"https:\/\/hi-techwonder.com\/es\/wp-json\/wp\/v2\/types\/product"}],"replies":[{"embeddable":true,"href":"https:\/\/hi-techwonder.com\/es\/wp-json\/wp\/v2\/comments?post=74585"}],"wp:featuredmedia":[{"embeddable":true,"href":"https:\/\/hi-techwonder.com\/es\/wp-json\/wp\/v2\/media\/42500"}],"wp:attachment":[{"href":"https:\/\/hi-techwonder.com\/es\/wp-json\/wp\/v2\/media?parent=74585"}],"wp:term":[{"taxonomy":"product_brand","embeddable":true,"href":"https:\/\/hi-techwonder.com\/es\/wp-json\/wp\/v2\/product_brand?post=74585"},{"taxonomy":"product_cat","embeddable":true,"href":"https:\/\/hi-techwonder.com\/es\/wp-json\/wp\/v2\/product_cat?post=74585"},{"taxonomy":"product_tag","embeddable":true,"href":"https:\/\/hi-techwonder.com\/es\/wp-json\/wp\/v2\/product_tag?post=74585"}],"curies":[{"name":"wp","href":"https:\/\/api.w.org\/{rel}","templated":true}]}}