{"id":74590,"date":"2025-07-29T08:53:29","date_gmt":"2025-07-29T08:53:29","guid":{"rendered":"https:\/\/fv6qoy3ls0.wpdns.site\/product\/disparador-de-conexion-de-cable-jjc-para-fujifilm-rr-90\/"},"modified":"2026-01-31T02:53:57","modified_gmt":"2026-01-31T02:53:57","slug":"jjc-disparador-de-conexion-de-cable-jjc-para-fujifilm-rr-90","status":"publish","type":"product","link":"https:\/\/hi-techwonder.com\/es\/producto\/jjc-disparador-de-conexion-de-cable-jjc-para-fujifilm-rr-90\/","title":{"rendered":"Disparador de conexi\u00f3n de cable JJC para Fujifilm RR-90"},"content":{"rendered":"<p><strong>Contenido del paquete:<\/strong><\/p>\n<ul>\n<li>1 x Conexi\u00f3n de cable JJC Tipo de obturador de c\u00e1mara Fujifilm RR-90<\/li>\n<\/ul>\n<p><strong>Caracter\u00edsticas t\u00e9cnicas:<\/strong><\/p>\n<ul>\n<li>Marca: JJC<\/li>\n<li>C\u00f3digo del fabricante: Cable-R<\/li>\n<li>Tipo de cable: Disparador de c\u00e1mara<\/li>\n<li>Compatibilidad: Fujifilm<\/li>\n<\/ul>\n<div>&nbsp;<\/div>\n<div><strong>Compatible con las siguientes c\u00e1maras:  <\/strong><\/div>\n<div>\n<table style=\"width: 564px\" border=\"0\" cellspacing=\"0\" cellpadding=\"2\">\n<colgroup>\n<col width=\"110\">\n<col width=\"108\">\n<col width=\"107\">\n<col width=\"108\">\n<col width=\"109\"> <\/colgroup>\n<tbody>\n<tr valign=\"TOP\">\n<td width=\"110\">\n<p>GFX 50S<\/p>\n<\/td>\n<td width=\"108\">\n<p>X30<\/p>\n<\/td>\n<td width=\"107\">\n<p>X70<\/p>\n<\/td>\n<td width=\"108\">\n<p>X100F<\/p>\n<\/td>\n<td width=\"109\">\n<p>X100T  <\/p>\n<\/td>\n<\/tr>\n<tr valign=\"TOP\">\n<td width=\"110\">\n<p>X-A1<\/p>\n<\/td>\n<td width=\"108\">\n<p>X-A2<\/p>\n<\/td>\n<td width=\"107\">\n<p>X-A3<\/p>\n<\/td>\n<td width=\"108\">\n<p>X-A10<\/p>\n<\/td>\n<td width=\"109\">\n<p>X-E2<\/p>\n<\/td>\n<\/tr>\n<tr valign=\"TOP\">\n<td width=\"110\">\n<p>X-E2S<\/p>\n<\/td>\n<td width=\"108\">\n<p>X-E3<\/p>\n<\/td>\n<td width=\"107\">\n<p>X-M1<\/p>\n<\/td>\n<td width=\"108\">\n<p>XQ1<\/p>\n<\/td>\n<td width=\"109\">\n<p>X-Pro2<\/p>\n<\/td>\n<\/tr>\n<tr valign=\"TOP\">\n<td width=\"110\">\n<p>XQ2<\/p>\n<\/td>\n<td width=\"108\">\n<p>FinePix S1<\/p>\n<\/td>\n<td width=\"107\">\n<p>X-T1<\/p>\n<\/td>\n<td width=\"108\">\n<p>X-T2<\/p>\n<\/td>\n<td width=\"109\">\n<p>X-T10<\/p>\n<\/td>\n<\/tr>\n<tr valign=\"TOP\">\n<td width=\"110\">\n<p>X-T20<\/p>\n<\/td>\n<td width=\"108\">\n<p>X-A5<\/p>\n<\/td>\n<td width=\"107\">\n<p>X-H1<\/p>\n<\/td>\n<td width=\"108\">\n<p>X-T100<\/p>\n<\/td>\n<td width=\"109\">\n<\/td>\n<\/tr>\n<\/tbody>\n<\/table>\n<\/div>\n","protected":false},"excerpt":{"rendered":"<p>Contenido del paquete: 1 x Conexi\u00f3n de cable JJC Tipo de obturador de c\u00e1mara Fujifilm RR-90 Caracter\u00edsticas t\u00e9cnicas: Marca: JJC<\/p>\n","protected":false},"featured_media":42406,"comment_status":"closed","ping_status":"open","template":"","meta":{"_acf_changed":false},"product_brand":[2547],"product_cat":[919],"product_tag":[],"class_list":{"0":"post-74590","1":"product","2":"type-product","3":"status-publish","4":"has-post-thumbnail","6":"product_brand-jjc-es","7":"product_cat-disparadores-es","9":"first","10":"instock","11":"taxable","12":"shipping-taxable","13":"purchasable","14":"product-type-simple"},"bundled_by":[],"bundle_stock_status":"instock","bundle_stock_quantity":1,"bundle_virtual":false,"bundle_layout":"","bundle_add_to_cart_form_location":"","bundle_editable_in_cart":false,"bundle_sold_individually_context":"","bundle_item_grouping":"","bundle_min_size":"","bundle_max_size":"","bundle_price":[],"bundled_items":[],"bundle_sell_ids":[],"acf":[],"_links":{"self":[{"href":"https:\/\/hi-techwonder.com\/es\/wp-json\/wp\/v2\/product\/74590","targetHints":{"allow":["GET"]}}],"collection":[{"href":"https:\/\/hi-techwonder.com\/es\/wp-json\/wp\/v2\/product"}],"about":[{"href":"https:\/\/hi-techwonder.com\/es\/wp-json\/wp\/v2\/types\/product"}],"replies":[{"embeddable":true,"href":"https:\/\/hi-techwonder.com\/es\/wp-json\/wp\/v2\/comments?post=74590"}],"wp:featuredmedia":[{"embeddable":true,"href":"https:\/\/hi-techwonder.com\/es\/wp-json\/wp\/v2\/media\/42406"}],"wp:attachment":[{"href":"https:\/\/hi-techwonder.com\/es\/wp-json\/wp\/v2\/media?parent=74590"}],"wp:term":[{"taxonomy":"product_brand","embeddable":true,"href":"https:\/\/hi-techwonder.com\/es\/wp-json\/wp\/v2\/product_brand?post=74590"},{"taxonomy":"product_cat","embeddable":true,"href":"https:\/\/hi-techwonder.com\/es\/wp-json\/wp\/v2\/product_cat?post=74590"},{"taxonomy":"product_tag","embeddable":true,"href":"https:\/\/hi-techwonder.com\/es\/wp-json\/wp\/v2\/product_tag?post=74590"}],"curies":[{"name":"wp","href":"https:\/\/api.w.org\/{rel}","templated":true}]}}