{"id":74594,"date":"2025-07-29T08:53:29","date_gmt":"2025-07-29T08:53:29","guid":{"rendered":"https:\/\/fv6qoy3ls0.wpdns.site\/product\/cable-de-disparo-mecanico-jjc-negro-40cm\/"},"modified":"2026-01-31T02:54:02","modified_gmt":"2026-01-31T02:54:02","slug":"jjc-cable-de-disparo-mecanico-jjc-negro-40cm","status":"publish","type":"product","link":"https:\/\/hi-techwonder.com\/es\/producto\/jjc-cable-de-disparo-mecanico-jjc-negro-40cm\/","title":{"rendered":"Cable de disparo mec\u00e1nico JJC negro 40cm"},"content":{"rendered":"<p><strong>RES\u00daMENES<\/strong><\/p>\n<ul>\n<li>Compatible con c\u00e1maras que tienen un bot\u00f3n de obturador roscado<\/li>\n<li>Te permite disparar tu c\u00e1mara sin vibraciones<\/li>\n<li>Funci\u00f3n de bloqueo para exposiciones prolongadas<\/li>\n<\/ul>\n<p>El disparador mec\u00e1nico de cable es un disparador de cable roscado de alta calidad para cualquier c\u00e1mara equipada con entrada de cable de disparo mec\u00e1nico est\u00e1ndar<br \/>Te permite disparar tu c\u00e1mara sin vibraciones y tiene una funci\u00f3n de bloqueo para exposiciones largas.<\/p>\n<p><strong>Contenido del paquete:<\/strong><\/p>\n<ul>\n<li>1x Cable de disparo mec\u00e1nico JJC<\/li>\n<\/ul>\n","protected":false},"excerpt":{"rendered":"<p>RES\u00daMENES Compatible con c\u00e1maras que tienen un bot\u00f3n de obturador roscado Te permite disparar tu c\u00e1mara sin vibraciones Funci\u00f3n de<\/p>\n","protected":false},"featured_media":42403,"comment_status":"closed","ping_status":"open","template":"","meta":{"_acf_changed":false},"product_brand":[2547],"product_cat":[919],"product_tag":[],"class_list":{"0":"post-74594","1":"product","2":"type-product","3":"status-publish","4":"has-post-thumbnail","6":"product_brand-jjc-es","7":"product_cat-disparadores-es","9":"first","10":"instock","11":"taxable","12":"shipping-taxable","13":"purchasable","14":"product-type-simple"},"bundled_by":[],"bundle_stock_status":"instock","bundle_stock_quantity":1,"bundle_virtual":false,"bundle_layout":"","bundle_add_to_cart_form_location":"","bundle_editable_in_cart":false,"bundle_sold_individually_context":"","bundle_item_grouping":"","bundle_min_size":"","bundle_max_size":"","bundle_price":[],"bundled_items":[],"bundle_sell_ids":[],"acf":[],"_links":{"self":[{"href":"https:\/\/hi-techwonder.com\/es\/wp-json\/wp\/v2\/product\/74594","targetHints":{"allow":["GET"]}}],"collection":[{"href":"https:\/\/hi-techwonder.com\/es\/wp-json\/wp\/v2\/product"}],"about":[{"href":"https:\/\/hi-techwonder.com\/es\/wp-json\/wp\/v2\/types\/product"}],"replies":[{"embeddable":true,"href":"https:\/\/hi-techwonder.com\/es\/wp-json\/wp\/v2\/comments?post=74594"}],"wp:featuredmedia":[{"embeddable":true,"href":"https:\/\/hi-techwonder.com\/es\/wp-json\/wp\/v2\/media\/42403"}],"wp:attachment":[{"href":"https:\/\/hi-techwonder.com\/es\/wp-json\/wp\/v2\/media?parent=74594"}],"wp:term":[{"taxonomy":"product_brand","embeddable":true,"href":"https:\/\/hi-techwonder.com\/es\/wp-json\/wp\/v2\/product_brand?post=74594"},{"taxonomy":"product_cat","embeddable":true,"href":"https:\/\/hi-techwonder.com\/es\/wp-json\/wp\/v2\/product_cat?post=74594"},{"taxonomy":"product_tag","embeddable":true,"href":"https:\/\/hi-techwonder.com\/es\/wp-json\/wp\/v2\/product_tag?post=74594"}],"curies":[{"name":"wp","href":"https:\/\/api.w.org\/{rel}","templated":true}]}}