{"id":74595,"date":"2025-07-28T23:56:07","date_gmt":"2025-07-28T23:56:07","guid":{"rendered":"https:\/\/fv6qoy3ls0.wpdns.site\/product\/cable-jjc-2xjack-3-5mm-hembra-jack-3-5mm-trrs-macho\/"},"modified":"2026-01-31T03:20:13","modified_gmt":"2026-01-31T03:20:13","slug":"jjc-cable-jjc-2xjack-3-5mm-hembra-jack-3-5mm-trrs-macho","status":"publish","type":"product","link":"https:\/\/hi-techwonder.com\/es\/producto\/jjc-cable-jjc-2xjack-3-5mm-hembra-jack-3-5mm-trrs-macho\/","title":{"rendered":"Cable JJC 2xJack 3.5mm Hembra \/Jack 3.5mm TRRS Macho"},"content":{"rendered":"<p><strong>Cable adaptador JJC 2x Jack 3.5mm Hembra \/ Jack 3.5mm TRRS Macho &#8211; 15cm<\/strong><br \/>Este cable est\u00e1 dise\u00f1ado para tel\u00e9fonos inteligentes que tienen un conector Jack TRRS de 3,5 mm. <br \/>Convierte el conector TRRS de 3,5 mm de su tel\u00e9fono inteligente en dos conectores hembra de 3,5 mm. <br \/>Uno le permite conectar un micr\u00f3fono y el otro le permite conectar auriculares. Para que pueda grabar y monitorear al mismo tiempo. De esta manera, puede usar su tel\u00e9fono inteligente para crear audio y video de mayor calidad.  <br \/><strong><br \/>Contenido del paquete:<\/strong><\/p>\n<ul>\n<li>1 x Cable JJC 2x Jack 3.5mm Hembra \/ Jack 3.5mm TRRS Macho<\/li>\n<\/ul>\n<p><strong>Caracter\u00edsticas t\u00e9cnicas:<\/strong><\/p>\n<ul>\n<li><strong>Marca:<\/strong> JJC<\/li>\n<li><strong>Conector 1: <\/strong>2x conector hembra de 3,5 mm<\/li>\n<li><strong>Conector 2:<\/strong> Jack 3.5mm TRRS Macho<\/li>\n<li><strong>Longitud:<\/strong> 15cm<\/li>\n<\/ul>\n","protected":false},"excerpt":{"rendered":"<p>Cable adaptador JJC 2x Jack 3.5mm Hembra \/ Jack 3.5mm TRRS Macho &#8211; 15cmEste cable est\u00e1 dise\u00f1ado para tel\u00e9fonos inteligentes<\/p>\n","protected":false},"featured_media":30370,"comment_status":"closed","ping_status":"open","template":"","meta":{"_acf_changed":false},"product_brand":[2547],"product_cat":[889],"product_tag":[],"class_list":{"0":"post-74595","1":"product","2":"type-product","3":"status-publish","4":"has-post-thumbnail","6":"product_brand-jjc-es","7":"product_cat-cables-adaptadores-accesorios-otros","9":"first","10":"instock","11":"taxable","12":"shipping-taxable","13":"purchasable","14":"product-type-simple"},"bundled_by":[],"bundle_stock_status":"instock","bundle_stock_quantity":1,"bundle_virtual":false,"bundle_layout":"","bundle_add_to_cart_form_location":"","bundle_editable_in_cart":false,"bundle_sold_individually_context":"","bundle_item_grouping":"","bundle_min_size":"","bundle_max_size":"","bundle_price":[],"bundled_items":[],"bundle_sell_ids":[],"acf":[],"_links":{"self":[{"href":"https:\/\/hi-techwonder.com\/es\/wp-json\/wp\/v2\/product\/74595","targetHints":{"allow":["GET"]}}],"collection":[{"href":"https:\/\/hi-techwonder.com\/es\/wp-json\/wp\/v2\/product"}],"about":[{"href":"https:\/\/hi-techwonder.com\/es\/wp-json\/wp\/v2\/types\/product"}],"replies":[{"embeddable":true,"href":"https:\/\/hi-techwonder.com\/es\/wp-json\/wp\/v2\/comments?post=74595"}],"wp:featuredmedia":[{"embeddable":true,"href":"https:\/\/hi-techwonder.com\/es\/wp-json\/wp\/v2\/media\/30370"}],"wp:attachment":[{"href":"https:\/\/hi-techwonder.com\/es\/wp-json\/wp\/v2\/media?parent=74595"}],"wp:term":[{"taxonomy":"product_brand","embeddable":true,"href":"https:\/\/hi-techwonder.com\/es\/wp-json\/wp\/v2\/product_brand?post=74595"},{"taxonomy":"product_cat","embeddable":true,"href":"https:\/\/hi-techwonder.com\/es\/wp-json\/wp\/v2\/product_cat?post=74595"},{"taxonomy":"product_tag","embeddable":true,"href":"https:\/\/hi-techwonder.com\/es\/wp-json\/wp\/v2\/product_tag?post=74595"}],"curies":[{"name":"wp","href":"https:\/\/api.w.org\/{rel}","templated":true}]}}