{"id":74601,"date":"2025-07-29T00:04:18","date_gmt":"2025-07-29T00:04:18","guid":{"rendered":"https:\/\/fv6qoy3ls0.wpdns.site\/product\/jjc-dlp-5ii-bolsa-de-lentes-deluxe-110x190mm\/"},"modified":"2026-01-22T14:04:43","modified_gmt":"2026-01-22T14:04:43","slug":"jjc-dlp-5ii-bolsa-de-lentes-deluxe-110x190mm","status":"publish","type":"product","link":"https:\/\/hi-techwonder.com\/es\/producto\/jjc-dlp-5ii-bolsa-de-lentes-deluxe-110x190mm\/","title":{"rendered":"JJC DLP-5II Bolsa de Lentes Deluxe &#8211; 110x190mm"},"content":{"rendered":"<p><strong>JJC DLP-5II Bolsa de Lente Resistente al Agua Deluxe &#8211; <\/strong><b>110x190mm<\/b><\/p>\n<p>La bolsa para lentes JJC Deluxe est\u00e1 dise\u00f1ada para llevar una lente SLR t\u00edpica. Esta bolsa presenta una construcci\u00f3n de poli\u00e9ster resistente con un interior acolchado de espuma. Proporciona una gran protecci\u00f3n y absorci\u00f3n de impactos para su lente. Adem\u00e1s, su material exterior es resistente al agua, lo que puede proteger la lente de la lluvia y la humedad. El estuche tiene una cremallera bidireccional de color azul profundo con un bolsillo de malla para accesorios dentro de la tapa donde puede colocar la tapa de la lente, un filtro o un control remoto.    <\/p>\n<p>Acepta lentes de hasta 110&#215;190 mm<\/p>\n<p><strong>Opciones de transporte<\/strong><\/p>\n<ul>\n<li>2 anillos D-Ring con correa para usar como correa para el hombro<\/li>\n<li>&#8211; Correa trasera de cintur\u00f3n de doble toque para usar en el cintur\u00f3n<\/li>\n<li>Un asa en la parte superior para equipaje de mano<\/li>\n<\/ul>\n","protected":false},"excerpt":{"rendered":"<p>JJC DLP-5II Bolsa de Lente Resistente al Agua Deluxe &#8211; 110x190mm La bolsa para lentes JJC Deluxe est\u00e1 dise\u00f1ada para<\/p>\n","protected":false},"featured_media":32980,"comment_status":"closed","ping_status":"open","template":"","meta":{"_acf_changed":false},"product_brand":[2547],"product_cat":[912],"product_tag":[],"class_list":{"0":"post-74601","1":"product","2":"type-product","3":"status-publish","4":"has-post-thumbnail","6":"product_brand-jjc-es","7":"product_cat-para-objetivos","9":"first","10":"instock","11":"taxable","12":"shipping-taxable","13":"purchasable","14":"product-type-simple"},"bundled_by":[],"bundle_stock_status":"instock","bundle_stock_quantity":1,"bundle_virtual":false,"bundle_layout":"","bundle_add_to_cart_form_location":"","bundle_editable_in_cart":false,"bundle_sold_individually_context":"","bundle_item_grouping":"","bundle_min_size":"","bundle_max_size":"","bundle_price":[],"bundled_items":[],"bundle_sell_ids":[],"acf":[],"_links":{"self":[{"href":"https:\/\/hi-techwonder.com\/es\/wp-json\/wp\/v2\/product\/74601","targetHints":{"allow":["GET"]}}],"collection":[{"href":"https:\/\/hi-techwonder.com\/es\/wp-json\/wp\/v2\/product"}],"about":[{"href":"https:\/\/hi-techwonder.com\/es\/wp-json\/wp\/v2\/types\/product"}],"replies":[{"embeddable":true,"href":"https:\/\/hi-techwonder.com\/es\/wp-json\/wp\/v2\/comments?post=74601"}],"wp:featuredmedia":[{"embeddable":true,"href":"https:\/\/hi-techwonder.com\/es\/wp-json\/wp\/v2\/media\/32980"}],"wp:attachment":[{"href":"https:\/\/hi-techwonder.com\/es\/wp-json\/wp\/v2\/media?parent=74601"}],"wp:term":[{"taxonomy":"product_brand","embeddable":true,"href":"https:\/\/hi-techwonder.com\/es\/wp-json\/wp\/v2\/product_brand?post=74601"},{"taxonomy":"product_cat","embeddable":true,"href":"https:\/\/hi-techwonder.com\/es\/wp-json\/wp\/v2\/product_cat?post=74601"},{"taxonomy":"product_tag","embeddable":true,"href":"https:\/\/hi-techwonder.com\/es\/wp-json\/wp\/v2\/product_tag?post=74601"}],"curies":[{"name":"wp","href":"https:\/\/api.w.org\/{rel}","templated":true}]}}