{"id":74604,"date":"2025-07-28T23:47:31","date_gmt":"2025-07-28T23:47:31","guid":{"rendered":"https:\/\/fv6qoy3ls0.wpdns.site\/product\/jjc-bc-3x16-estuche-de-bateria-16-pilas-aaa\/"},"modified":"2025-12-22T14:15:13","modified_gmt":"2025-12-22T14:15:13","slug":"jjc-bc-3x16-estuche-de-bateria-16-pilas-aaa","status":"publish","type":"product","link":"https:\/\/hi-techwonder.com\/es\/producto\/jjc-bc-3x16-estuche-de-bateria-16-pilas-aaa\/","title":{"rendered":"JJC BC-3X16 Estuche de bater\u00eda &#8211; 16 pilas AAA"},"content":{"rendered":"<p><strong>JJC BC-3X16 Estuche de bater\u00eda &#8211; 16 pilas AAA<\/strong><\/p>\n<p><strong>Caracter\u00edsticas principales:<\/strong><\/p>\n<ul>\n<li>Para el almacenamiento y transporte seguro de 16 pilas AAA.<\/li>\n<li>Hecho de policarbonato resistente y duradero.&nbsp;<\/li>\n<li>La almohadilla interior de la esponja evita que las bater\u00edas golpeen.<\/li>\n<li>Protege las bater\u00edas del polvo, la humedad, los golpes y las salpicaduras de agua.<\/li>\n<li>Sistema de bloqueo duradero y ergon\u00f3mico para facilitar la apertura y el cierre<\/li>\n<\/ul>\n<p>La caja de bater\u00eda multifuncional JJC BC-3X16AAA es una caja resistente y duradera hecha de policarbonato de alta calidad para almacenar 16 bater\u00edas AAA. El estuche mantiene las bater\u00edas bien organizadas y a salvo de cortocircuitos o p\u00e9rdidas. Adem\u00e1s, el soporte de la bater\u00eda protege las bater\u00edas del polvo, la humedad, los golpes y las salpicaduras de agua.  &nbsp;<\/p>\n<p>La almohadilla de esponja interior tambi\u00e9n proporciona una protecci\u00f3n eficaz contra los da\u00f1os por impacto. El sistema de cierre duradero y ergon\u00f3mico garantiza una f\u00e1cil apertura y cierre. <\/p>\n","protected":false},"excerpt":{"rendered":"<p>JJC BC-3X16 Estuche de bater\u00eda &#8211; 16 pilas AAA Caracter\u00edsticas principales: Para el almacenamiento y transporte seguro de 16 pilas<\/p>\n","protected":false},"featured_media":27756,"comment_status":"closed","ping_status":"open","template":"","meta":{"_acf_changed":false},"product_brand":[2547],"product_cat":[1026],"product_tag":[],"class_list":{"0":"post-74604","1":"product","2":"type-product","3":"status-publish","4":"has-post-thumbnail","6":"product_brand-jjc-es","7":"product_cat-accesorios-almacenamiento","9":"first","10":"instock","11":"taxable","12":"shipping-taxable","13":"purchasable","14":"product-type-simple"},"bundled_by":[],"bundle_stock_status":"instock","bundle_stock_quantity":2,"bundle_virtual":false,"bundle_layout":"","bundle_add_to_cart_form_location":"","bundle_editable_in_cart":false,"bundle_sold_individually_context":"","bundle_item_grouping":"","bundle_min_size":"","bundle_max_size":"","bundle_price":[],"bundled_items":[],"bundle_sell_ids":[],"acf":[],"_links":{"self":[{"href":"https:\/\/hi-techwonder.com\/es\/wp-json\/wp\/v2\/product\/74604","targetHints":{"allow":["GET"]}}],"collection":[{"href":"https:\/\/hi-techwonder.com\/es\/wp-json\/wp\/v2\/product"}],"about":[{"href":"https:\/\/hi-techwonder.com\/es\/wp-json\/wp\/v2\/types\/product"}],"replies":[{"embeddable":true,"href":"https:\/\/hi-techwonder.com\/es\/wp-json\/wp\/v2\/comments?post=74604"}],"wp:featuredmedia":[{"embeddable":true,"href":"https:\/\/hi-techwonder.com\/es\/wp-json\/wp\/v2\/media\/27756"}],"wp:attachment":[{"href":"https:\/\/hi-techwonder.com\/es\/wp-json\/wp\/v2\/media?parent=74604"}],"wp:term":[{"taxonomy":"product_brand","embeddable":true,"href":"https:\/\/hi-techwonder.com\/es\/wp-json\/wp\/v2\/product_brand?post=74604"},{"taxonomy":"product_cat","embeddable":true,"href":"https:\/\/hi-techwonder.com\/es\/wp-json\/wp\/v2\/product_cat?post=74604"},{"taxonomy":"product_tag","embeddable":true,"href":"https:\/\/hi-techwonder.com\/es\/wp-json\/wp\/v2\/product_tag?post=74604"}],"curies":[{"name":"wp","href":"https:\/\/api.w.org\/{rel}","templated":true}]}}