{"id":74606,"date":"2025-07-28T23:47:39","date_gmt":"2025-07-28T23:47:39","guid":{"rendered":"https:\/\/fv6qoy3ls0.wpdns.site\/product\/bateria-y-estuche-para-tarjeta-sd-jjc-bc-3un1\/"},"modified":"2026-01-31T03:29:05","modified_gmt":"2026-01-31T03:29:05","slug":"jjc-bateria-y-estuche-para-tarjeta-sd-jjc-bc-3un1","status":"publish","type":"product","link":"https:\/\/hi-techwonder.com\/es\/producto\/jjc-bateria-y-estuche-para-tarjeta-sd-jjc-bc-3un1\/","title":{"rendered":"Bater\u00eda y estuche para tarjeta SD JJC BC-3UN1"},"content":{"rendered":"<p>La caja de bater\u00eda multifuncional <strong>JJC BC-3UN1<\/strong> no solo es una protecci\u00f3n \u00fatil para sus bater\u00edas, sino que tambi\u00e9n ofrece espacio para dos tarjetas de memoria SD, cuatro micro SD y dos XQD y un lector de tarjetas JJC USB 3.0 adicional. La caja est\u00e1 hecha de materiales de alta calidad y es resistente y duradera. <\/p>\n<p><strong>Protecci\u00f3n \u00f3ptima<\/strong><\/p>\n<p>Gracias al interior de algod\u00f3n suave, esta funda es la protecci\u00f3n ideal para sus bater\u00edas y tarjetas de memoria, adem\u00e1s de evitar cortocircuitos debido a la fricci\u00f3n. Es resistente a la humedad y protege de la suciedad. <\/p>\n<p>Es ligero y f\u00e1cil de transportar.<\/p>\n<p><strong>Funciones:&nbsp;<\/strong><\/p>\n<ul>\n<li>Estuche de bater\u00eda multifuncional 3 en 1<\/li>\n<li>Con espacio para 2 tarjetas de memoria SD, 4 micro SD, 2 XQD y un lector de tarjetas JJC USB 3.0<\/li>\n<li>Fabricado con materiales de alta calidad<\/li>\n<li>Resistente y duradero<\/li>\n<li>Repelente al agua y a la suciedad<\/li>\n<li>Protecci\u00f3n \u00f3ptima<\/li>\n<li>Espacio para dos bater\u00edas (Canon LP-E6, LP-E8, LP-E12, LP-E17, NB-13L, Fujifilm NP-W126, NP-W126S, NP-95, Sony NP-FZ100, NP-FW50, NP-BX1, Olympus BLS-5, BLN-1, Nikon EN-EL15 y EN-EL14)<\/li>\n<\/ul>\n","protected":false},"excerpt":{"rendered":"<p>La caja de bater\u00eda multifuncional JJC BC-3UN1 no solo es una protecci\u00f3n \u00fatil para sus bater\u00edas, sino que tambi\u00e9n ofrece<\/p>\n","protected":false},"featured_media":27805,"comment_status":"closed","ping_status":"open","template":"","meta":{"_acf_changed":false},"product_brand":[2547],"product_cat":[1026],"product_tag":[],"class_list":{"0":"post-74606","1":"product","2":"type-product","3":"status-publish","4":"has-post-thumbnail","6":"product_brand-jjc-es","7":"product_cat-accesorios-almacenamiento","9":"first","10":"instock","11":"taxable","12":"shipping-taxable","13":"purchasable","14":"product-type-simple"},"bundled_by":[],"bundle_stock_status":"instock","bundle_stock_quantity":2,"bundle_virtual":false,"bundle_layout":"","bundle_add_to_cart_form_location":"","bundle_editable_in_cart":false,"bundle_sold_individually_context":"","bundle_item_grouping":"","bundle_min_size":"","bundle_max_size":"","bundle_price":[],"bundled_items":[],"bundle_sell_ids":[],"acf":[],"_links":{"self":[{"href":"https:\/\/hi-techwonder.com\/es\/wp-json\/wp\/v2\/product\/74606","targetHints":{"allow":["GET"]}}],"collection":[{"href":"https:\/\/hi-techwonder.com\/es\/wp-json\/wp\/v2\/product"}],"about":[{"href":"https:\/\/hi-techwonder.com\/es\/wp-json\/wp\/v2\/types\/product"}],"replies":[{"embeddable":true,"href":"https:\/\/hi-techwonder.com\/es\/wp-json\/wp\/v2\/comments?post=74606"}],"wp:featuredmedia":[{"embeddable":true,"href":"https:\/\/hi-techwonder.com\/es\/wp-json\/wp\/v2\/media\/27805"}],"wp:attachment":[{"href":"https:\/\/hi-techwonder.com\/es\/wp-json\/wp\/v2\/media?parent=74606"}],"wp:term":[{"taxonomy":"product_brand","embeddable":true,"href":"https:\/\/hi-techwonder.com\/es\/wp-json\/wp\/v2\/product_brand?post=74606"},{"taxonomy":"product_cat","embeddable":true,"href":"https:\/\/hi-techwonder.com\/es\/wp-json\/wp\/v2\/product_cat?post=74606"},{"taxonomy":"product_tag","embeddable":true,"href":"https:\/\/hi-techwonder.com\/es\/wp-json\/wp\/v2\/product_tag?post=74606"}],"curies":[{"name":"wp","href":"https:\/\/api.w.org\/{rel}","templated":true}]}}