{"id":74608,"date":"2025-07-28T23:47:22","date_gmt":"2025-07-28T23:47:22","guid":{"rendered":"https:\/\/fv6qoy3ls0.wpdns.site\/product\/jjc-bc-3lpe6-estuche-para-2x-baterias-y-6x-sd\/"},"modified":"2025-12-22T14:15:08","modified_gmt":"2025-12-22T14:15:08","slug":"jjc-bc-3lpe6-estuche-para-2x-baterias-y-6x-sd","status":"publish","type":"product","link":"https:\/\/hi-techwonder.com\/es\/producto\/jjc-bc-3lpe6-estuche-para-2x-baterias-y-6x-sd\/","title":{"rendered":"JJC BC-3LPE6 Estuche para 2x Bater\u00edas y 6x SD"},"content":{"rendered":"<p>Estuche multifunci\u00f3n para 2 bater\u00edas Canon LP-E6\/LP-E6N o similar y 6x SD.<\/p>\n<p>La caja de bater\u00eda multifuncional de la serie JJC BC-3 no es solo una caja de bater\u00eda, sino tambi\u00e9n una caja de tarjeta de memoria. Hecho de material de PC de alta calidad, el estuche de la bater\u00eda es resistente y duradero. Puede almacenar bater\u00edas seleccionadas y tarjetas de memoria adicionales. La caja de la bater\u00eda puede proporcionar una mejor protecci\u00f3n a su bater\u00eda y mantenerla alejada de cortocircuitos. La almohadilla de esponja interna tambi\u00e9n puede evitar eficazmente que sus tarjetas de memoria se da\u00f1en. Adem\u00e1s, el estuche de la bater\u00eda puede proteger sus bater\u00edas y tarjetas de memoria del polvo, los golpes y las salpicaduras de agua. Adem\u00e1s, el sistema de bloqueo ergon\u00f3mico puede facilitar la apertura y el cierre. Hay muchos modelos diferentes disponibles.       <\/p>\n<p><strong>Caracter\u00edstica de producto:<\/strong><\/p>\n<ul>\n<li>Caja de bater\u00eda multifuncional 2 en 1<\/li>\n<li>BC-3LPE6 se adapta a 2 bater\u00edas Canon LP-E6\/LP-E6N o similares.<\/li>\n<li>BC-3LPE6 puede almacenar 6 tarjetas de memoria SD adicionales<\/li>\n<li>Hecho de material de PC de alta calidad, resistente y duradero<\/li>\n<li>Protege sus tarjetas del polvo, los golpes y las salpicaduras de agua<\/li>\n<li>Mejor protecci\u00f3n para su bater\u00eda, evite cortocircuitos<\/li>\n<\/ul>\n<p><strong>BC-3LPE6 Capacidad:<\/strong><\/p>\n<ul>\n<li>Compatible con pilas Canon LP-E6\/LP-E6N x 2 o similares.<\/li>\n<li>Compatible con tarjeta SD x 6<\/li>\n<\/ul>\n","protected":false},"excerpt":{"rendered":"<p>Estuche multifunci\u00f3n para 2 bater\u00edas Canon LP-E6\/LP-E6N o similar y 6x SD. La caja de bater\u00eda multifuncional de la serie<\/p>\n","protected":false},"featured_media":27737,"comment_status":"closed","ping_status":"open","template":"","meta":{"_acf_changed":false},"product_brand":[2547],"product_cat":[1026],"product_tag":[],"class_list":{"0":"post-74608","1":"product","2":"type-product","3":"status-publish","4":"has-post-thumbnail","6":"product_brand-jjc-es","7":"product_cat-accesorios-almacenamiento","9":"first","10":"instock","11":"taxable","12":"shipping-taxable","13":"purchasable","14":"product-type-simple"},"bundled_by":[],"bundle_stock_status":"instock","bundle_stock_quantity":1,"bundle_virtual":false,"bundle_layout":"","bundle_add_to_cart_form_location":"","bundle_editable_in_cart":false,"bundle_sold_individually_context":"","bundle_item_grouping":"","bundle_min_size":"","bundle_max_size":"","bundle_price":[],"bundled_items":[],"bundle_sell_ids":[],"acf":[],"_links":{"self":[{"href":"https:\/\/hi-techwonder.com\/es\/wp-json\/wp\/v2\/product\/74608","targetHints":{"allow":["GET"]}}],"collection":[{"href":"https:\/\/hi-techwonder.com\/es\/wp-json\/wp\/v2\/product"}],"about":[{"href":"https:\/\/hi-techwonder.com\/es\/wp-json\/wp\/v2\/types\/product"}],"replies":[{"embeddable":true,"href":"https:\/\/hi-techwonder.com\/es\/wp-json\/wp\/v2\/comments?post=74608"}],"wp:featuredmedia":[{"embeddable":true,"href":"https:\/\/hi-techwonder.com\/es\/wp-json\/wp\/v2\/media\/27737"}],"wp:attachment":[{"href":"https:\/\/hi-techwonder.com\/es\/wp-json\/wp\/v2\/media?parent=74608"}],"wp:term":[{"taxonomy":"product_brand","embeddable":true,"href":"https:\/\/hi-techwonder.com\/es\/wp-json\/wp\/v2\/product_brand?post=74608"},{"taxonomy":"product_cat","embeddable":true,"href":"https:\/\/hi-techwonder.com\/es\/wp-json\/wp\/v2\/product_cat?post=74608"},{"taxonomy":"product_tag","embeddable":true,"href":"https:\/\/hi-techwonder.com\/es\/wp-json\/wp\/v2\/product_tag?post=74608"}],"curies":[{"name":"wp","href":"https:\/\/api.w.org\/{rel}","templated":true}]}}