{"id":74612,"date":"2025-07-29T09:02:27","date_gmt":"2025-07-29T09:02:27","guid":{"rendered":"https:\/\/fv6qoy3ls0.wpdns.site\/product\/anillo-inversor-jjc-72mm-nikon\/"},"modified":"2026-01-31T02:46:10","modified_gmt":"2026-01-31T02:46:10","slug":"jjc-anillo-inversor-jjc-72mm-nikon","status":"publish","type":"product","link":"https:\/\/hi-techwonder.com\/es\/producto\/jjc-anillo-inversor-jjc-72mm-nikon\/","title":{"rendered":"Anillo inversor JJC 72mm Nikon"},"content":{"rendered":"<div id=\"ContentPlaceHolder1_divProductDescription\">\n<p style=\"text-align: justify\"><span style=\"font-size: small\"><strong><span style=\"text-decoration: underline\">Funciones:<\/strong><br \/><\/span><\/span><\/p>\n<ul style=\"text-align: justify\">\n<li><span style=\"font-size: small\">Este anillo le permite disparar macro a un precio bajo montando una lente al rev\u00e9s en el cuerpo de su c\u00e1mara.<\/span><\/li>\n<li><span style=\"font-size: small\">  Con este anillo, puede convertir cualquier lente en una lente macro de gran aumento con buena calidad de imagen.<\/span><\/li>\n<li><span style=\"font-size: small\"> Este anillo de inversi\u00f3n est\u00e1 preparado para lentes con rosca frontal de <span style=\"text-decoration: underline\">72 mm<\/span>.<\/span><\/li>\n<li><span style=\"font-size: small\">  El enfoque y la apertura se ajustan manualmente.<\/span><\/li>\n<li><span style=\"font-size: small\">  La gran ventaja de este equipo macro es que representa una inversi\u00f3n extremadamente baja en comparaci\u00f3n con el resultado, este \u00faltimo depende \u00fanicamente de la calidad de la lente.<\/span><\/li>\n<li><span style=\"font-size: small\">  Se puede utilizar con cualquier objetivo, independientemente de la marca y el sistema, con enfoque autom\u00e1tico o manual. Una lente manual tiene la ventaja del ajuste del diafragma por s\u00ed sola. <\/span><\/li>\n<li><span style=\"font-size: small\">  Se deben elegir aperturas entre f8 y f16 para obtener una buena profundidad de campo.<\/span><\/li>\n<li style=\"text-align: justify\"><span style=\"font-size: small\">  Esencial para obtener buenos resultados es tambi\u00e9n el uso de un tr\u00edpode y un disparador de cable.<\/span><\/li>\n<\/ul>\n<\/div>\n","protected":false},"excerpt":{"rendered":"<p>Funciones: Este anillo le permite disparar macro a un precio bajo montando una lente al rev\u00e9s en el cuerpo de<\/p>\n","protected":false},"featured_media":44464,"comment_status":"closed","ping_status":"open","template":"","meta":{"_acf_changed":false},"product_brand":[2547],"product_cat":[972],"product_tag":[],"class_list":{"0":"post-74612","1":"product","2":"type-product","3":"status-publish","4":"has-post-thumbnail","6":"product_brand-jjc-es","7":"product_cat-fotografia-macro-es","9":"first","10":"instock","11":"taxable","12":"shipping-taxable","13":"purchasable","14":"product-type-simple"},"bundled_by":[],"bundle_stock_status":"instock","bundle_stock_quantity":1,"bundle_virtual":false,"bundle_layout":"","bundle_add_to_cart_form_location":"","bundle_editable_in_cart":false,"bundle_sold_individually_context":"","bundle_item_grouping":"","bundle_min_size":"","bundle_max_size":"","bundle_price":[],"bundled_items":[],"bundle_sell_ids":[],"acf":[],"_links":{"self":[{"href":"https:\/\/hi-techwonder.com\/es\/wp-json\/wp\/v2\/product\/74612","targetHints":{"allow":["GET"]}}],"collection":[{"href":"https:\/\/hi-techwonder.com\/es\/wp-json\/wp\/v2\/product"}],"about":[{"href":"https:\/\/hi-techwonder.com\/es\/wp-json\/wp\/v2\/types\/product"}],"replies":[{"embeddable":true,"href":"https:\/\/hi-techwonder.com\/es\/wp-json\/wp\/v2\/comments?post=74612"}],"wp:featuredmedia":[{"embeddable":true,"href":"https:\/\/hi-techwonder.com\/es\/wp-json\/wp\/v2\/media\/44464"}],"wp:attachment":[{"href":"https:\/\/hi-techwonder.com\/es\/wp-json\/wp\/v2\/media?parent=74612"}],"wp:term":[{"taxonomy":"product_brand","embeddable":true,"href":"https:\/\/hi-techwonder.com\/es\/wp-json\/wp\/v2\/product_brand?post=74612"},{"taxonomy":"product_cat","embeddable":true,"href":"https:\/\/hi-techwonder.com\/es\/wp-json\/wp\/v2\/product_cat?post=74612"},{"taxonomy":"product_tag","embeddable":true,"href":"https:\/\/hi-techwonder.com\/es\/wp-json\/wp\/v2\/product_tag?post=74612"}],"curies":[{"name":"wp","href":"https:\/\/api.w.org\/{rel}","templated":true}]}}