{"id":74615,"date":"2025-07-29T08:53:55","date_gmt":"2025-07-29T08:53:55","guid":{"rendered":"https:\/\/fv6qoy3ls0.wpdns.site\/product\/ocular-montura-de-esponja-jjc-ec-u2-canon-eg\/"},"modified":"2026-01-31T02:53:20","modified_gmt":"2026-01-31T02:53:20","slug":"jjc-ocular-montura-de-esponja-jjc-ec-u2-canon-eg","status":"publish","type":"product","link":"https:\/\/hi-techwonder.com\/es\/producto\/jjc-ocular-montura-de-esponja-jjc-ec-u2-canon-eg\/","title":{"rendered":"Ocular \/ Montura de esponja JJC EC-U2 Canon Eg"},"content":{"rendered":"<p style=\"text-align: justify\"><span style=\"font-size: small\">Proporciona amortiguaci\u00f3n alrededor del ocular de la c\u00e1mara y es especialmente \u00fatil para los usuarios con gafas.<\/span><\/p>\n<p style=\"text-align: justify\"><span style=\"font-size: small\"><strong>Compatible con:  <\/strong><br \/><\/span><\/p>\n<ul>\n<li>&nbsp;EOS-1D Mark III\/IV, EOS-1D X, EOS-1Ds Mark III, EOS 7D y EOS 5D Mark III<\/li>\n<\/ul>\n","protected":false},"excerpt":{"rendered":"<p>Proporciona amortiguaci\u00f3n alrededor del ocular de la c\u00e1mara y es especialmente \u00fatil para los usuarios con gafas. Compatible con: &nbsp;EOS-1D<\/p>\n","protected":false},"featured_media":42486,"comment_status":"closed","ping_status":"open","template":"","meta":{"_acf_changed":false},"product_brand":[2547],"product_cat":[921],"product_tag":[],"class_list":{"0":"post-74615","1":"product","2":"type-product","3":"status-publish","4":"has-post-thumbnail","6":"product_brand-jjc-es","7":"product_cat-oculares-es","9":"first","10":"instock","11":"taxable","12":"shipping-taxable","13":"purchasable","14":"product-type-simple"},"bundled_by":[],"bundle_stock_status":"instock","bundle_stock_quantity":2,"bundle_virtual":false,"bundle_layout":"","bundle_add_to_cart_form_location":"","bundle_editable_in_cart":false,"bundle_sold_individually_context":"","bundle_item_grouping":"","bundle_min_size":"","bundle_max_size":"","bundle_price":[],"bundled_items":[],"bundle_sell_ids":[],"acf":[],"_links":{"self":[{"href":"https:\/\/hi-techwonder.com\/es\/wp-json\/wp\/v2\/product\/74615","targetHints":{"allow":["GET"]}}],"collection":[{"href":"https:\/\/hi-techwonder.com\/es\/wp-json\/wp\/v2\/product"}],"about":[{"href":"https:\/\/hi-techwonder.com\/es\/wp-json\/wp\/v2\/types\/product"}],"replies":[{"embeddable":true,"href":"https:\/\/hi-techwonder.com\/es\/wp-json\/wp\/v2\/comments?post=74615"}],"wp:featuredmedia":[{"embeddable":true,"href":"https:\/\/hi-techwonder.com\/es\/wp-json\/wp\/v2\/media\/42486"}],"wp:attachment":[{"href":"https:\/\/hi-techwonder.com\/es\/wp-json\/wp\/v2\/media?parent=74615"}],"wp:term":[{"taxonomy":"product_brand","embeddable":true,"href":"https:\/\/hi-techwonder.com\/es\/wp-json\/wp\/v2\/product_brand?post=74615"},{"taxonomy":"product_cat","embeddable":true,"href":"https:\/\/hi-techwonder.com\/es\/wp-json\/wp\/v2\/product_cat?post=74615"},{"taxonomy":"product_tag","embeddable":true,"href":"https:\/\/hi-techwonder.com\/es\/wp-json\/wp\/v2\/product_tag?post=74615"}],"curies":[{"name":"wp","href":"https:\/\/api.w.org\/{rel}","templated":true}]}}