{"id":74616,"date":"2025-07-28T23:47:31","date_gmt":"2025-07-28T23:47:31","guid":{"rendered":"https:\/\/fv6qoy3ls0.wpdns.site\/product\/estuche-jjc-para-2x-bateria-y-3x-cfexpress-b\/"},"modified":"2026-01-31T03:29:09","modified_gmt":"2026-01-31T03:29:09","slug":"jjc-estuche-jjc-para-2x-bateria-y-3x-cfexpress-b","status":"publish","type":"product","link":"https:\/\/hi-techwonder.com\/es\/producto\/jjc-estuche-jjc-para-2x-bateria-y-3x-cfexpress-b\/","title":{"rendered":"Estuche JJC para 2x Bater\u00eda y 3x CFexpress B"},"content":{"rendered":"<p><strong>JJC BC-3XQD3 Estuche para 2x Bater\u00eda y 3 Tarjetas XQD<\/strong><\/p>\n<p>Este estuche multifuncional no solo es una protecci\u00f3n \u00fatil para sus bater\u00edas, sino que tambi\u00e9n proporciona espacio para 3 tarjetas de memoria XQD. La caja est\u00e1 hecha de materiales de alta calidad, es resistente y duradera. <\/p>\n<p><strong>Protecci\u00f3n \u00f3ptima<\/strong><\/p>\n<p>Este estuche es adecuado para varias bater\u00edas con un tama\u00f1o m\u00e1ximo de 59x39x22 mm y no solo brinda protecci\u00f3n sino que tambi\u00e9n evita cortocircuitos debido a la fricci\u00f3n. El interior de algod\u00f3n suave proporciona una protecci\u00f3n \u00f3ptima para la bater\u00eda y las tarjetas de memoria. Tiene juntas que lo hacen resistente al agua y el polvo no puede penetrar. Es un estuche liviano que es f\u00e1cil de transportar.   <\/p>\n<p><strong>Caracter\u00edsticas principales:<\/strong><\/p>\n<ul>\n<li>Caja de bater\u00edas multifuncional 2 en 1.<\/li>\n<li>Adecuado para bater\u00edas con un tama\u00f1o m\u00e1ximo de 59x39x22mm.<\/li>\n<li>Tiene espacio para 2 bater\u00edas y 3 tarjetas de memoria XQD.<\/li>\n<li>Fabricado con materiales de alta calidad.<\/li>\n<li>Resistente y duradero.<\/li>\n<li>Repelente al agua y a la suciedad.<\/li>\n<li>Protecci\u00f3n \u00f3ptima.<\/li>\n<\/ul>\n","protected":false},"excerpt":{"rendered":"<p>JJC BC-3XQD3 Estuche para 2x Bater\u00eda y 3 Tarjetas XQD Este estuche multifuncional no solo es una protecci\u00f3n \u00fatil para<\/p>\n","protected":false},"featured_media":27794,"comment_status":"closed","ping_status":"open","template":"","meta":{"_acf_changed":false},"product_brand":[2547],"product_cat":[1026],"product_tag":[],"class_list":{"0":"post-74616","1":"product","2":"type-product","3":"status-publish","4":"has-post-thumbnail","6":"product_brand-jjc-es","7":"product_cat-accesorios-almacenamiento","9":"first","10":"instock","11":"taxable","12":"shipping-taxable","13":"purchasable","14":"product-type-simple"},"bundled_by":[],"bundle_stock_status":"instock","bundle_stock_quantity":1,"bundle_virtual":false,"bundle_layout":"","bundle_add_to_cart_form_location":"","bundle_editable_in_cart":false,"bundle_sold_individually_context":"","bundle_item_grouping":"","bundle_min_size":"","bundle_max_size":"","bundle_price":[],"bundled_items":[],"bundle_sell_ids":[],"acf":[],"_links":{"self":[{"href":"https:\/\/hi-techwonder.com\/es\/wp-json\/wp\/v2\/product\/74616","targetHints":{"allow":["GET"]}}],"collection":[{"href":"https:\/\/hi-techwonder.com\/es\/wp-json\/wp\/v2\/product"}],"about":[{"href":"https:\/\/hi-techwonder.com\/es\/wp-json\/wp\/v2\/types\/product"}],"replies":[{"embeddable":true,"href":"https:\/\/hi-techwonder.com\/es\/wp-json\/wp\/v2\/comments?post=74616"}],"wp:featuredmedia":[{"embeddable":true,"href":"https:\/\/hi-techwonder.com\/es\/wp-json\/wp\/v2\/media\/27794"}],"wp:attachment":[{"href":"https:\/\/hi-techwonder.com\/es\/wp-json\/wp\/v2\/media?parent=74616"}],"wp:term":[{"taxonomy":"product_brand","embeddable":true,"href":"https:\/\/hi-techwonder.com\/es\/wp-json\/wp\/v2\/product_brand?post=74616"},{"taxonomy":"product_cat","embeddable":true,"href":"https:\/\/hi-techwonder.com\/es\/wp-json\/wp\/v2\/product_cat?post=74616"},{"taxonomy":"product_tag","embeddable":true,"href":"https:\/\/hi-techwonder.com\/es\/wp-json\/wp\/v2\/product_tag?post=74616"}],"curies":[{"name":"wp","href":"https:\/\/api.w.org\/{rel}","templated":true}]}}