{"id":74618,"date":"2025-07-28T23:47:22","date_gmt":"2025-07-28T23:47:22","guid":{"rendered":"https:\/\/fv6qoy3ls0.wpdns.site\/product\/estuche-jjc-para-2-baterias-y-2-tarjetas-cf\/"},"modified":"2026-01-31T03:29:12","modified_gmt":"2026-01-31T03:29:12","slug":"jjc-estuche-jjc-para-2-baterias-y-2-tarjetas-cf","status":"publish","type":"product","link":"https:\/\/hi-techwonder.com\/es\/producto\/jjc-estuche-jjc-para-2-baterias-y-2-tarjetas-cf\/","title":{"rendered":"Estuche JJC para 2 bater\u00edas y 2 tarjetas CF"},"content":{"rendered":"<p><strong>JJC BC-3CF2 Funda protectora para 2 bater\u00edas y 2 tarjetas CF (Compact Flash)<\/strong><\/p>\n<p>Esta caja multifuncional no es solo una caja de bater\u00edas, sino tambi\u00e9n una caja de tarjeta de memoria. Hecho de policarbonato de alta calidad, es resistente y duradero. Puede almacenar diferentes modelos de bater\u00eda y 2 tarjetas CF adicionales. La caja proporciona una mejor protecci\u00f3n de la bater\u00eda y evita que se cortocircuite. La almohadilla de algod\u00f3n interior puede evitar que sus tarjetas de memoria se da\u00f1en. Adem\u00e1s, los escombros y el polvo no entrar\u00e1n en la caja debido al sello antipolvo. La caja es liviana para facilitar el transporte.      <\/p>\n<p><strong>Productos destacados:<\/strong><\/p>\n<ul>\n<li>Caja de bater\u00edas multifunci\u00f3n 2 en 1<\/li>\n<li>Compatible con diferentes modelos de bater\u00eda<\/li>\n<li>Puede almacenar 2 tarjetas CF<\/li>\n<li>Hecho de policarbonato de alta calidad, resistente y duradero<\/li>\n<li>El sello antipolvo evita el polvo y los escombros<\/li>\n<li>Mejor protecci\u00f3n para su bater\u00eda, evita cortocircuitos<\/li>\n<li>Compatible con bater\u00edas \u2264 59 x 39 x 21 mm:\n<ul>\n<li>Canon LP-E6, LP-E8, LP-E12, LP-E17, NB-13L<\/li>\n<li>Fujifilm NP-W126, NP-W126S, NP-95<\/li>\n<li>Sony NP-FZ100, NP-FW50, NP-BX1<\/li>\n<li>Olympus BLS-5, BLN-1<\/li>\n<li>Nikon EN-EL15, EN-EL14<\/li>\n<li>Otro<\/li>\n<\/ul>\n<\/li>\n<li>(Se proporcionan seis almohadillas de algod\u00f3n para proteger mejor su bater\u00eda)<\/li>\n<\/ul>\n<p><strong>Contenido del paquete:<\/strong><\/p>\n<ul>\n<li>1x JJC BC-3CF2 Funda protectora para 2x Bater\u00eda y 2x Tarjetas CF (Compact Flash)<\/li>\n<li>6 cojines de algod\u00f3n de 1 mm<\/li>\n<\/ul>\n<div>&nbsp;<\/div>\n<div>\n<p><strong>Caracter\u00edsticas t\u00e9cnicas:<\/strong><\/p>\n<table style=\"width: 302px\" border=\"0\" cellspacing=\"0\" cellpadding=\"2\">\n<colgroup>\n<col width=\"146\"><\/colgroup>\n<colgroup>\n<col width=\"148\"> <\/colgroup>\n<tbody>\n<tr>\n<td width=\"146\">\n<p>Peso neto<\/p>\n<\/td>\n<td width=\"148\">\n<p>106 gramos<\/p>\n<\/td>\n<\/tr>\n<tr>\n<td width=\"146\">\n<p>Peso bruto<\/p>\n<\/td>\n<td width=\"148\">\n<p>122 gramos<\/p>\n<\/td>\n<\/tr>\n<tr>\n<td width=\"146\">\n<p>Dimensiones del art\u00edculo<\/p>\n<\/td>\n<td width=\"148\">\n<p>126 x 88 x 31 mm<\/p>\n<\/td>\n<\/tr>\n<tr>\n<td width=\"146\">\n<p>Dimensiones del paquete<\/p>\n<\/td>\n<td width=\"148\">\n<p>165 x 90 x 33 mm<\/p>\n<\/td>\n<\/tr>\n<\/tbody>\n<\/table>\n<p> <object><\/object> <\/p>\n<\/div>\n","protected":false},"excerpt":{"rendered":"<p>JJC BC-3CF2 Funda protectora para 2 bater\u00edas y 2 tarjetas CF (Compact Flash) Esta caja multifuncional no es solo una<\/p>\n","protected":false},"featured_media":27724,"comment_status":"closed","ping_status":"open","template":"","meta":{"_acf_changed":false},"product_brand":[2547],"product_cat":[1026],"product_tag":[],"class_list":{"0":"post-74618","1":"product","2":"type-product","3":"status-publish","4":"has-post-thumbnail","6":"product_brand-jjc-es","7":"product_cat-accesorios-almacenamiento","9":"first","10":"instock","11":"taxable","12":"shipping-taxable","13":"purchasable","14":"product-type-simple"},"bundled_by":[],"bundle_stock_status":"instock","bundle_stock_quantity":2,"bundle_virtual":false,"bundle_layout":"","bundle_add_to_cart_form_location":"","bundle_editable_in_cart":false,"bundle_sold_individually_context":"","bundle_item_grouping":"","bundle_min_size":"","bundle_max_size":"","bundle_price":[],"bundled_items":[],"bundle_sell_ids":[],"acf":[],"_links":{"self":[{"href":"https:\/\/hi-techwonder.com\/es\/wp-json\/wp\/v2\/product\/74618","targetHints":{"allow":["GET"]}}],"collection":[{"href":"https:\/\/hi-techwonder.com\/es\/wp-json\/wp\/v2\/product"}],"about":[{"href":"https:\/\/hi-techwonder.com\/es\/wp-json\/wp\/v2\/types\/product"}],"replies":[{"embeddable":true,"href":"https:\/\/hi-techwonder.com\/es\/wp-json\/wp\/v2\/comments?post=74618"}],"wp:featuredmedia":[{"embeddable":true,"href":"https:\/\/hi-techwonder.com\/es\/wp-json\/wp\/v2\/media\/27724"}],"wp:attachment":[{"href":"https:\/\/hi-techwonder.com\/es\/wp-json\/wp\/v2\/media?parent=74618"}],"wp:term":[{"taxonomy":"product_brand","embeddable":true,"href":"https:\/\/hi-techwonder.com\/es\/wp-json\/wp\/v2\/product_brand?post=74618"},{"taxonomy":"product_cat","embeddable":true,"href":"https:\/\/hi-techwonder.com\/es\/wp-json\/wp\/v2\/product_cat?post=74618"},{"taxonomy":"product_tag","embeddable":true,"href":"https:\/\/hi-techwonder.com\/es\/wp-json\/wp\/v2\/product_tag?post=74618"}],"curies":[{"name":"wp","href":"https:\/\/api.w.org\/{rel}","templated":true}]}}