{"id":74620,"date":"2025-07-29T10:00:36","date_gmt":"2025-07-29T10:00:36","guid":{"rendered":"https:\/\/fv6qoy3ls0.wpdns.site\/product\/difusor-de-flash-jjc-canon-600ex-ii-rt\/"},"modified":"2026-02-06T12:46:02","modified_gmt":"2026-02-06T12:46:02","slug":"jjc-difusor-de-flash-jjc-canon-600ex-ii-rt","status":"publish","type":"product","link":"https:\/\/hi-techwonder.com\/es\/producto\/jjc-difusor-de-flash-jjc-canon-600ex-ii-rt\/","title":{"rendered":"Difusor de flash JJC Canon 600EX II-RT"},"content":{"rendered":"<p><span style=\"font-size: small\">El difusor encaja perfectamente con el flash Canon 600EX II-RT. El difusor de flash presenta una alta transmitancia y resistencia a la abrasi\u00f3n.<br \/>Est\u00e1 dise\u00f1ado principalmente para difundir la salida del flash, produciendo sombras m\u00e1s suaves y una luz m\u00e1s natural en lugar de la luz m\u00e1s dura cuando se usa el flash directamente.<br \/>La luz no provendr\u00e1 de una fuente concentrada (como un proyector), sino que se dispersar\u00e1, se reflejar\u00e1 en los techos y las paredes y, por lo tanto, eliminar\u00e1 la luz y las sombras intensas.<br \/>Adem\u00e1s, la superficie no lisa en el interior del difusor puede dispersar a\u00fan m\u00e1s la luz del flash. Una vez que el difusor est\u00e9 instalado en el cabezal del flash, apretar\u00e1 el detector al adaptador de rebote.  <br \/>As\u00ed, el flash detecta el difusor y la cobertura del flash se ajusta autom\u00e1ticamente. El difusor simplemente encaja en el cabezal del flash, con montaje personalizado, sin necesidad de leng\u00fcetas de fijaci\u00f3n.<br \/>Y el difusor de flash se puede usar con el filtro de color del paquete original Canon 600EX II-RT simult\u00e1neamente.<br \/>Adem\u00e1s, este difusor adopta un revestimiento mate en la superficie exterior para aumentar la difusi\u00f3n de manera efectiva.<br \/>El JJC FC-600EXII reemplaza al Canon SBA-E3. <\/p>\n<p><strong>Contenido del paquete:<\/strong><br \/><\/span><\/p>\n<ul>\n<li><span style=\"font-size: small\">1x Difusor JJC para flash Canon 600EX II-RT<\/span><\/li>\n<\/ul>\n","protected":false},"excerpt":{"rendered":"<p>El difusor encaja perfectamente con el flash Canon 600EX II-RT. El difusor de flash presenta una alta transmitancia y resistencia<\/p>\n","protected":false},"featured_media":57053,"comment_status":"closed","ping_status":"open","template":"","meta":{"_acf_changed":false},"product_brand":[2547],"product_cat":[1023],"product_tag":[],"class_list":{"0":"post-74620","1":"product","2":"type-product","3":"status-publish","4":"has-post-thumbnail","6":"product_brand-jjc-es","7":"product_cat-modificadores-de-luz-es","9":"first","10":"instock","11":"taxable","12":"shipping-taxable","13":"purchasable","14":"product-type-simple"},"bundled_by":[],"bundle_stock_status":"instock","bundle_stock_quantity":1,"bundle_virtual":false,"bundle_layout":"","bundle_add_to_cart_form_location":"","bundle_editable_in_cart":false,"bundle_sold_individually_context":"","bundle_item_grouping":"","bundle_min_size":"","bundle_max_size":"","bundle_price":[],"bundled_items":[],"bundle_sell_ids":[],"acf":[],"_links":{"self":[{"href":"https:\/\/hi-techwonder.com\/es\/wp-json\/wp\/v2\/product\/74620","targetHints":{"allow":["GET"]}}],"collection":[{"href":"https:\/\/hi-techwonder.com\/es\/wp-json\/wp\/v2\/product"}],"about":[{"href":"https:\/\/hi-techwonder.com\/es\/wp-json\/wp\/v2\/types\/product"}],"replies":[{"embeddable":true,"href":"https:\/\/hi-techwonder.com\/es\/wp-json\/wp\/v2\/comments?post=74620"}],"wp:featuredmedia":[{"embeddable":true,"href":"https:\/\/hi-techwonder.com\/es\/wp-json\/wp\/v2\/media\/57053"}],"wp:attachment":[{"href":"https:\/\/hi-techwonder.com\/es\/wp-json\/wp\/v2\/media?parent=74620"}],"wp:term":[{"taxonomy":"product_brand","embeddable":true,"href":"https:\/\/hi-techwonder.com\/es\/wp-json\/wp\/v2\/product_brand?post=74620"},{"taxonomy":"product_cat","embeddable":true,"href":"https:\/\/hi-techwonder.com\/es\/wp-json\/wp\/v2\/product_cat?post=74620"},{"taxonomy":"product_tag","embeddable":true,"href":"https:\/\/hi-techwonder.com\/es\/wp-json\/wp\/v2\/product_tag?post=74620"}],"curies":[{"name":"wp","href":"https:\/\/api.w.org\/{rel}","templated":true}]}}