{"id":74634,"date":"2025-07-28T23:57:31","date_gmt":"2025-07-28T23:57:31","guid":{"rendered":"https:\/\/fv6qoy3ls0.wpdns.site\/product\/sistema-de-cinturon-de-fotografia-jjc-gb-1\/"},"modified":"2026-01-31T03:19:06","modified_gmt":"2026-01-31T03:19:06","slug":"jjc-sistema-de-cinturon-de-fotografia-jjc-gb-1","status":"publish","type":"product","link":"https:\/\/hi-techwonder.com\/es\/producto\/jjc-sistema-de-cinturon-de-fotografia-jjc-gb-1\/","title":{"rendered":"Sistema de cintur\u00f3n de fotograf\u00eda JJC GB-1"},"content":{"rendered":"<p><b>JJC GB-1 GB-1 Sistema de cintur\u00f3n de fotograf\u00eda<br \/><\/b><\/p>\n<p><\/p>\n<p><b>Funciones<\/b><\/p>\n<ul>\n<li>Admite hasta cinco bolsas de lentes opcionales de la serie JJC DLP<\/li>\n<li>Cuatro anillos en D de metal para sujetar accesorios<\/li>\n<li>Dos correas el\u00e1sticas con hebillas giratorias<\/li>\n<li>Longitud ajustable de 63 a 116 cent\u00edmetros<\/li>\n<\/ul>\n<p><\/p>\n<p>El cintur\u00f3n de fotograf\u00eda utilitario GB-1 de JJC es un cintur\u00f3n dise\u00f1ado para contener hasta cinco bolsas de lentes de la serie DLP. Ligero y duradero, este cintur\u00f3n cuenta con cuatro anillos en D de metal para sujetar otros accesorios. Dos correas el\u00e1sticas con hebilla giratoria proporcionan dos formas de asegurar la c\u00e1mara y el objetivo durante el transporte. Esto evita que su equipo cuelgue en todas las direcciones mientras camina. El GB-1 tiene una hebilla con un bloqueo que evita que la correa se suelte. La longitud del cintur\u00f3n es ajustable de 63 a 116 cent\u00edmetros.     <\/p>\n<p><\/p>\n<p><b>Compatibilidad<\/b><\/p>\n<ul>\n<li>JJC DLP-1 Bolsa para lentes<\/li>\n<li>JJC DLP-1II Bolsa de Lentes de Lujo<\/li>\n<li>JJC DLP-2 Bolsa para lentes<\/li>\n<li>JJC DLP-2II Bolsa de Lentes de Lujo<\/li>\n<li>JJC DLP-3 Bolsa para lentes<\/li>\n<li>JJC DLP-3II Estuche para lentes de lujo<\/li>\n<li>JJC DLP-4 Bolsa para lentes<\/li>\n<li>JJC DLP-4II Bolsa de Lentes de Lujo<\/li>\n<li>JJC DLP-5 Bolsa para lentes<\/li>\n<li>JJC DLP-5II Bolsa de Lentes de Lujo<\/li>\n<li>JJC DLP-6 Bolsa para lentes<\/li>\n<li>JJC DLP-6II Bolsa de Lentes Deluxe<\/li>\n<li>JJC DLP-7 Bolsa de Lente Deluxe<\/li>\n<li>JJC DLP-7II Bolsa de Lentes de Lujo<\/li>\n<li>JJC DLP-8II Bolsa de Lentes de Lujo<\/li>\n<\/ul>\n","protected":false},"excerpt":{"rendered":"<p>JJC GB-1 GB-1 Sistema de cintur\u00f3n de fotograf\u00eda Funciones Admite hasta cinco bolsas de lentes opcionales de la serie JJC<\/p>\n","protected":false},"featured_media":30905,"comment_status":"closed","ping_status":"closed","template":"","meta":{"_acf_changed":false},"product_brand":[2547],"product_cat":[903],"product_tag":[],"class_list":{"0":"post-74634","1":"product","2":"type-product","3":"status-publish","4":"has-post-thumbnail","6":"product_brand-jjc-es","7":"product_cat-correas-y-tirantes","8":"pa_cor-azul-es","9":"pa_cor-negro","11":"first","12":"instock","13":"taxable","14":"shipping-taxable","15":"purchasable","16":"product-type-simple"},"bundled_by":[],"bundle_stock_status":"instock","bundle_stock_quantity":1,"bundle_virtual":false,"bundle_layout":"","bundle_add_to_cart_form_location":"","bundle_editable_in_cart":false,"bundle_sold_individually_context":"","bundle_item_grouping":"","bundle_min_size":"","bundle_max_size":"","bundle_price":[],"bundled_items":[],"bundle_sell_ids":[],"acf":[],"_links":{"self":[{"href":"https:\/\/hi-techwonder.com\/es\/wp-json\/wp\/v2\/product\/74634","targetHints":{"allow":["GET"]}}],"collection":[{"href":"https:\/\/hi-techwonder.com\/es\/wp-json\/wp\/v2\/product"}],"about":[{"href":"https:\/\/hi-techwonder.com\/es\/wp-json\/wp\/v2\/types\/product"}],"replies":[{"embeddable":true,"href":"https:\/\/hi-techwonder.com\/es\/wp-json\/wp\/v2\/comments?post=74634"}],"wp:featuredmedia":[{"embeddable":true,"href":"https:\/\/hi-techwonder.com\/es\/wp-json\/wp\/v2\/media\/30905"}],"wp:attachment":[{"href":"https:\/\/hi-techwonder.com\/es\/wp-json\/wp\/v2\/media?parent=74634"}],"wp:term":[{"taxonomy":"product_brand","embeddable":true,"href":"https:\/\/hi-techwonder.com\/es\/wp-json\/wp\/v2\/product_brand?post=74634"},{"taxonomy":"product_cat","embeddable":true,"href":"https:\/\/hi-techwonder.com\/es\/wp-json\/wp\/v2\/product_cat?post=74634"},{"taxonomy":"product_tag","embeddable":true,"href":"https:\/\/hi-techwonder.com\/es\/wp-json\/wp\/v2\/product_tag?post=74634"}],"curies":[{"name":"wp","href":"https:\/\/api.w.org\/{rel}","templated":true}]}}