{"id":74637,"date":"2025-07-29T08:55:01","date_gmt":"2025-07-29T08:55:01","guid":{"rendered":"https:\/\/fv6qoy3ls0.wpdns.site\/product\/kf-concept-juego-de-4-panos-de-microfibra-40-6x40-6cm\/"},"modified":"2025-09-09T15:28:28","modified_gmt":"2025-09-09T15:28:28","slug":"kf-concept-juego-de-4-panos-de-microfibra-40-6x40-6cm","status":"publish","type":"product","link":"https:\/\/hi-techwonder.com\/es\/producto\/kf-concept-juego-de-4-panos-de-microfibra-40-6x40-6cm\/","title":{"rendered":"K&amp;F CONCEPT Juego de 4 pa\u00f1os de microfibra 40.6&#215;40.6cm"},"content":{"rendered":"<p><strong>Juego de 4 pa\u00f1os de microfibra 40,6 x 40,6 cm (SKU.1690)<\/strong><\/p>\n<p>El Juego de 4 Pa\u00f1os de Microfibra 40x40cm se utiliza para garantizar que el revestimiento de los instrumentos \u00f3pticos, como lentes y filtros, no se da\u00f1e, el polvo no se adhiera y se evite la contaminaci\u00f3n secundaria.<\/p>\n<p>Los pa\u00f1os de Microfibra 40x40cm tienen una textura delicada, suave y sin pelusas. Se pueden lavar y reutilizar. <\/p>\n<p>Cada pa\u00f1o de microfibra tiene una gran superficie de contacto y una fuerte adsorci\u00f3n de suciedad.<\/p>\n<p><strong>Contenido del paquete:<\/strong><\/p>\n<p>1x K&amp;F CONCEPT Set de 4 pa\u00f1os de microfibra 40x40cm<\/p>\n","protected":false},"excerpt":{"rendered":"<p>Juego de 4 pa\u00f1os de microfibra 40,6 x 40,6 cm (SKU.1690) El Juego de 4 Pa\u00f1os de Microfibra 40x40cm se<\/p>\n","protected":false},"featured_media":42735,"comment_status":"closed","ping_status":"open","template":"","meta":{"_acf_changed":false},"product_brand":[2562],"product_cat":[920],"product_tag":[],"class_list":{"0":"post-74637","1":"product","2":"type-product","3":"status-publish","4":"has-post-thumbnail","6":"product_brand-kf-concept-es","7":"product_cat-limpieza","9":"first","10":"instock","11":"taxable","12":"shipping-taxable","13":"purchasable","14":"product-type-simple"},"bundled_by":[],"bundle_stock_status":"instock","bundle_stock_quantity":2,"bundle_virtual":false,"bundle_layout":"","bundle_add_to_cart_form_location":"","bundle_editable_in_cart":false,"bundle_sold_individually_context":"","bundle_item_grouping":"","bundle_min_size":"","bundle_max_size":"","bundle_price":[],"bundled_items":[],"bundle_sell_ids":[],"acf":[],"_links":{"self":[{"href":"https:\/\/hi-techwonder.com\/es\/wp-json\/wp\/v2\/product\/74637","targetHints":{"allow":["GET"]}}],"collection":[{"href":"https:\/\/hi-techwonder.com\/es\/wp-json\/wp\/v2\/product"}],"about":[{"href":"https:\/\/hi-techwonder.com\/es\/wp-json\/wp\/v2\/types\/product"}],"replies":[{"embeddable":true,"href":"https:\/\/hi-techwonder.com\/es\/wp-json\/wp\/v2\/comments?post=74637"}],"wp:featuredmedia":[{"embeddable":true,"href":"https:\/\/hi-techwonder.com\/es\/wp-json\/wp\/v2\/media\/42735"}],"wp:attachment":[{"href":"https:\/\/hi-techwonder.com\/es\/wp-json\/wp\/v2\/media?parent=74637"}],"wp:term":[{"taxonomy":"product_brand","embeddable":true,"href":"https:\/\/hi-techwonder.com\/es\/wp-json\/wp\/v2\/product_brand?post=74637"},{"taxonomy":"product_cat","embeddable":true,"href":"https:\/\/hi-techwonder.com\/es\/wp-json\/wp\/v2\/product_cat?post=74637"},{"taxonomy":"product_tag","embeddable":true,"href":"https:\/\/hi-techwonder.com\/es\/wp-json\/wp\/v2\/product_tag?post=74637"}],"curies":[{"name":"wp","href":"https:\/\/api.w.org\/{rel}","templated":true}]}}