{"id":74644,"date":"2025-07-29T00:17:08","date_gmt":"2025-07-29T00:17:08","guid":{"rendered":"https:\/\/fv6qoy3ls0.wpdns.site\/product\/kf-concept-bolsa-para-4-filtros-circulares-kf13-117\/"},"modified":"2025-07-29T00:17:08","modified_gmt":"2025-07-29T00:17:08","slug":"kf-concept-bolsa-para-4-filtros-circulares-kf13-117","status":"publish","type":"product","link":"https:\/\/hi-techwonder.com\/es\/producto\/kf-concept-bolsa-para-4-filtros-circulares-kf13-117\/","title":{"rendered":"K&amp;F CONCEPT Bolsa para 4 Filtros Circulares KF13.117"},"content":{"rendered":"<h3>K&amp;F CONCEPT Bolsa para 4 filtros circulares<\/h3>\n<p>&nbsp;La bolsa de filtro K&amp;F Concept tiene capacidad para 4 filtros circulares desde 37 mm hasta 95 mm. Esta bolsa est\u00e1 fabricada con compartimentos de EVA y algod\u00f3n perlado de alta densidad en el interior para proporcionar una excelente protecci\u00f3n y absorci\u00f3n de impactos para sus filtros. La bolsa tambi\u00e9n es impermeable, con tela cubierta con material impermeable y la cremallera es gruesa e impermeable.  &nbsp;<\/p>\n<p>La bolsa es de f\u00e1cil acceso, simplemente abra la cremallera de la bolsa de filtro y ser\u00e1n inmediatamente visibles y accesibles. Tambi\u00e9n tiene una hebilla magn\u00e9tica, para mantener la bolsa cerrada cuando la cremallera est\u00e1 abierta, aumentando la facilidad de acceso a los filtros. <\/p>\n<p>Tiene un tama\u00f1o peque\u00f1o, cuando est\u00e1 cerrado tiene las dimensiones 12 x 3,5 x 11,5 cm, lo que lo convierte en un estuche compacto del tama\u00f1o de una billetera, que puede caber en la mayor\u00eda de bolsos y bolsas para c\u00e1maras. La bolsa de filtro de la c\u00e1mara tiene velcro en la parte posterior para colgar en cinturones, y contiene un anillo en D externo para colgar en mochilas o tr\u00edpode. El ancho de la correa del cintur\u00f3n de velcro es de 4 cm.  <\/p>\n","protected":false},"excerpt":{"rendered":"<p>K&amp;F CONCEPT Bolsa para 4 filtros circulares &nbsp;La bolsa de filtro K&amp;F Concept tiene capacidad para 4 filtros circulares desde<\/p>\n","protected":false},"featured_media":37119,"comment_status":"closed","ping_status":"open","template":"","meta":{"_acf_changed":false},"product_brand":[2562],"product_cat":[908],"product_tag":[],"class_list":{"0":"post-74644","1":"product","2":"type-product","3":"status-publish","4":"has-post-thumbnail","6":"product_brand-kf-concept-es","7":"product_cat-organizadores-es","9":"first","10":"instock","11":"taxable","12":"shipping-taxable","13":"purchasable","14":"product-type-simple"},"bundled_by":[],"bundle_stock_status":"instock","bundle_stock_quantity":1,"bundle_virtual":false,"bundle_layout":"","bundle_add_to_cart_form_location":"","bundle_editable_in_cart":false,"bundle_sold_individually_context":"","bundle_item_grouping":"","bundle_min_size":"","bundle_max_size":"","bundle_price":[],"bundled_items":[],"bundle_sell_ids":[],"acf":[],"_links":{"self":[{"href":"https:\/\/hi-techwonder.com\/es\/wp-json\/wp\/v2\/product\/74644","targetHints":{"allow":["GET"]}}],"collection":[{"href":"https:\/\/hi-techwonder.com\/es\/wp-json\/wp\/v2\/product"}],"about":[{"href":"https:\/\/hi-techwonder.com\/es\/wp-json\/wp\/v2\/types\/product"}],"replies":[{"embeddable":true,"href":"https:\/\/hi-techwonder.com\/es\/wp-json\/wp\/v2\/comments?post=74644"}],"wp:featuredmedia":[{"embeddable":true,"href":"https:\/\/hi-techwonder.com\/es\/wp-json\/wp\/v2\/media\/37119"}],"wp:attachment":[{"href":"https:\/\/hi-techwonder.com\/es\/wp-json\/wp\/v2\/media?parent=74644"}],"wp:term":[{"taxonomy":"product_brand","embeddable":true,"href":"https:\/\/hi-techwonder.com\/es\/wp-json\/wp\/v2\/product_brand?post=74644"},{"taxonomy":"product_cat","embeddable":true,"href":"https:\/\/hi-techwonder.com\/es\/wp-json\/wp\/v2\/product_cat?post=74644"},{"taxonomy":"product_tag","embeddable":true,"href":"https:\/\/hi-techwonder.com\/es\/wp-json\/wp\/v2\/product_tag?post=74644"}],"curies":[{"name":"wp","href":"https:\/\/api.w.org\/{rel}","templated":true}]}}