{"id":74647,"date":"2025-07-29T10:22:12","date_gmt":"2025-07-29T10:22:12","guid":{"rendered":"https:\/\/fv6qoy3ls0.wpdns.site\/product\/kf-concept-bh-36l-cabeza-de-varilla\/"},"modified":"2025-07-29T10:22:12","modified_gmt":"2025-07-29T10:22:12","slug":"kf-concept-bh-36l-cabeza-de-varilla","status":"publish","type":"product","link":"https:\/\/hi-techwonder.com\/es\/producto\/kf-concept-bh-36l-cabeza-de-varilla\/","title":{"rendered":"K&amp;F CONCEPT BH-36L Cabeza de varilla"},"content":{"rendered":"<h3>K&amp;F CONCEPT BH-36L Cabeza de varilla<\/h3>\n<p>La cabeza de varilla BH-36L de K&amp;F Concept es una cabeza de tr\u00edpode construida con aleaci\u00f3n de aluminio de alta calidad con una construcci\u00f3n s\u00f3lida y resistente. Tiene un di\u00e1metro de bola de 36 mm. Su base panor\u00e1mica gira 360\u00ba y cuenta con 3 botones de bloqueo, para aumentar la flexibilidad de uso con tu c\u00e1mara y conseguir el \u00e1ngulo de disparo perfecto.  <\/p>\n<p>Con una placa de zapata r\u00e1pida de 1\/4&#8243;, es adecuada para DSLR, Mirrorless y otras c\u00e1maras, el orificio de rosca de 3\/8&#8243; en la parte inferior le permite conectarse con la mayor\u00eda de los tr\u00edpodes, monopi\u00e9s y otros soportes.<\/p>\n<p>Esta cabeza de varilla es peque\u00f1a y port\u00e1til, pesa solo 326 g y mide (D x H) 36 mm x 78 mm. Con una carga m\u00e1xima de 16 kg, puede soportar la mayor\u00eda de las combinaciones de lente + c\u00e1mara. Viene con una placa tipo Arca-Swiss con dimensiones (largo x ancho) 60 x 38 mm.  <\/p>\n<p>Adem\u00e1s de la fuerte capacidad de bloqueo, la cabeza contiene un nivel de burbuja para alcanzar un estado de equilibrio m\u00e1s f\u00e1cilmente.<\/p>\n<h4>Caracter\u00edsticas t\u00e9cnicas<\/h4>\n<p>Tipo de cabeza: cabeza de varilla de 36 mm<\/p>\n<p>Peso m\u00e1ximo: 16 kg<\/p>\n<p>Peso: 326g<\/p>\n<p>Dimensiones 8.5 x 7.8 x 5 cm<\/p>\n","protected":false},"excerpt":{"rendered":"<p>K&amp;F CONCEPT BH-36L Cabeza de varilla La cabeza de varilla BH-36L de K&amp;F Concept es una cabeza de tr\u00edpode construida<\/p>\n","protected":false},"featured_media":62315,"comment_status":"closed","ping_status":"open","template":"","meta":{"_acf_changed":false},"product_brand":[2562],"product_cat":[1075],"product_tag":[],"class_list":{"0":"post-74647","1":"product","2":"type-product","3":"status-publish","4":"has-post-thumbnail","6":"product_brand-kf-concept-es","7":"product_cat-bola","9":"first","10":"outofstock","11":"taxable","12":"shipping-taxable","13":"purchasable","14":"product-type-simple"},"bundled_by":[],"bundle_stock_status":"outofstock","bundle_stock_quantity":0,"bundle_virtual":false,"bundle_layout":"","bundle_add_to_cart_form_location":"","bundle_editable_in_cart":false,"bundle_sold_individually_context":"","bundle_item_grouping":"","bundle_min_size":"","bundle_max_size":"","bundle_price":[],"bundled_items":[],"bundle_sell_ids":[],"acf":[],"_links":{"self":[{"href":"https:\/\/hi-techwonder.com\/es\/wp-json\/wp\/v2\/product\/74647","targetHints":{"allow":["GET"]}}],"collection":[{"href":"https:\/\/hi-techwonder.com\/es\/wp-json\/wp\/v2\/product"}],"about":[{"href":"https:\/\/hi-techwonder.com\/es\/wp-json\/wp\/v2\/types\/product"}],"replies":[{"embeddable":true,"href":"https:\/\/hi-techwonder.com\/es\/wp-json\/wp\/v2\/comments?post=74647"}],"wp:featuredmedia":[{"embeddable":true,"href":"https:\/\/hi-techwonder.com\/es\/wp-json\/wp\/v2\/media\/62315"}],"wp:attachment":[{"href":"https:\/\/hi-techwonder.com\/es\/wp-json\/wp\/v2\/media?parent=74647"}],"wp:term":[{"taxonomy":"product_brand","embeddable":true,"href":"https:\/\/hi-techwonder.com\/es\/wp-json\/wp\/v2\/product_brand?post=74647"},{"taxonomy":"product_cat","embeddable":true,"href":"https:\/\/hi-techwonder.com\/es\/wp-json\/wp\/v2\/product_cat?post=74647"},{"taxonomy":"product_tag","embeddable":true,"href":"https:\/\/hi-techwonder.com\/es\/wp-json\/wp\/v2\/product_tag?post=74647"}],"curies":[{"name":"wp","href":"https:\/\/api.w.org\/{rel}","templated":true}]}}