{"id":74673,"date":"2025-07-29T09:16:15","date_gmt":"2025-07-29T09:16:15","guid":{"rendered":"https:\/\/fv6qoy3ls0.wpdns.site\/product\/filtro-kf-concept-100x100mm-nd64-int-color6-pasos-sku-1873\/"},"modified":"2026-01-31T02:32:25","modified_gmt":"2026-01-31T02:32:25","slug":"kf-concept-filtro-kf-concept-100x100mm-nd64-int-color6-pasos-sku-1873","status":"publish","type":"product","link":"https:\/\/hi-techwonder.com\/es\/producto\/kf-concept-filtro-kf-concept-100x100mm-nd64-int-color6-pasos-sku-1873\/","title":{"rendered":"Filtro K&amp;F CONCEPT 100x100mm ND64 Int. Color(6 Pasos) SKU.1873"},"content":{"rendered":"<p><strong>Filtro K&amp;F CONCEPT 100x100mm ND64 Full Color (6 pasos)<\/strong><\/p>\n<p><strong>Modelo: SKU.1873<\/strong><\/p>\n<p><strong>Funciones<\/strong><\/p>\n<ul>\n<li>Filtro de densidad neutra ND64<\/li>\n<li>Factor de filtro 2.4, +8 puntos<\/li>\n<li>Filtro de 100 x 100 y 2 mm de grosor<\/li>\n<li>Oscurece toda el \u00e1rea de la imagen<\/li>\n<li>Permite una velocidad de obturaci\u00f3n larga, una apertura amplia<\/li>\n<li>Construcci\u00f3n de vidrio \u00f3ptico<\/li>\n<li>Multicapa de 28 capas<\/li>\n<li>Revestimiento resistente a la humedad<\/li>\n<li>Revestimiento resistente a los ara\u00f1azos<\/li>\n<li>Estuche de piel sint\u00e9tica<\/li>\n<\/ul>\n<p><strong>Contenido del paquete:<\/strong><\/p>\n<ul>\n<li>Filtro K&amp;F Concept X-Pro Square ND64 con marco (100&#215;100)<\/li>\n<li>Estuche de almacenamiento de piel sint\u00e9tica<\/li>\n<\/ul>\n<p><strong>K&amp;F CONCEPT X-Pro Filtro ND; Descripci\u00f3n:<\/strong><\/p>\n<ul>\n<li style=\"text-align: justify\">Este filtro X-Pro Square ND64 de K&amp;F Concept est\u00e1 dise\u00f1ado para el sistema portafiltros X-Pro Square. Este filtro de 100 x 100 mm reduce la exposici\u00f3n en 8 pasos, lo que permite aumentar la longitud de la velocidad de obturaci\u00f3n o la apertura del objetivo. El aumento de la velocidad de obturaci\u00f3n ayuda a crear un mayor desenfoque del movimiento de la imagen, como al suavizar r\u00edos, cascadas y nubes al fotografiar paisajes. El ensanchamiento permite utilizar aperturas m\u00e1s amplias para controlar mejor la profundidad de campo, lo que permite aumentar el bokeh para ayudar a aislar un sujeto del fondo.   <\/li>\n<\/ul>\n<p><iframe loading=\"lazy\" src=\"https:\/\/www.youtube.com\/embed\/evt-qDwr7E4?si=sKOnamaxQZsttEM9\" width=\"560\" height=\"314\" allowfullscreen=\"allowfullscreen\"><\/iframe><\/p>\n<ul>\n<li style=\"text-align: justify\">Hecho de vidrio \u00f3ptico de alta calidad, tiene 28 capas de multicapa para una transmisi\u00f3n \u00f3ptima de la luz sin agregar manchas. El recubrimiento tambi\u00e9n protege el filtro del agua, el aceite, peque\u00f1os ara\u00f1azos y abrasiones. Tiene una estructura protectora con grandes solapas que facilitan la instalaci\u00f3n y extracci\u00f3n del sistema de soporte de filtro de la X-Pro.  <\/li>\n<\/ul>\n<p><strong>Vidrio \u00f3ptico AGC de alta calidad<\/strong><\/p>\n<ul>\n<li style=\"text-align: justify\">El nanofiltro de recubrimiento m\u00faltiple reduce el destello de la lente y las im\u00e1genes fantasma para una alta transmisi\u00f3n de luz sin distorsi\u00f3n del color<\/li>\n<li style=\"text-align: justify\">El recubrimiento de 28 capas es resistente a los ara\u00f1azos, al agua, al aceite, al polvo y adecuado para entornos y lugares dif\u00edciles<\/li>\n<\/ul>\n<p><strong><span style=\"font-size: 12pt\"><span style=\"background-color: #ffffff;font-family: OpenSans, 'Segoe UI', Helvetica, Roboto, Arial, sans-serif;text-transform: capitalize;vertical-align: inherit\">Caracter\u00edsticas t\u00e9cnicas:<\/span><\/strong><\/span><\/p>\n<p><span style=\"font-size: 12pt\"><span style=\"background-color: #ffffff;font-family: OpenSans, 'Segoe UI', Helvetica, Roboto, Arial, sans-serif;text-transform: capitalize;vertical-align: inherit\">Filtro ND K&amp;F CONCEPT X-Pro:<\/span><\/span><\/p>\n<div class=\"group_fDXOr6EpR9\" style=\"margin-bottom: 2.1875rem;font-family: OpenSans, 'Segoe UI', Helvetica, Roboto, Arial, sans-serif;font-size: 16px;background-color: #ffffff\">\n<table class=\"table_fDXOr6EpR9\" style=\"width: 936.65px\" data-selenium=\"specsItemGroupTable\">\n<tbody>\n<tr class=\"pair_KqJ3Q3GPKv\" style=\"border-bottom: 0.0625rem solid #e5e5e5\" data-selenium=\"specsItemGroupTableRow\">\n<td class=\"label_KqJ3Q3GPKv firstSpecWhenNoGroupName_KqJ3Q3GPKv\" style=\"border-top: none;padding: 0px 0px 1.25rem;width: 355.925px;color: #666666;font-size: 1.125rem;line-height: 1.375rem;vertical-align: baseline\" data-selenium=\"specsItemGroupTableColumnLabel\">Tipo de filtro<\/td>\n<td class=\"value_KqJ3Q3GPKv firstSpecWhenNoGroupName_KqJ3Q3GPKv\" style=\"color: #666666;font-size: 1.125rem;line-height: 1.375rem;vertical-align: baseline;padding: 0px 0px 1.25rem 2.5rem\" data-selenium=\"specsItemGroupTableColumnValue\">\n<div class=\"expandableValue_KqJ3Q3GPKv\"><span style=\"vertical-align: inherit\"><span style=\"vertical-align: inherit\">ND s\u00f3lido<\/span><\/span><\/div>\n<\/td>\n<\/tr>\n<tr class=\"pair_KqJ3Q3GPKv\" style=\"border-bottom: 0.0625rem solid #e5e5e5\" data-selenium=\"specsItemGroupTableRow\">\n<td class=\"label_KqJ3Q3GPKv\" style=\"border-top: none;padding: 1.25rem 0px;width: 355.925px;color: #666666;font-size: 1.125rem;line-height: 1.375rem;vertical-align: baseline\" data-selenium=\"specsItemGroupTableColumnLabel\">Densidad<\/td>\n<td class=\"value_KqJ3Q3GPKv\" style=\"color: #666666;font-size: 1.125rem;line-height: 1.375rem;vertical-align: baseline;padding: 1.25rem 0px 1.25rem 2.5rem\" data-selenium=\"specsItemGroupTableColumnValue\">\n<div class=\"expandableValue_KqJ3Q3GPKv\">2.4 (8 paradas)<\/div>\n<\/td>\n<\/tr>\n<tr class=\"pair_KqJ3Q3GPKv\" style=\"border-bottom: 0.0625rem solid #e5e5e5\" data-selenium=\"specsItemGroupTableRow\">\n<td class=\"label_KqJ3Q3GPKv\" style=\"border-top: none;padding: 1.25rem 0px;width: 355.925px;color: #666666;font-size: 1.125rem;line-height: 1.375rem;vertical-align: baseline\" data-selenium=\"specsItemGroupTableColumnLabel\">Tama\u00f1o circular<\/td>\n<td class=\"value_KqJ3Q3GPKv\" style=\"color: #666666;font-size: 1.125rem;line-height: 1.375rem;vertical-align: baseline;padding: 1.25rem 0px 1.25rem 2.5rem\" data-selenium=\"specsItemGroupTableColumnValue\">\n<div class=\"expandableValue_KqJ3Q3GPKv\">No especificado por el fabricante<\/div>\n<\/td>\n<\/tr>\n<tr class=\"pair_KqJ3Q3GPKv\" style=\"border-bottom: 0.0625rem solid #e5e5e5\" data-selenium=\"specsItemGroupTableRow\">\n<td class=\"label_KqJ3Q3GPKv\" style=\"border-top: none;padding: 1.25rem 0px;width: 355.925px;color: #666666;font-size: 1.125rem;line-height: 1.375rem;vertical-align: baseline\" data-selenium=\"specsItemGroupTableColumnLabel\">Tama\u00f1o rectangular<\/td>\n<td class=\"value_KqJ3Q3GPKv\" style=\"color: #666666;font-size: 1.125rem;line-height: 1.375rem;vertical-align: baseline;padding: 1.25rem 0px 1.25rem 2.5rem\" data-selenium=\"specsItemGroupTableColumnValue\">\n<div class=\"expandableValue_KqJ3Q3GPKv\">100 x 100 mm<\/div>\n<\/td>\n<\/tr>\n<tr class=\"pair_KqJ3Q3GPKv\" style=\"border-bottom: 0.0625rem solid #e5e5e5\" data-selenium=\"specsItemGroupTableRow\">\n<td class=\"label_KqJ3Q3GPKv\" style=\"border-top: none;padding: 1.25rem 0px;width: 355.925px;color: #666666;font-size: 1.125rem;line-height: 1.375rem;vertical-align: baseline\" data-selenium=\"specsItemGroupTableColumnLabel\">Compatibilidad con el sistema de portafiltros<\/td>\n<td class=\"value_KqJ3Q3GPKv\" style=\"color: #666666;font-size: 1.125rem;line-height: 1.375rem;vertical-align: baseline;padding: 1.25rem 0px 1.25rem 2.5rem\" data-selenium=\"specsItemGroupTableColumnValue\">\n<div class=\"expandableValue_KqJ3Q3GPKv\">Sistema de filtro cuadrado K&amp;F Concept X-Pro<\/div>\n<\/td>\n<\/tr>\n<tr class=\"pair_KqJ3Q3GPKv\" style=\"border-bottom: 0.0625rem solid #e5e5e5\" data-selenium=\"specsItemGroupTableRow\">\n<td class=\"label_KqJ3Q3GPKv\" style=\"border-top: none;padding: 1.25rem 0px;width: 355.925px;color: #666666;font-size: 1.125rem;line-height: 1.375rem;vertical-align: baseline\" data-selenium=\"specsItemGroupTableColumnLabel\">Recubrimientos<\/td>\n<td class=\"value_KqJ3Q3GPKv\" style=\"color: #666666;font-size: 1.125rem;line-height: 1.375rem;vertical-align: baseline;padding: 1.25rem 0px 1.25rem 2.5rem\" data-selenium=\"specsItemGroupTableColumnValue\">\n<div class=\"expandableValue_KqJ3Q3GPKv\">Multicapa, recubrimiento de resistencia<\/div>\n<\/td>\n<\/tr>\n<tr class=\"pair_KqJ3Q3GPKv\" style=\"border-bottom: 0.0625rem solid #e5e5e5\" data-selenium=\"specsItemGroupTableRow\">\n<td class=\"label_KqJ3Q3GPKv\" style=\"border-top: none;padding: 1.25rem 0px;width: 355.925px;color: #666666;font-size: 1.125rem;line-height: 1.375rem;vertical-align: baseline\" data-selenium=\"specsItemGroupTableColumnLabel\">Espesor del filtro<\/td>\n<td class=\"value_KqJ3Q3GPKv\" style=\"color: #666666;font-size: 1.125rem;line-height: 1.375rem;vertical-align: baseline;padding: 1.25rem 0px 1.25rem 2.5rem\" data-selenium=\"specsItemGroupTableColumnValue\">\n<div class=\"expandableValue_KqJ3Q3GPKv\">2 mm<\/div>\n<\/td>\n<\/tr>\n<tr class=\"pair_KqJ3Q3GPKv\" style=\"border-bottom: 0.0625rem solid #e5e5e5\" data-selenium=\"specsItemGroupTableRow\">\n<td class=\"label_KqJ3Q3GPKv\" style=\"border-top: none;padding: 1.25rem 0px;width: 355.925px;color: #666666;font-size: 1.125rem;line-height: 1.375rem;vertical-align: baseline\" data-selenium=\"specsItemGroupTableColumnLabel\">Material filtrante<\/td>\n<td class=\"value_KqJ3Q3GPKv\" style=\"color: #666666;font-size: 1.125rem;line-height: 1.375rem;vertical-align: baseline;padding: 1.25rem 0px 1.25rem 2.5rem\" data-selenium=\"specsItemGroupTableColumnValue\">\n<div class=\"expandableValue_KqJ3Q3GPKv\">Vidrio<\/div>\n<\/td>\n<\/tr>\n<tr class=\"pair_KqJ3Q3GPKv\" style=\"border-bottom: 0.0625rem solid #e5e5e5\" data-selenium=\"specsItemGroupTableRow\">\n<td class=\"label_KqJ3Q3GPKv\" style=\"border-top: none;padding: 1.25rem 0px;width: 355.925px;color: #666666;font-size: 1.125rem;line-height: 1.375rem;vertical-align: baseline\" data-selenium=\"specsItemGroupTableColumnLabel\">Material del anillo<\/td>\n<td class=\"value_KqJ3Q3GPKv\" style=\"color: #666666;font-size: 1.125rem;line-height: 1.375rem;vertical-align: baseline;padding: 1.25rem 0px 1.25rem 2.5rem\" data-selenium=\"specsItemGroupTableColumnValue\">\n<div class=\"expandableValue_KqJ3Q3GPKv\">Pl\u00e1stico<\/div>\n<\/td>\n<\/tr>\n<tr class=\"pair_KqJ3Q3GPKv\" style=\"border-bottom: 0.0625rem solid #e5e5e5\" data-selenium=\"specsItemGroupTableRow\">\n<td class=\"label_KqJ3Q3GPKv\" style=\"border-top: none;padding: 1.25rem 0px;width: 355.925px;color: #666666;font-size: 1.125rem;line-height: 1.375rem;vertical-align: baseline\" data-selenium=\"specsItemGroupTableColumnLabel\">Aliasing<\/td>\n<td class=\"value_KqJ3Q3GPKv\" style=\"color: #666666;font-size: 1.125rem;line-height: 1.375rem;vertical-align: baseline;padding: 1.25rem 0px 1.25rem 2.5rem\" data-selenium=\"specsItemGroupTableColumnValue\">\n<div class=\"expandableValue_KqJ3Q3GPKv\">No<\/div>\n<\/td>\n<\/tr>\n<\/tbody>\n<\/table>\n<\/div>\n<div class=\"group_fDXOr6EpR9\" style=\"margin-bottom: 2.1875rem;font-family: OpenSans, 'Segoe UI', Helvetica, Roboto, Arial, sans-serif;font-size: 16px;background-color: #ffffff\">\n<div class=\"name_fDXOr6EpR9\" style=\"border-bottom: 0.125rem solid #cccccc;color: #3f9a59;font-size: 2rem;line-height: 2rem;padding: 1rem 0px 0.875rem\" data-selenium=\"specsItemGroupName\">Informaci\u00f3n de embalaje<\/div>\n<table class=\"table_fDXOr6EpR9\" style=\"width: 936.65px\" data-selenium=\"specsItemGroupTable\">\n<tbody>\n<tr class=\"pair_KqJ3Q3GPKv\" style=\"border-bottom: 0.0625rem solid #e5e5e5\" data-selenium=\"specsItemGroupTableRow\">\n<td class=\"label_KqJ3Q3GPKv \" style=\"border-top: none;padding: 1.25rem 0px;width: 355.925px;color: #666666;font-size: 1.125rem;line-height: 1.375rem;vertical-align: baseline\" data-selenium=\"specsItemGroupTableColumnLabel\">Peso del paquete<\/td>\n<td class=\"value_KqJ3Q3GPKv \" style=\"color: #666666;font-size: 1.125rem;line-height: 1.375rem;vertical-align: baseline;padding: 1.25rem 0px 1.25rem 2.5rem\" data-selenium=\"specsItemGroupTableColumnValue\">\n<div class=\"expandableValue_KqJ3Q3GPKv\">0.351 kg<\/div>\n<\/td>\n<\/tr>\n<tr class=\"pair_KqJ3Q3GPKv\" style=\"border-bottom: 0.0625rem solid #e5e5e5\" data-selenium=\"specsItemGroupTableRow\">\n<td class=\"label_KqJ3Q3GPKv\" style=\"border-top: none;padding: 1.25rem 0px;width: 355.925px;color: #666666;font-size: 1.125rem;line-height: 1.375rem;vertical-align: baseline\" data-selenium=\"specsItemGroupTableColumnLabel\">Dimensiones de la caja (LxAxA)<\/td>\n<td class=\"value_KqJ3Q3GPKv\" style=\"color: #666666;font-size: 1.125rem;line-height: 1.375rem;vertical-align: baseline;padding: 1.25rem 0px 1.25rem 2.5rem\" data-selenium=\"specsItemGroupTableColumnValue\">\n<div class=\"expandableValue_KqJ3Q3GPKv\"><span>19,0 x 16,8 x2,8 cm<\/span><\/div>\n<\/td>\n<\/tr>\n<\/tbody>\n<\/table>\n<\/div>\n","protected":false},"excerpt":{"rendered":"<p>Filtro K&amp;F CONCEPT 100x100mm ND64 Full Color (6 pasos) Modelo: SKU.1873 Funciones Filtro de densidad neutra ND64 Factor de filtro<\/p>\n","protected":false},"featured_media":46860,"comment_status":"closed","ping_status":"closed","template":"","meta":{"_acf_changed":false},"product_brand":[2562],"product_cat":[1058],"product_tag":[],"class_list":{"0":"post-74673","1":"product","2":"type-product","3":"status-publish","4":"has-post-thumbnail","6":"product_brand-kf-concept-es","7":"product_cat-filtros-100mm-es","8":"pa_densidade-nd64-6-stop-es","10":"first","11":"instock","12":"taxable","13":"shipping-taxable","14":"purchasable","15":"product-type-simple"},"bundled_by":[],"bundle_stock_status":"instock","bundle_stock_quantity":1,"bundle_virtual":false,"bundle_layout":"","bundle_add_to_cart_form_location":"","bundle_editable_in_cart":false,"bundle_sold_individually_context":"","bundle_item_grouping":"","bundle_min_size":"","bundle_max_size":"","bundle_price":[],"bundled_items":[],"bundle_sell_ids":[],"acf":[],"_links":{"self":[{"href":"https:\/\/hi-techwonder.com\/es\/wp-json\/wp\/v2\/product\/74673","targetHints":{"allow":["GET"]}}],"collection":[{"href":"https:\/\/hi-techwonder.com\/es\/wp-json\/wp\/v2\/product"}],"about":[{"href":"https:\/\/hi-techwonder.com\/es\/wp-json\/wp\/v2\/types\/product"}],"replies":[{"embeddable":true,"href":"https:\/\/hi-techwonder.com\/es\/wp-json\/wp\/v2\/comments?post=74673"}],"wp:featuredmedia":[{"embeddable":true,"href":"https:\/\/hi-techwonder.com\/es\/wp-json\/wp\/v2\/media\/46860"}],"wp:attachment":[{"href":"https:\/\/hi-techwonder.com\/es\/wp-json\/wp\/v2\/media?parent=74673"}],"wp:term":[{"taxonomy":"product_brand","embeddable":true,"href":"https:\/\/hi-techwonder.com\/es\/wp-json\/wp\/v2\/product_brand?post=74673"},{"taxonomy":"product_cat","embeddable":true,"href":"https:\/\/hi-techwonder.com\/es\/wp-json\/wp\/v2\/product_cat?post=74673"},{"taxonomy":"product_tag","embeddable":true,"href":"https:\/\/hi-techwonder.com\/es\/wp-json\/wp\/v2\/product_tag?post=74673"}],"curies":[{"name":"wp","href":"https:\/\/api.w.org\/{rel}","templated":true}]}}