{"id":74674,"date":"2025-07-28T23:57:39","date_gmt":"2025-07-28T23:57:39","guid":{"rendered":"https:\/\/fv6qoy3ls0.wpdns.site\/product\/kf-concept-correa-de-camara-negra-45mm-kf13-132v1\/"},"modified":"2025-10-09T14:53:52","modified_gmt":"2025-10-09T14:53:52","slug":"kf-concept-correa-de-camara-negra-45mm-kf13-132v1","status":"publish","type":"product","link":"https:\/\/hi-techwonder.com\/es\/producto\/kf-concept-correa-de-camara-negra-45mm-kf13-132v1\/","title":{"rendered":"K&amp;F CONCEPT Correa de c\u00e1mara negra 45mm KF13.132V1"},"content":{"rendered":"<p><strong>Correa de c\u00e1mara K&amp;F 45mm KF13.132 (Gris)<\/strong><\/p>\n<p>Fabricada en nylon ultrarresistente (similar al material de los cinturones de seguridad), esta correa para el cuello se puede utilizar como correa para el hombro, el cuello o el hombro, adapt\u00e1ndose f\u00e1cilmente a diferentes escenarios.<\/p>\n<p><strong>Dise\u00f1o robusto y c\u00f3modo<\/strong><\/p>\n<p>Detalles de cuero y aleaci\u00f3n de aluminio, 45mm de ancho con acolchado en la zona del cuello que ayuda a prevenir la fatiga, reducir la presi\u00f3n y aumentar la comodidad.<\/p>\n<p><strong>Protecci\u00f3n garantizada<\/strong><\/p>\n<p>El mosquet\u00f3n de seguridad UTX protege la c\u00e1mara del riesgo de ca\u00edda accidental aumentando el grado de seguridad.<\/p>\n","protected":false},"excerpt":{"rendered":"<p>Correa de c\u00e1mara K&amp;F 45mm KF13.132 (Gris) Fabricada en nylon ultrarresistente (similar al material de los cinturones de seguridad), esta<\/p>\n","protected":false},"featured_media":30971,"comment_status":"closed","ping_status":"closed","template":"","meta":{"_acf_changed":false},"product_brand":[2562],"product_cat":[903],"product_tag":[],"class_list":{"0":"post-74674","1":"product","2":"type-product","3":"status-publish","4":"has-post-thumbnail","6":"product_brand-kf-concept-es","7":"product_cat-correas-y-tirantes","8":"pa_cor-negro","10":"first","11":"outofstock","12":"taxable","13":"shipping-taxable","14":"purchasable","15":"product-type-simple"},"bundled_by":[],"bundle_stock_status":"outofstock","bundle_stock_quantity":null,"bundle_virtual":false,"bundle_layout":"","bundle_add_to_cart_form_location":"","bundle_editable_in_cart":false,"bundle_sold_individually_context":"","bundle_item_grouping":"","bundle_min_size":"","bundle_max_size":"","bundle_price":[],"bundled_items":[],"bundle_sell_ids":[],"acf":[],"_links":{"self":[{"href":"https:\/\/hi-techwonder.com\/es\/wp-json\/wp\/v2\/product\/74674","targetHints":{"allow":["GET"]}}],"collection":[{"href":"https:\/\/hi-techwonder.com\/es\/wp-json\/wp\/v2\/product"}],"about":[{"href":"https:\/\/hi-techwonder.com\/es\/wp-json\/wp\/v2\/types\/product"}],"replies":[{"embeddable":true,"href":"https:\/\/hi-techwonder.com\/es\/wp-json\/wp\/v2\/comments?post=74674"}],"wp:featuredmedia":[{"embeddable":true,"href":"https:\/\/hi-techwonder.com\/es\/wp-json\/wp\/v2\/media\/30971"}],"wp:attachment":[{"href":"https:\/\/hi-techwonder.com\/es\/wp-json\/wp\/v2\/media?parent=74674"}],"wp:term":[{"taxonomy":"product_brand","embeddable":true,"href":"https:\/\/hi-techwonder.com\/es\/wp-json\/wp\/v2\/product_brand?post=74674"},{"taxonomy":"product_cat","embeddable":true,"href":"https:\/\/hi-techwonder.com\/es\/wp-json\/wp\/v2\/product_cat?post=74674"},{"taxonomy":"product_tag","embeddable":true,"href":"https:\/\/hi-techwonder.com\/es\/wp-json\/wp\/v2\/product_tag?post=74674"}],"curies":[{"name":"wp","href":"https:\/\/api.w.org\/{rel}","templated":true}]}}