{"id":74696,"date":"2025-07-29T09:07:31","date_gmt":"2025-07-29T09:07:31","guid":{"rendered":"https:\/\/fv6qoy3ls0.wpdns.site\/product\/kf-concept-hmc-cpl-filtro-polarizador-c-series-slim-40-5mm\/"},"modified":"2025-09-29T15:07:57","modified_gmt":"2025-09-29T15:07:57","slug":"kf-concept-hmc-cpl-filtro-polarizador-c-series-slim-40-5mm","status":"publish","type":"product","link":"https:\/\/hi-techwonder.com\/es\/producto\/kf-concept-hmc-cpl-filtro-polarizador-c-series-slim-40-5mm\/","title":{"rendered":"K&amp;F CONCEPT HMC CPL Filtro polarizador (C)-Series Slim 40.5mm"},"content":{"rendered":"<p style=\"box-sizing: border-box; color: #4b4b4b; font-family: 'Open Sans', sans-serif; font-size: 14.4px; text-align: justify;\"><strong style=\"box-sizing: border-box;\">K&amp;F CONCEPT HMC CPL Filtro polarizador (C)-Series Slim 40.5mm<\/strong><\/p>\n<p style=\"box-sizing: border-box; color: #4b4b4b; font-family: 'Open Sans', sans-serif; font-size: 14.4px; text-align: justify;\"><\/p>\n<p style=\"box-sizing: border-box; color: #4b4b4b; font-family: 'Open Sans', sans-serif; font-size: 14.4px; text-align: justify;\"><strong style=\"box-sizing: border-box;\">Contenido del paquete:<\/strong><\/p>\n<ul style=\"box-sizing: border-box; color: #4b4b4b; font-family: 'Open Sans', sans-serif; font-size: 14.4px; text-align: justify;\">\n<li style=\"box-sizing: border-box;\">1 filtro CPL (polarizador) de 40,5 mm<\/li>\n<\/ul>\n<p style=\"box-sizing: border-box; color: #4b4b4b; font-family: 'Open Sans', sans-serif; font-size: 14.4px; text-align: justify;\"><strong style=\"box-sizing: border-box;\">Funciones:<\/strong><\/p>\n<ul style=\"box-sizing: border-box; color: #4b4b4b; font-family: 'Open Sans', sans-serif; font-size: 14.4px; text-align: justify;\">\n<li style=\"box-sizing: border-box;\">Filtro polarizador circular<\/li>\n<li style=\"box-sizing: border-box;\">Vidrio \u00f3ptico japon\u00e9s<\/li>\n<li style=\"box-sizing: border-box;\">Ayuda a eliminar reflejos y brillos<\/li>\n<li style=\"box-sizing: border-box;\">Reduce la neblina en los paisajes<\/li>\n<li style=\"box-sizing: border-box;\">Recubrimiento multicapa<\/li>\n<\/ul>\n<p style=\"box-sizing: border-box; color: #4b4b4b; font-family: 'Open Sans', sans-serif; font-size: 14.4px; text-align: justify;\">El polarizador circular K&amp;F Concept fabricado en vidrio \u00f3ptico con tecnolog\u00eda japonesa profundiza la intensidad del cielo azul, y reduce e incluso elimina (en algunos casos) el reflejo.<\/p>\n<p style=\"box-sizing: border-box; color: #4b4b4b; font-family: 'Open Sans', sans-serif; font-size: 14.4px; text-align: justify;\">Su multicapa reduce el reflejo de superficies como el agua, la piedra, el vidrio y aumenta la saturaci\u00f3n de colores.<\/p>\n<p style=\"box-sizing: border-box; color: #4b4b4b; font-family: 'Open Sans', sans-serif; font-size: 14.4px; text-align: justify;\">Contiene un anillo de marco de aluminio, con un perfil ultrafino para evitar el vi\u00f1eteado en lentes gran angular.<\/p>\n<p style=\"box-sizing: border-box; color: #4b4b4b; font-family: 'Open Sans', sans-serif; font-size: 14.4px; text-align: justify;\">Los filtros CPL son adecuados para fotograf\u00edas de cielos, agua y follaje. Permiten mejorar dr\u00e1sticamente la saturaci\u00f3n y los colores de estos elementos, dando a las im\u00e1genes un aspecto m\u00e1s v\u00edvido y vibrante. <\/p>\n<p style=\"box-sizing: border-box; color: #4b4b4b; font-family: 'Open Sans', sans-serif; font-size: 14.4px; text-align: justify;\">Este filtro es compatible con objetivos de 40,5 mm de di\u00e1metro. Verifique y confirme el tama\u00f1o de rosca de la lente de su c\u00e1mara, generalmente identificado en el cilindro de la lente o impreso debajo de la tapa de la lente. El n\u00famero siempre va precedido del s\u00edmbolo \u00f8 (di\u00e1metro).  <\/p>\n<p style=\"box-sizing: border-box; color: #4b4b4b; font-family: 'Open Sans', sans-serif; font-size: 14.4px; text-align: justify;\"><strong style=\"box-sizing: border-box;\">Caracter\u00edsticas t\u00e9cnicas:<\/strong><\/p>\n<table style=\"width: 1019px; color: #4b4b4b; font-family: 'Open Sans', sans-serif; font-size: 14.4px; text-align: justify;\" border=\"0\" width=\"480\" cellspacing=\"0\" cellpadding=\"2\">\n<colgroup style=\"box-sizing: border-box;\">\n<col style=\"box-sizing: border-box;\" width=\"223\">\n<col style=\"box-sizing: border-box;\" width=\"249\"><\/colgroup>\n<tbody style=\"box-sizing: border-box;\">\n<tr style=\"box-sizing: border-box;\">\n<td style=\"box-sizing: border-box;\" width=\"223\"><span style=\"box-sizing: border-box; color: #666666;\">Marca<\/span><\/td>\n<td style=\"box-sizing: border-box;\" width=\"249\"><span style=\"box-sizing: border-box; color: #666666;\">Concepto K&amp;F<\/span><\/td>\n<\/tr>\n<tr style=\"box-sizing: border-box;\">\n<td style=\"box-sizing: border-box;\" width=\"223\"><span style=\"box-sizing: border-box; color: #666666;\">Referencia de<\/span><\/td>\n<p> marca<\/p>\n<td style=\"box-sizing: border-box;\" width=\"249\">KF01.1431<\/td>\n<\/tr>\n<tr style=\"box-sizing: border-box;\">\n<td style=\"box-sizing: border-box;\" width=\"223\"><span style=\"box-sizing: border-box; color: #666666;\">Tipo<\/span><\/td>\n<p> de filtro<\/p>\n<td style=\"box-sizing: border-box;\" width=\"249\"><span style=\"box-sizing: border-box; color: #666666;\">CPL (polarizador)<\/span><\/td>\n<\/tr>\n<tr style=\"box-sizing: border-box;\">\n<td style=\"box-sizing: border-box;\" width=\"223\"><span style=\"box-sizing: border-box; color: #666666;\">Formato<\/span><\/td>\n<td style=\"box-sizing: border-box;\" width=\"249\"><span style=\"box-sizing: border-box; color: #666666;\">Circular<\/span><\/td>\n<\/tr>\n<tr style=\"box-sizing: border-box;\">\n<td style=\"box-sizing: border-box;\" width=\"223\"><span style=\"box-sizing: border-box; color: #666666;\">Di\u00e1metro<\/span><\/td>\n<td style=\"box-sizing: border-box;\" width=\"249\">40,5 mil\u00edmetros<\/td>\n<\/tr>\n<tr style=\"box-sizing: border-box;\">\n<td style=\"box-sizing: border-box;\" width=\"223\"><span style=\"box-sizing: border-box; color: #666666;\">Rotativo<\/span><\/td>\n<td style=\"box-sizing: border-box;\" width=\"249\"><span style=\"box-sizing: border-box; color: #666666;\">S\u00ed, roscado<\/span><\/td>\n<\/tr>\n<tr style=\"box-sizing: border-box;\">\n<td style=\"box-sizing: border-box;\" width=\"223\"><span style=\"box-sizing: border-box; color: #666666;\">Capa<\/span><\/td>\n<td style=\"box-sizing: border-box;\" width=\"249\"><span style=\"box-sizing: border-box; color: #666666;\">Multi<\/span><\/td>\n<\/tr>\n<tr style=\"box-sizing: border-box;\">\n<td style=\"box-sizing: border-box;\" width=\"223\"><span style=\"box-sizing: border-box; color: #666666;\">Marco<\/span><\/td>\n<td style=\"box-sizing: border-box;\" width=\"249\"><span style=\"box-sizing: border-box; color: #666666;\">Delgado (espesor fino)<\/span><\/td>\n<\/tr>\n<tr style=\"box-sizing: border-box;\">\n<td style=\"box-sizing: border-box;\" width=\"223\"><span style=\"box-sizing: border-box; color: #666666;\">Material<\/span><\/td>\n<p> filtrante<\/p>\n<td style=\"box-sizing: border-box;\" width=\"249\"><span style=\"box-sizing: border-box; color: #666666;\">Vidrio \u00f3ptico japon\u00e9s<\/span><\/td>\n<\/tr>\n<tr style=\"box-sizing: border-box;\">\n<td style=\"box-sizing: border-box;\" width=\"223\"><span style=\"box-sizing: border-box; color: #666666;\">Material<\/span><\/td>\n<p> del anillo<\/p>\n<td style=\"box-sizing: border-box;\" width=\"249\"><span style=\"box-sizing: border-box; color: #666666;\">Aluminio<\/span><\/td>\n<\/tr>\n<\/tbody>\n<\/table>\n","protected":false},"excerpt":{"rendered":"<p>K&amp;F CONCEPT HMC CPL Filtro polarizador (C)-Series Slim 40.5mm Contenido del paquete: 1 filtro CPL (polarizador) de 40,5 mm Funciones:<\/p>\n","protected":false},"featured_media":45209,"comment_status":"closed","ping_status":"closed","template":"","meta":{"_acf_changed":false},"product_brand":[2562],"product_cat":[1051],"product_tag":[],"class_list":{"0":"post-74696","1":"product","2":"type-product","3":"status-publish","4":"has-post-thumbnail","6":"product_brand-kf-concept-es","7":"product_cat-polarizadores-es","8":"pa_diametro-40-5mm-es","10":"first","11":"instock","12":"taxable","13":"shipping-taxable","14":"purchasable","15":"product-type-simple"},"bundled_by":[],"bundle_stock_status":"instock","bundle_stock_quantity":2,"bundle_virtual":false,"bundle_layout":"","bundle_add_to_cart_form_location":"","bundle_editable_in_cart":false,"bundle_sold_individually_context":"","bundle_item_grouping":"","bundle_min_size":"","bundle_max_size":"","bundle_price":[],"bundled_items":[],"bundle_sell_ids":[],"acf":[],"_links":{"self":[{"href":"https:\/\/hi-techwonder.com\/es\/wp-json\/wp\/v2\/product\/74696","targetHints":{"allow":["GET"]}}],"collection":[{"href":"https:\/\/hi-techwonder.com\/es\/wp-json\/wp\/v2\/product"}],"about":[{"href":"https:\/\/hi-techwonder.com\/es\/wp-json\/wp\/v2\/types\/product"}],"replies":[{"embeddable":true,"href":"https:\/\/hi-techwonder.com\/es\/wp-json\/wp\/v2\/comments?post=74696"}],"wp:featuredmedia":[{"embeddable":true,"href":"https:\/\/hi-techwonder.com\/es\/wp-json\/wp\/v2\/media\/45209"}],"wp:attachment":[{"href":"https:\/\/hi-techwonder.com\/es\/wp-json\/wp\/v2\/media?parent=74696"}],"wp:term":[{"taxonomy":"product_brand","embeddable":true,"href":"https:\/\/hi-techwonder.com\/es\/wp-json\/wp\/v2\/product_brand?post=74696"},{"taxonomy":"product_cat","embeddable":true,"href":"https:\/\/hi-techwonder.com\/es\/wp-json\/wp\/v2\/product_cat?post=74696"},{"taxonomy":"product_tag","embeddable":true,"href":"https:\/\/hi-techwonder.com\/es\/wp-json\/wp\/v2\/product_tag?post=74696"}],"curies":[{"name":"wp","href":"https:\/\/api.w.org\/{rel}","templated":true}]}}