{"id":74699,"date":"2025-07-29T09:11:06","date_gmt":"2025-07-29T09:11:06","guid":{"rendered":"https:\/\/fv6qoy3ls0.wpdns.site\/product\/filtro-de-niebla-negra-kf-concept-1-4-serie-c-58mm\/"},"modified":"2026-01-31T02:39:02","modified_gmt":"2026-01-31T02:39:02","slug":"kf-concept-filtro-de-niebla-negra-kf-concept-1-4-serie-c-58mm","status":"publish","type":"product","link":"https:\/\/hi-techwonder.com\/es\/producto\/kf-concept-filtro-de-niebla-negra-kf-concept-1-4-serie-c-58mm\/","title":{"rendered":"Filtro de niebla negra K&amp;F CONCEPT 1\/4 Serie C 58mm"},"content":{"rendered":"<h3>Filtro de niebla negra K&amp;F CONCEPT 1\/4 Serie C &#8211; 58mm<\/h3>\n<p>El filtro difusor de niebla negra de 1\/4 de la serie C de K&amp;F Concept cuenta con un exclusivo revestimiento antirreflectante \u00abGreen Coating\u00bb multicapa, que reduce eficazmente el reflejo del suelo y del propio filtro. El filtro difusor Black Mist alisa las arrugas y los poros de la piel humana, as\u00ed como otras peque\u00f1as imperfecciones, proporciona un eficaz impulso de halo que a\u00f1ade una caracter\u00edstica \u00abde ensue\u00f1o\u00bb a tus im\u00e1genes, mostrando el delicado efecto cinematogr\u00e1fico con una ligera neblina en las im\u00e1genes, pero sin cambiar el tono de la piel.<\/p>\n<ul>\n<li>Reduce los reflejos y disminuye el deslumbramiento.<\/li>\n<li>Suaviza las arrugas, las manchas y los poros, manteniendo el tono natural de la piel.<\/li>\n<li>Crea una calidad de luz suave y un efecto pastel, un efecto cinematogr\u00e1fico delicado y brumoso.<\/li>\n<\/ul>\n<p><img loading=\"lazy\" decoding=\"async\" src=\"https:\/\/ph-live-01.slatic.net\/p\/08bb963b38422f96315041a18ae1ab15.jpg\" alt=\"\" width=\"600\" height=\"600\"><\/p>\n<h4><strong>Detalles<\/strong>:<\/h4>\n<ul>\n<li>18 recubrimientos nanom\u00e9tricos multicapa<\/li>\n<li>Tecnolog\u00eda de recubrimiento m\u00faltiple de alta transmisi\u00f3n (HMC)<\/li>\n<li>Ambos lados del vidrio con recubrimientos nanom\u00e9tricos<\/li>\n<li>Garantice la calidad de la imagen y prolongue la vida \u00fatil del filtro<\/li>\n<li>Ultrafino, se puede instalar y quitar f\u00e1cilmente<\/li>\n<li>Reduce los reflejos y disminuye el deslumbramiento<\/li>\n<li>La superficie con recubrimientos nanom\u00e9tricos protege<\/li>\n<li>Vidrio \u00f3ptico AGC japon\u00e9s importado<\/li>\n<li>Crea una calidad de luz suave y un efecto pastel<\/li>\n<\/ul>\n<h4><strong>Caracter\u00edsticas t\u00e9cnicas:<\/strong><\/h4>\n<p>Marca: K&amp;F Concept<\/p>\n<p>Serie de modelos: Serie C<\/p>\n<p>Tipo de filtro de lente: Filtro de lente de difusi\u00f3n 1\/4 de niebla negra (84% de transmitancia)<\/p>\n<p>Tama\u00f1o: 58 mm<\/p>\n","protected":false},"excerpt":{"rendered":"<p>Filtro de niebla negra K&amp;F CONCEPT 1\/4 Serie C &#8211; 58mm El filtro difusor de niebla negra de 1\/4 de<\/p>\n","protected":false},"featured_media":45802,"comment_status":"closed","ping_status":"closed","template":"","meta":{"_acf_changed":false},"product_brand":[2562],"product_cat":[1046],"product_tag":[],"class_list":{"0":"post-74699","1":"product","2":"type-product","3":"status-publish","4":"has-post-thumbnail","6":"product_brand-kf-concept-es","7":"product_cat-black-mist-es","8":"pa_diametro-58mm-es","10":"first","11":"instock","12":"taxable","13":"shipping-taxable","14":"purchasable","15":"product-type-simple"},"bundled_by":[],"bundle_stock_status":"instock","bundle_stock_quantity":2,"bundle_virtual":false,"bundle_layout":"","bundle_add_to_cart_form_location":"","bundle_editable_in_cart":false,"bundle_sold_individually_context":"","bundle_item_grouping":"","bundle_min_size":"","bundle_max_size":"","bundle_price":[],"bundled_items":[],"bundle_sell_ids":[],"acf":[],"_links":{"self":[{"href":"https:\/\/hi-techwonder.com\/es\/wp-json\/wp\/v2\/product\/74699","targetHints":{"allow":["GET"]}}],"collection":[{"href":"https:\/\/hi-techwonder.com\/es\/wp-json\/wp\/v2\/product"}],"about":[{"href":"https:\/\/hi-techwonder.com\/es\/wp-json\/wp\/v2\/types\/product"}],"replies":[{"embeddable":true,"href":"https:\/\/hi-techwonder.com\/es\/wp-json\/wp\/v2\/comments?post=74699"}],"wp:featuredmedia":[{"embeddable":true,"href":"https:\/\/hi-techwonder.com\/es\/wp-json\/wp\/v2\/media\/45802"}],"wp:attachment":[{"href":"https:\/\/hi-techwonder.com\/es\/wp-json\/wp\/v2\/media?parent=74699"}],"wp:term":[{"taxonomy":"product_brand","embeddable":true,"href":"https:\/\/hi-techwonder.com\/es\/wp-json\/wp\/v2\/product_brand?post=74699"},{"taxonomy":"product_cat","embeddable":true,"href":"https:\/\/hi-techwonder.com\/es\/wp-json\/wp\/v2\/product_cat?post=74699"},{"taxonomy":"product_tag","embeddable":true,"href":"https:\/\/hi-techwonder.com\/es\/wp-json\/wp\/v2\/product_tag?post=74699"}],"curies":[{"name":"wp","href":"https:\/\/api.w.org\/{rel}","templated":true}]}}