{"id":74700,"date":"2025-07-29T09:04:41","date_gmt":"2025-07-29T09:04:41","guid":{"rendered":"https:\/\/fv6qoy3ls0.wpdns.site\/product\/kf-concept-digital-filter-hd-mc-uv-slim-protection-62mm\/"},"modified":"2025-09-30T09:25:35","modified_gmt":"2025-09-30T09:25:35","slug":"kf-concept-digital-filter-hd-mc-uv-slim-protection-62mm","status":"publish","type":"product","link":"https:\/\/hi-techwonder.com\/es\/producto\/kf-concept-digital-filter-hd-mc-uv-slim-protection-62mm\/","title":{"rendered":"K&amp;F CONCEPT Digital Filter HD MC UV Slim Protection 62mm"},"content":{"rendered":"<p><strong>Filtro digital K&amp;F CONCEPT HD MCUV para protecci\u00f3n delgada 62mm<\/strong><\/p>\n<p><strong><br \/><\/strong><\/p>\n<p><strong>Contenido del paquete:<\/strong><\/p>\n<ul>\n<li>1 filtro de protecci\u00f3n UV (ultravioleta) MC (multicapa) de 62 mm<\/li>\n<\/ul>\n<p><strong>Funciones:<\/strong><\/p>\n<ul>\n<li>Filtro UV protector transparente<\/li>\n<li>Vidrio \u00f3ptico japon\u00e9s<\/li>\n<li>No afecta a la imagen<\/li>\n<li>Recubrimiento multicapa<\/li>\n<li>Resistente a los ara\u00f1azos<\/li>\n<li>Evita da\u00f1os en la lente<\/li>\n<\/ul>\n<p>Los filtros UV de K&amp;F Concept est\u00e1n hechos de vidrio japon\u00e9s y protegen su lente de la suciedad del polvo, los ara\u00f1azos, las huellas dactilares y los da\u00f1os accidentales.<\/p>\n<p>El anillo de marco de aluminio ligero y s\u00faper delgado reduce el impacto m\u00e1ximo en la luz y evita eficazmente el vi\u00f1eteado t\u00edpico de las tomas de gran angular.<\/p>\n<p>Este filtro es compatible con objetivos de 62 mm de di\u00e1metro. Verifique y confirme el tama\u00f1o de rosca de la lente de su c\u00e1mara, generalmente etiquetado en el cilindro de la lente o impreso en el interior de la tapa de la lente. El n\u00famero siempre va precedido del s\u00edmbolo \u00f8 (di\u00e1metro).  <\/p>\n<p><strong>Caracter\u00edsticas t\u00e9cnicas:<\/strong><\/p>\n<table style=\"height: 220px; width: 511px;\" border=\"0\" width=\"480\" cellspacing=\"0\" cellpadding=\"2\">\n<colgroup>\n<col style=\"width: 242.5px;\" width=\"223\">\n<col style=\"width: 267.5px;\" width=\"249\"><\/colgroup>\n<tbody>\n<tr style=\"height: 20px;\">\n<td style=\"height: 20px;\" width=\"223\"> <span style=\"color: #666666;\">Marca <\/span><\/td>\n<td style=\"height: 20px;\" width=\"249\"> <span style=\"color: #666666;\">Concepto K&amp;F <\/span><\/td>\n<\/tr>\n<tr style=\"height: 20px;\">\n<td style=\"height: 20px;\" width=\"223\"> <span style=\"color: #666666;\">Referencia de <\/span><\/td>\n<p> marca<\/p>\n<td style=\"height: 20px;\" width=\"249\">KF01.027<\/td>\n<\/tr>\n<tr style=\"height: 20px;\">\n Tipo <\/p>\n<td style=\"height: 20px;\" width=\"223\"> <span style=\"color: #666666;\">de filtro <\/span><\/td>\n<td style=\"height: 20px;\" width=\"249\">MC (Multicapa) <span style=\"font-size: 12pt;\">UV (Ultravioleta)<\/span><\/td>\n<\/tr>\n<tr style=\"height: 20px;\">\n<td style=\"height: 20px;\" width=\"223\"> <span style=\"color: #666666;\">Formato <\/span><\/td>\n<td style=\"height: 20px;\" width=\"249\"> <span style=\"color: #666666;\">Circular <\/span><\/td>\n<\/tr>\n<tr style=\"height: 20px;\">\n<td style=\"height: 20px;\" width=\"223\"> <span style=\"color: #666666;\">Di\u00e1metro <\/span><\/td>\n<td style=\"height: 20px;\" width=\"249\">62 mil\u00edmetros<\/td>\n<\/tr>\n<tr style=\"height: 20px;\">\n<td style=\"height: 20px;\" width=\"223\"> <span style=\"color: #666666;\">Rotativo <\/span><\/td>\n<td style=\"height: 20px;\" width=\"249\"> <span style=\"color: #666666;\">S\u00ed, roscado <\/span><\/td>\n<\/tr>\n<tr style=\"height: 20px;\">\n<td style=\"height: 20px;\" width=\"223\"> <span style=\"color: #666666;\">Capa <\/span><\/td>\n<td style=\"height: 20px;\" width=\"249\"> <span style=\"color: #666666;\">Multi <\/span><\/td>\n<\/tr>\n<tr style=\"height: 20px;\">\n<td style=\"height: 20px;\" width=\"223\"> <span style=\"color: #666666;\">Marco <\/span><\/td>\n<td style=\"height: 20px;\" width=\"249\"> <span style=\"color: #666666;\">Delgado (espesor fino) <\/span><\/td>\n<\/tr>\n<tr style=\"height: 20px;\">\n Material <\/p>\n<td style=\"height: 20px;\" width=\"223\"> <span style=\"color: #666666;\">filtrante <\/span><\/td>\n<td style=\"height: 20px;\" width=\"249\"> <span style=\"color: #666666;\">Vidrio \u00f3ptico japon\u00e9s <\/span><\/td>\n<\/tr>\n<tr style=\"height: 20px;\">\n Material <\/p>\n<td style=\"height: 20px;\" width=\"223\"> <span style=\"color: #666666;\">del anillo <\/span><\/td>\n<td style=\"height: 20px;\" width=\"249\"> <span style=\"color: #666666;\">Aluminio<\/span><\/td>\n<\/tr>\n<\/tbody>\n<\/table>\n","protected":false},"excerpt":{"rendered":"<p>Filtro digital K&amp;F CONCEPT HD MCUV para protecci\u00f3n delgada 62mm Contenido del paquete: 1 filtro de protecci\u00f3n UV (ultravioleta) MC<\/p>\n","protected":false},"featured_media":44782,"comment_status":"closed","ping_status":"closed","template":"","meta":{"_acf_changed":false},"product_brand":[2562],"product_cat":[1052],"product_tag":[],"class_list":{"0":"post-74700","1":"product","2":"type-product","3":"status-publish","4":"has-post-thumbnail","6":"product_brand-kf-concept-es","7":"product_cat-proteccion-uv","8":"pa_diametro-62mm-es","10":"first","11":"instock","12":"taxable","13":"shipping-taxable","14":"purchasable","15":"product-type-simple"},"bundled_by":[],"bundle_stock_status":"instock","bundle_stock_quantity":1,"bundle_virtual":false,"bundle_layout":"","bundle_add_to_cart_form_location":"","bundle_editable_in_cart":false,"bundle_sold_individually_context":"","bundle_item_grouping":"","bundle_min_size":"","bundle_max_size":"","bundle_price":[],"bundled_items":[],"bundle_sell_ids":[],"acf":[],"_links":{"self":[{"href":"https:\/\/hi-techwonder.com\/es\/wp-json\/wp\/v2\/product\/74700","targetHints":{"allow":["GET"]}}],"collection":[{"href":"https:\/\/hi-techwonder.com\/es\/wp-json\/wp\/v2\/product"}],"about":[{"href":"https:\/\/hi-techwonder.com\/es\/wp-json\/wp\/v2\/types\/product"}],"replies":[{"embeddable":true,"href":"https:\/\/hi-techwonder.com\/es\/wp-json\/wp\/v2\/comments?post=74700"}],"wp:featuredmedia":[{"embeddable":true,"href":"https:\/\/hi-techwonder.com\/es\/wp-json\/wp\/v2\/media\/44782"}],"wp:attachment":[{"href":"https:\/\/hi-techwonder.com\/es\/wp-json\/wp\/v2\/media?parent=74700"}],"wp:term":[{"taxonomy":"product_brand","embeddable":true,"href":"https:\/\/hi-techwonder.com\/es\/wp-json\/wp\/v2\/product_brand?post=74700"},{"taxonomy":"product_cat","embeddable":true,"href":"https:\/\/hi-techwonder.com\/es\/wp-json\/wp\/v2\/product_cat?post=74700"},{"taxonomy":"product_tag","embeddable":true,"href":"https:\/\/hi-techwonder.com\/es\/wp-json\/wp\/v2\/product_tag?post=74700"}],"curies":[{"name":"wp","href":"https:\/\/api.w.org\/{rel}","templated":true}]}}