{"id":74702,"date":"2025-07-29T09:07:15","date_gmt":"2025-07-29T09:07:15","guid":{"rendered":"https:\/\/fv6qoy3ls0.wpdns.site\/product\/filtro-digital-kf-concept-hd-mc-cpl-polarizador-delgado-62mm\/"},"modified":"2026-01-31T02:42:14","modified_gmt":"2026-01-31T02:42:14","slug":"kf-concept-filtro-digital-kf-concept-hd-mc-cpl-polarizador-delgado-62mm","status":"publish","type":"product","link":"https:\/\/hi-techwonder.com\/es\/producto\/kf-concept-filtro-digital-kf-concept-hd-mc-cpl-polarizador-delgado-62mm\/","title":{"rendered":"Filtro digital K&amp;F CONCEPT HD MC CPL Polarizador delgado 62mm"},"content":{"rendered":"<p><strong>Filtro digital K&amp;F CONCEPT HD MC CPL Polarizador delgado 62mm<\/strong><\/p>\n<p><strong><br \/><\/strong><\/p>\n<p><strong>Contenido del paquete:<\/strong><\/p>\n<ul>\n<li>1 filtro CPL (polarizador) MC (multicapa) de 62 mm<\/li>\n<\/ul>\n<p><strong>Funciones:<\/strong><\/p>\n<ul>\n<li>Filtro polarizador circular<\/li>\n<li>Vidrio \u00f3ptico japon\u00e9s<\/li>\n<li>Ayuda a eliminar reflejos y brillos<\/li>\n<li>Recubrimiento multicapa<\/li>\n<\/ul>\n<p>El polarizador circular K&amp;F Concept fabricado en vidrio \u00f3ptico con tecnolog\u00eda japonesa profundiza la intensidad del cielo azul, y reduce e incluso elimina (en algunos casos) el reflejo.<\/p>\n<p>Su multicapa reduce el reflejo de superficies como el agua, la piedra, el vidrio y aumenta la saturaci\u00f3n de colores.<\/p>\n<p>Contiene un anillo de marco de aluminio, con un perfil ultrafino para evitar el vi\u00f1eteado en lentes gran angular.<\/p>\n<p>Los filtros CPL son adecuados para fotograf\u00edas de cielos, agua y follaje. Permiten mejorar dr\u00e1sticamente la saturaci\u00f3n y los colores de estos elementos, dando a las im\u00e1genes un aspecto m\u00e1s v\u00edvido y vibrante. <\/p>\n<p>Este filtro es compatible con objetivos de 62 mm de di\u00e1metro. Verifique y confirme el tama\u00f1o de rosca de la lente de su c\u00e1mara, generalmente etiquetado en el cilindro de la lente o impreso en el interior de la tapa de la lente. El n\u00famero siempre va precedido del s\u00edmbolo \u00f8 (di\u00e1metro).  <\/p>\n<p><strong>Caracter\u00edsticas t\u00e9cnicas:<\/strong><\/p>\n<table style=\"height: 220px;width: 528px\" border=\"0\" width=\"480\" cellspacing=\"0\" cellpadding=\"2\">\n<colgroup>\n<col style=\"width: 250.5px\" width=\"223\">\n<col style=\"width: 275.5px\" width=\"249\"><\/colgroup>\n<tbody>\n<tr style=\"height: 20px\">\n<td style=\"height: 20px\" width=\"223\"><span style=\"color: #666666\">Marca<\/span><\/td>\n<td style=\"height: 20px\" width=\"249\"><span style=\"color: #666666\">Concepto K&amp;F<\/span><\/td>\n<\/tr>\n<tr style=\"height: 20px\">\n<td style=\"height: 20px\" width=\"223\"><span style=\"color: #666666\">Referencia de<\/span><\/td>\n<p> marca<\/p>\n<td style=\"height: 20px\" width=\"249\">KF01.1157<\/td>\n<\/tr>\n<tr style=\"height: 20px\">\n<td style=\"height: 20px\" width=\"223\"><span style=\"color: #666666\">Tipo<\/span><\/td>\n<p> de filtro<\/p>\n<td style=\"height: 20px\" width=\"249\">MC (Multicapa) CPL (Polarizador)<\/td>\n<\/tr>\n<tr style=\"height: 20px\">\n<td style=\"height: 20px\" width=\"223\"><span style=\"color: #666666\">Formato<\/span><\/td>\n<td style=\"height: 20px\" width=\"249\"><span style=\"color: #666666\">Circular<\/span><\/td>\n<\/tr>\n<tr style=\"height: 20px\">\n<td style=\"height: 20px\" width=\"223\"><span style=\"color: #666666\">Di\u00e1metro<\/span><\/td>\n<td style=\"height: 20px\" width=\"249\">62 mil\u00edmetros<\/td>\n<\/tr>\n<tr style=\"height: 20px\">\n<td style=\"height: 20px\" width=\"223\"><span style=\"color: #666666\">Rotativo<\/span><\/td>\n<td style=\"height: 20px\" width=\"249\"><span style=\"color: #666666\">S\u00ed, roscado<\/span><\/td>\n<\/tr>\n<tr style=\"height: 20px\">\n<td style=\"height: 20px\" width=\"223\"><span style=\"color: #666666\">Capa<\/span><\/td>\n<td style=\"height: 20px\" width=\"249\"><span style=\"color: #666666\">Multi<\/span><\/td>\n<\/tr>\n<tr style=\"height: 20px\">\n<td style=\"height: 20px\" width=\"223\"><span style=\"color: #666666\">Marco<\/span><\/td>\n<td style=\"height: 20px\" width=\"249\"><span style=\"color: #666666\">Delgado (espesor fino)<\/span><\/td>\n<\/tr>\n<tr style=\"height: 20px\">\n<td style=\"height: 20px\" width=\"223\"><span style=\"color: #666666\">Material<\/span><\/td>\n<p> filtrante<\/p>\n<td style=\"height: 20px\" width=\"249\"><span style=\"color: #666666\">Vidrio \u00f3ptico japon\u00e9s<\/span><\/td>\n<\/tr>\n<tr style=\"height: 20px\">\n<td style=\"height: 20px\" width=\"223\"><span style=\"color: #666666\">Material<\/span><\/td>\n<p> del anillo<\/p>\n<td style=\"height: 20px\" width=\"249\"><span style=\"color: #666666\">Aluminio<\/span><\/td>\n<\/tr>\n<\/tbody>\n<\/table>\n","protected":false},"excerpt":{"rendered":"<p>Filtro digital K&amp;F CONCEPT HD MC CPL Polarizador delgado 62mm Contenido del paquete: 1 filtro CPL (polarizador) MC (multicapa) de<\/p>\n","protected":false},"featured_media":45136,"comment_status":"closed","ping_status":"closed","template":"","meta":{"_acf_changed":false},"product_brand":[2562],"product_cat":[1051],"product_tag":[],"class_list":{"0":"post-74702","1":"product","2":"type-product","3":"status-publish","4":"has-post-thumbnail","6":"product_brand-kf-concept-es","7":"product_cat-polarizadores-es","8":"pa_diametro-62mm-es","10":"first","11":"instock","12":"taxable","13":"shipping-taxable","14":"purchasable","15":"product-type-simple"},"bundled_by":[],"bundle_stock_status":"instock","bundle_stock_quantity":1,"bundle_virtual":false,"bundle_layout":"","bundle_add_to_cart_form_location":"","bundle_editable_in_cart":false,"bundle_sold_individually_context":"","bundle_item_grouping":"","bundle_min_size":"","bundle_max_size":"","bundle_price":[],"bundled_items":[],"bundle_sell_ids":[],"acf":[],"_links":{"self":[{"href":"https:\/\/hi-techwonder.com\/es\/wp-json\/wp\/v2\/product\/74702","targetHints":{"allow":["GET"]}}],"collection":[{"href":"https:\/\/hi-techwonder.com\/es\/wp-json\/wp\/v2\/product"}],"about":[{"href":"https:\/\/hi-techwonder.com\/es\/wp-json\/wp\/v2\/types\/product"}],"replies":[{"embeddable":true,"href":"https:\/\/hi-techwonder.com\/es\/wp-json\/wp\/v2\/comments?post=74702"}],"wp:featuredmedia":[{"embeddable":true,"href":"https:\/\/hi-techwonder.com\/es\/wp-json\/wp\/v2\/media\/45136"}],"wp:attachment":[{"href":"https:\/\/hi-techwonder.com\/es\/wp-json\/wp\/v2\/media?parent=74702"}],"wp:term":[{"taxonomy":"product_brand","embeddable":true,"href":"https:\/\/hi-techwonder.com\/es\/wp-json\/wp\/v2\/product_brand?post=74702"},{"taxonomy":"product_cat","embeddable":true,"href":"https:\/\/hi-techwonder.com\/es\/wp-json\/wp\/v2\/product_cat?post=74702"},{"taxonomy":"product_tag","embeddable":true,"href":"https:\/\/hi-techwonder.com\/es\/wp-json\/wp\/v2\/product_tag?post=74702"}],"curies":[{"name":"wp","href":"https:\/\/api.w.org\/{rel}","templated":true}]}}