{"id":74727,"date":"2025-07-29T00:17:08","date_gmt":"2025-07-29T00:17:08","guid":{"rendered":"https:\/\/fv6qoy3ls0.wpdns.site\/product\/kf-concept-kf31-079-bateria-y-caja-de-tarjeta-de-memoria\/"},"modified":"2026-04-24T14:07:03","modified_gmt":"2026-04-24T13:07:03","slug":"kf-concept-kf31-079-bateria-y-caja-de-tarjeta-de-memoria","status":"publish","type":"product","link":"https:\/\/hi-techwonder.com\/es\/producto\/kf-concept-kf31-079-bateria-y-caja-de-tarjeta-de-memoria\/","title":{"rendered":"K&amp;F CONCEPT KF31.079 Bater\u00eda y Caja de Tarjeta de Memoria"},"content":{"rendered":"<h3>K&amp;F CONCEPT KF31.079 Bater\u00eda y Caja de Tarjeta de Memoria<\/h3>\n<ul>\n<li>El estuche puede contener 4 tarjetas SD, 2 tarjetas CF o 2 tarjetas XDQ, 6 tarjetas Micro SD (TF) y 8 pilas AA\/AAA o 2 pilas de c\u00e1mara digital.<\/li>\n<li>Utilizando un revestimiento duradero de ABS y un revestimiento de caucho moldeado termopl\u00e1stico, el estuche est\u00e1 dise\u00f1ado con un concepto de triple prueba, sellado resistente a la intemperie, que evita la entrada de agua, polvo y escombros, protegiendo el contenido de da\u00f1os.<\/li>\n<li>El sistema de bloqueo ergon\u00f3mico permite una f\u00e1cil apertura y cierre. El cierre sellado evita la entrada de agua y proporciona una protecci\u00f3n total para el contenido de la caja <\/li>\n<li>Las tarjetas y las bater\u00edas encajan en las ranuras, por lo que no se caen f\u00e1cilmente<\/li>\n<\/ul>\n<p><img loading=\"lazy\" decoding=\"async\" src=\"https:\/\/img.kentfaith.com\/catalog\/prod\/KF31.079\/KF31.079-us\/KF31.079_06.jpg\" alt=\"\" width=\"600\" height=\"246\"><\/p>\n<p><img loading=\"lazy\" decoding=\"async\" src=\"https:\/\/img.kentfaith.com\/catalog\/prod\/KF31.079\/KF31.079-us\/KF31.079_05.jpg\" alt=\"\" width=\"600\" height=\"246\"><\/p>\n<p><img loading=\"lazy\" decoding=\"async\" src=\"https:\/\/img.kentfaith.com\/catalog\/prod\/KF31.079\/KF31.079-us\/KF31.079_03.jpg\" alt=\"\" width=\"600\" height=\"246\"><\/p>\n","protected":false},"excerpt":{"rendered":"<p>K&amp;F CONCEPT KF31.079 Bater\u00eda y Caja de Tarjeta de Memoria El estuche puede contener 4 tarjetas SD, 2 tarjetas CF<\/p>\n","protected":false},"featured_media":37154,"comment_status":"closed","ping_status":"closed","template":"","meta":{"_acf_changed":false},"product_brand":[2562],"product_cat":[1026],"product_tag":[],"class_list":{"0":"post-74727","1":"product","2":"type-product","3":"status-publish","4":"has-post-thumbnail","6":"product_brand-kf-concept-es","7":"product_cat-accesorios-almacenamiento","9":"first","10":"instock","11":"taxable","12":"shipping-taxable","13":"purchasable","14":"product-type-simple"},"bundled_by":[],"bundle_stock_status":"instock","bundle_stock_quantity":2,"bundle_virtual":false,"bundle_layout":"","bundle_add_to_cart_form_location":"","bundle_editable_in_cart":false,"bundle_sold_individually_context":"","bundle_item_grouping":"","bundle_min_size":"","bundle_max_size":"","bundle_price":[],"bundled_items":[],"bundle_sell_ids":[],"acf":[],"_links":{"self":[{"href":"https:\/\/hi-techwonder.com\/es\/wp-json\/wp\/v2\/product\/74727","targetHints":{"allow":["GET"]}}],"collection":[{"href":"https:\/\/hi-techwonder.com\/es\/wp-json\/wp\/v2\/product"}],"about":[{"href":"https:\/\/hi-techwonder.com\/es\/wp-json\/wp\/v2\/types\/product"}],"replies":[{"embeddable":true,"href":"https:\/\/hi-techwonder.com\/es\/wp-json\/wp\/v2\/comments?post=74727"}],"wp:featuredmedia":[{"embeddable":true,"href":"https:\/\/hi-techwonder.com\/es\/wp-json\/wp\/v2\/media\/37154"}],"wp:attachment":[{"href":"https:\/\/hi-techwonder.com\/es\/wp-json\/wp\/v2\/media?parent=74727"}],"wp:term":[{"taxonomy":"product_brand","embeddable":true,"href":"https:\/\/hi-techwonder.com\/es\/wp-json\/wp\/v2\/product_brand?post=74727"},{"taxonomy":"product_cat","embeddable":true,"href":"https:\/\/hi-techwonder.com\/es\/wp-json\/wp\/v2\/product_cat?post=74727"},{"taxonomy":"product_tag","embeddable":true,"href":"https:\/\/hi-techwonder.com\/es\/wp-json\/wp\/v2\/product_tag?post=74727"}],"curies":[{"name":"wp","href":"https:\/\/api.w.org\/{rel}","templated":true}]}}