{"id":74728,"date":"2025-07-29T10:23:19","date_gmt":"2025-07-29T10:23:19","guid":{"rendered":"https:\/\/fv6qoy3ls0.wpdns.site\/product\/kf-concept-kf31-052-cabezal-de-cardan-panoramico\/"},"modified":"2025-07-29T10:23:19","modified_gmt":"2025-07-29T10:23:19","slug":"kf-concept-kf31-052-cabezal-de-cardan-panoramico","status":"publish","type":"product","link":"https:\/\/hi-techwonder.com\/es\/producto\/kf-concept-kf31-052-cabezal-de-cardan-panoramico\/","title":{"rendered":"K&amp;F CONCEPT KF31.052 Cabezal de card\u00e1n panor\u00e1mico"},"content":{"rendered":"<h3>K&amp;F CONCEPT KF31.052 Cabezal de card\u00e1n panor\u00e1mico<\/h3>\n<p>La cabeza panor\u00e1mica del card\u00e1n KF31.052 de K&amp;F Concept est\u00e1 hecha de material de aleaci\u00f3n de aluminio 6061 de excelente calidad y procesamiento de precisi\u00f3n CNC, la superficie tiene un tratamiento antioxidante an\u00f3dico; Combina un dise\u00f1o robusto, construcci\u00f3n, durabilidad y estabilidad.<\/p>\n<p>Permite una rotaci\u00f3n de 360\u00b0 de la base y el brazo vertical, la base tiene una escala horizontal de 360\u00b0 y el brazo se puede ajustar con una carrera horizontal y vertical de 100 mm. Permite un ajuste vertical de 70mm y el brazo vertical tiene un movimiento de rotaci\u00f3n de 180\u00ba. Una c\u00e1mara grande puede colocarse en cualquier \u00e1ngulo, ya que la cabeza tiene una fuerte fuerza de bloqueo de amortiguaci\u00f3n.  <\/p>\n<p>La capacidad de carga del cabezal del tr\u00edpode es de hasta 20 kg, y puede controlar f\u00e1cilmente todo tipo de combinaciones de teleobjetivos medianos. Satisface la demanda fotogr\u00e1fica de la fotograf\u00eda desde diferentes \u00e1ngulos, permitiendo una creatividad fotogr\u00e1fica ilimitada. <\/p>\n<p>La parte inferior de la cabeza del tr\u00edpode del card\u00e1n tiene un orificio para tornillo de 3\/8&#8243;, que se puede aplicar ampliamente a varios tr\u00edpodes profesionales; y tambi\u00e9n viene con una placa de liberaci\u00f3n r\u00e1pida extra\u00edble con tornillo de 1\/4&#8243;, que es adecuada para la mayor\u00eda de las c\u00e1maras SLR y sin espejo.<\/p>\n<p>F\u00e1cil, r\u00e1pido, vers\u00e1til, perfecto para capturar fotograf\u00eda de naturaleza, aves y deportes, ideal para fot\u00f3grafos de naturaleza y deportes.<\/p>\n<h4><strong>Caracter\u00edsticas t\u00e9cnicas<\/strong><\/h4>\n<p><em>Cabeza<\/em><\/p>\n<p>Tipo de cabeza: card\u00e1n panor\u00e1mico&nbsp;<\/p>\n<p>Montaje en base: 3\/8&#8243;-16 hembra<\/p>\n<p>Placa de liberaci\u00f3n r\u00e1pida: tipo Arca<\/p>\n<p>N\u00famero de niveles de burbuja: Ninguno<\/p>\n<p>Control de fricci\u00f3n: S\u00ed<\/p>\n<p><em>Generalmente<\/em><\/p>\n<p>Capacidad de carga: 20kg<\/p>\n<p>Peso: 1,13 kg<\/p>\n","protected":false},"excerpt":{"rendered":"<p>K&amp;F CONCEPT KF31.052 Cabezal de card\u00e1n panor\u00e1mico La cabeza panor\u00e1mica del card\u00e1n KF31.052 de K&amp;F Concept est\u00e1 hecha de material<\/p>\n","protected":false},"featured_media":62555,"comment_status":"closed","ping_status":"open","template":"","meta":{"_acf_changed":false},"product_brand":[2562],"product_cat":[1076],"product_tag":[],"class_list":{"0":"post-74728","1":"product","2":"type-product","3":"status-publish","4":"has-post-thumbnail","6":"product_brand-kf-concept-es","7":"product_cat-gimbals-es","9":"first","10":"instock","11":"taxable","12":"shipping-taxable","13":"purchasable","14":"product-type-simple"},"bundled_by":[],"bundle_stock_status":"instock","bundle_stock_quantity":1,"bundle_virtual":false,"bundle_layout":"","bundle_add_to_cart_form_location":"","bundle_editable_in_cart":false,"bundle_sold_individually_context":"","bundle_item_grouping":"","bundle_min_size":"","bundle_max_size":"","bundle_price":[],"bundled_items":[],"bundle_sell_ids":[],"acf":[],"_links":{"self":[{"href":"https:\/\/hi-techwonder.com\/es\/wp-json\/wp\/v2\/product\/74728","targetHints":{"allow":["GET"]}}],"collection":[{"href":"https:\/\/hi-techwonder.com\/es\/wp-json\/wp\/v2\/product"}],"about":[{"href":"https:\/\/hi-techwonder.com\/es\/wp-json\/wp\/v2\/types\/product"}],"replies":[{"embeddable":true,"href":"https:\/\/hi-techwonder.com\/es\/wp-json\/wp\/v2\/comments?post=74728"}],"wp:featuredmedia":[{"embeddable":true,"href":"https:\/\/hi-techwonder.com\/es\/wp-json\/wp\/v2\/media\/62555"}],"wp:attachment":[{"href":"https:\/\/hi-techwonder.com\/es\/wp-json\/wp\/v2\/media?parent=74728"}],"wp:term":[{"taxonomy":"product_brand","embeddable":true,"href":"https:\/\/hi-techwonder.com\/es\/wp-json\/wp\/v2\/product_brand?post=74728"},{"taxonomy":"product_cat","embeddable":true,"href":"https:\/\/hi-techwonder.com\/es\/wp-json\/wp\/v2\/product_cat?post=74728"},{"taxonomy":"product_tag","embeddable":true,"href":"https:\/\/hi-techwonder.com\/es\/wp-json\/wp\/v2\/product_tag?post=74728"}],"curies":[{"name":"wp","href":"https:\/\/api.w.org\/{rel}","templated":true}]}}