{"id":74730,"date":"2025-07-29T10:35:46","date_gmt":"2025-07-29T10:35:46","guid":{"rendered":"https:\/\/fv6qoy3ls0.wpdns.site\/product\/kf-concept-m1bh-36l-tripode-de-viaje-cabeza-de-varilla\/"},"modified":"2025-07-29T10:35:46","modified_gmt":"2025-07-29T10:35:46","slug":"kf-concept-m1bh-36l-tripode-de-viaje-cabeza-de-varilla","status":"publish","type":"product","link":"https:\/\/hi-techwonder.com\/es\/producto\/kf-concept-m1bh-36l-tripode-de-viaje-cabeza-de-varilla\/","title":{"rendered":"K&amp;F CONCEPT M1+BH-36L Tr\u00edpode de Viaje + Cabeza de Varilla"},"content":{"rendered":"<p><strong>K&amp;F CONCEPT M1+BH-36L Tr\u00edpode de Viaje + Cabeza de Varilla<\/strong><\/p>\n<p><font color=\"#ff9c00\">KF09.105V1<\/font><\/p>\n<p><strong>Contenido del paquete:<\/strong><\/p>\n<ul>\n<li>1 x Tr\u00edpode de aleaci\u00f3n de aluminio M1<\/li>\n<li>1 x Cabeza de varilla BH-36L<\/li>\n<li>1 x Zapata Arca-Swiss<\/li>\n<li>1 x Llave hexagonal<\/li>\n<li>1 x bolsa de transporte<\/li>\n<\/ul>\n<p><iframe loading=\"lazy\" style=\"min-height: 500px; width: 100%; height: auto;\" src=\"https:\/\/www.youtube.com\/embed\/mB1Khcg5LVY\" width=\"560\" height=\"314\" allowfullscreen=\"allowfullscreen\"><\/iframe><\/p>\n<p><strong>Caracter\u00edsticas t\u00e9cnicas:<\/strong><\/p>\n<ul>\n<li>Marca: K&amp;F CONCEPT<\/li>\n<li>Referencia de la marca: KF09.105<\/li>\n<li>Modelo: M1+BH-35L<\/li>\n<li>Material: aleaci\u00f3n de aluminio<\/li>\n<li>Tipo de cabeza: Cabeza de r\u00f3tula<\/li>\n<li>Zapato: Arca-Swiss<\/li>\n<li>Secciones: 5 Secciones<\/li>\n<li>Altura m\u00e1xima: 176 cm<\/li>\n<li>Altura m\u00ednima: 47 cm<\/li>\n<li>Dimensiones plegadas: 50 cm<\/li>\n<li>Capacidad de carga: 15 Kg<\/li>\n<li>Peso: 1,7 kg<\/li>\n<\/ul>\n","protected":false},"excerpt":{"rendered":"<p>K&amp;F CONCEPT M1+BH-36L Tr\u00edpode de Viaje + Cabeza de Varilla KF09.105V1 Contenido del paquete: 1 x Tr\u00edpode de aleaci\u00f3n de<\/p>\n","protected":false},"featured_media":65004,"comment_status":"closed","ping_status":"open","template":"","meta":{"_acf_changed":false},"product_brand":[2562],"product_cat":[1092],"product_tag":[],"class_list":{"0":"post-74730","1":"product","2":"type-product","3":"status-publish","4":"has-post-thumbnail","6":"product_brand-kf-concept-es","7":"product_cat-kits-foto-es","9":"first","10":"instock","11":"taxable","12":"shipping-taxable","13":"purchasable","14":"product-type-simple"},"bundled_by":[],"bundle_stock_status":"instock","bundle_stock_quantity":1,"bundle_virtual":false,"bundle_layout":"","bundle_add_to_cart_form_location":"","bundle_editable_in_cart":false,"bundle_sold_individually_context":"","bundle_item_grouping":"","bundle_min_size":"","bundle_max_size":"","bundle_price":[],"bundled_items":[],"bundle_sell_ids":[],"acf":[],"_links":{"self":[{"href":"https:\/\/hi-techwonder.com\/es\/wp-json\/wp\/v2\/product\/74730","targetHints":{"allow":["GET"]}}],"collection":[{"href":"https:\/\/hi-techwonder.com\/es\/wp-json\/wp\/v2\/product"}],"about":[{"href":"https:\/\/hi-techwonder.com\/es\/wp-json\/wp\/v2\/types\/product"}],"replies":[{"embeddable":true,"href":"https:\/\/hi-techwonder.com\/es\/wp-json\/wp\/v2\/comments?post=74730"}],"wp:featuredmedia":[{"embeddable":true,"href":"https:\/\/hi-techwonder.com\/es\/wp-json\/wp\/v2\/media\/65004"}],"wp:attachment":[{"href":"https:\/\/hi-techwonder.com\/es\/wp-json\/wp\/v2\/media?parent=74730"}],"wp:term":[{"taxonomy":"product_brand","embeddable":true,"href":"https:\/\/hi-techwonder.com\/es\/wp-json\/wp\/v2\/product_brand?post=74730"},{"taxonomy":"product_cat","embeddable":true,"href":"https:\/\/hi-techwonder.com\/es\/wp-json\/wp\/v2\/product_cat?post=74730"},{"taxonomy":"product_tag","embeddable":true,"href":"https:\/\/hi-techwonder.com\/es\/wp-json\/wp\/v2\/product_tag?post=74730"}],"curies":[{"name":"wp","href":"https:\/\/api.w.org\/{rel}","templated":true}]}}