{"id":74731,"date":"2025-07-29T08:55:01","date_gmt":"2025-07-29T08:55:01","guid":{"rendered":"https:\/\/fv6qoy3ls0.wpdns.site\/product\/kit-de-limpieza-20-en-1-kf-concept\/"},"modified":"2026-01-31T02:52:06","modified_gmt":"2026-01-31T02:52:06","slug":"kf-concept-kit-de-limpieza-20-en-1-kf-concept","status":"publish","type":"product","link":"https:\/\/hi-techwonder.com\/es\/producto\/kf-concept-kit-de-limpieza-20-en-1-kf-concept\/","title":{"rendered":"Kit de limpieza 20 en 1 K&amp;F CONCEPT"},"content":{"rendered":"<h3>Kit de limpieza 20 en 1 K&amp;F CONCEPT<\/h3>\n<p>Este conjunto proporciona 20 herramientas de limpieza, que incluyen pa\u00f1o de limpieza, l\u00edquido de limpieza, cepillo, soplador de aire, tarjeta de aguja, punta de l\u00e1piz de limpieza, etc., que pueden limpiar de manera integral la superficie de auriculares Bluetooth, tel\u00e9fonos inteligentes, c\u00e1maras, objetivos, teclados y otros dispositivos. Elimine las huellas dactilares, la grasa, el polvo y otra suciedad de la pantalla, las lentes y otras partes para mantener los dispositivos limpios y brillantes. <\/p>\n<p>El conjunto tiene un dise\u00f1o compacto y es f\u00e1cil de transportar. Se pueden colocar 20 accesorios en un paquete peque\u00f1o para facilitar el transporte en cualquier momento. Ya sea que est\u00e9 viajando o us\u00e1ndolo a diario, es f\u00e1cil limpiar su dispositivo.  <\/p>\n<p>Todas las herramientas y accesorios de limpieza est\u00e1n hechos de materiales de alta calidad para garantizar que no sean t\u00f3xicos, ofensivos y no causen da\u00f1os a la superficie del equipo. El pa\u00f1o de limpieza es suave y delicado y no raya ni deja fibras. <\/p>\n<p>El kit de limpieza eficiente puede mejorar la limpieza del dispositivo, reducir el impacto de las huellas dactilares y la grasa, y permitir a los usuarios disfrutar de una experiencia de visualizaci\u00f3n y operaci\u00f3n m\u00e1s clara y c\u00f3moda.<\/p>\n","protected":false},"excerpt":{"rendered":"<p>Kit de limpieza 20 en 1 K&amp;F CONCEPT Este conjunto proporciona 20 herramientas de limpieza, que incluyen pa\u00f1o de limpieza,<\/p>\n","protected":false},"featured_media":42728,"comment_status":"closed","ping_status":"open","template":"","meta":{"_acf_changed":false},"product_brand":[2562],"product_cat":[920],"product_tag":[],"class_list":{"0":"post-74731","1":"product","2":"type-product","3":"status-publish","4":"has-post-thumbnail","6":"product_brand-kf-concept-es","7":"product_cat-limpieza","9":"first","10":"instock","11":"taxable","12":"shipping-taxable","13":"purchasable","14":"product-type-simple"},"bundled_by":[],"bundle_stock_status":"instock","bundle_stock_quantity":1,"bundle_virtual":false,"bundle_layout":"","bundle_add_to_cart_form_location":"","bundle_editable_in_cart":false,"bundle_sold_individually_context":"","bundle_item_grouping":"","bundle_min_size":"","bundle_max_size":"","bundle_price":[],"bundled_items":[],"bundle_sell_ids":[],"acf":[],"_links":{"self":[{"href":"https:\/\/hi-techwonder.com\/es\/wp-json\/wp\/v2\/product\/74731","targetHints":{"allow":["GET"]}}],"collection":[{"href":"https:\/\/hi-techwonder.com\/es\/wp-json\/wp\/v2\/product"}],"about":[{"href":"https:\/\/hi-techwonder.com\/es\/wp-json\/wp\/v2\/types\/product"}],"replies":[{"embeddable":true,"href":"https:\/\/hi-techwonder.com\/es\/wp-json\/wp\/v2\/comments?post=74731"}],"wp:featuredmedia":[{"embeddable":true,"href":"https:\/\/hi-techwonder.com\/es\/wp-json\/wp\/v2\/media\/42728"}],"wp:attachment":[{"href":"https:\/\/hi-techwonder.com\/es\/wp-json\/wp\/v2\/media?parent=74731"}],"wp:term":[{"taxonomy":"product_brand","embeddable":true,"href":"https:\/\/hi-techwonder.com\/es\/wp-json\/wp\/v2\/product_brand?post=74731"},{"taxonomy":"product_cat","embeddable":true,"href":"https:\/\/hi-techwonder.com\/es\/wp-json\/wp\/v2\/product_cat?post=74731"},{"taxonomy":"product_tag","embeddable":true,"href":"https:\/\/hi-techwonder.com\/es\/wp-json\/wp\/v2\/product_tag?post=74731"}],"curies":[{"name":"wp","href":"https:\/\/api.w.org\/{rel}","templated":true}]}}