{"id":74735,"date":"2025-07-29T09:16:02","date_gmt":"2025-07-29T09:16:02","guid":{"rendered":"https:\/\/fv6qoy3ls0.wpdns.site\/product\/kit-de-portafiltros-kf-concept-cpl-nd1000-4-anillos\/"},"modified":"2026-02-06T12:17:28","modified_gmt":"2026-02-06T12:17:28","slug":"kf-concept-kit-de-portafiltros-kf-concept-cpl-nd1000-4-anillos","status":"publish","type":"product","link":"https:\/\/hi-techwonder.com\/es\/producto\/kf-concept-kit-de-portafiltros-kf-concept-cpl-nd1000-4-anillos\/","title":{"rendered":"Kit de portafiltros K&amp;F CONCEPT + CPL + ND1000 + 4 anillos"},"content":{"rendered":"<p><strong>Kit K&amp;F CONCEPT con soporte de filtro + filtro polarizador CPL + filtro ND1000 <\/strong><strong>(10 paradas)<\/strong><strong> 100x100mm con soporte protector +<\/strong><strong> 4 anillos adaptadores <\/strong><\/p>\n<p><font color=\"#ff9c00\">SKU.1878<\/font><\/p>\n<p><\/p>\n<p><strong>Contenido del paquete:<\/strong><\/p>\n<ul>\n<li>1 filtro CPL polarizador de 95 mm<\/li>\n<li>1 x Filtro ND1000 (10 paradas) de 100&#215;100 mm con soporte de filtro<\/li>\n<li>4 x Anillos adaptadores (\u00d867, \u00d872, \u00d877, \u00d882)<\/li>\n<li>1 x Portafiltros<\/li>\n<li>1 x Estuche de almacenamiento para filtros<\/li>\n<\/ul>\n<p><strong>Especificaciones generales:<\/strong><\/p>\n<table style=\"width: 641px;height: 10px\" border=\"0\" width=\"100%\" cellspacing=\"0\" cellpadding=\"0\">\n<colgroup>\n<col style=\"width: 303px\" width=\"223\">\n<col style=\"width: 337px\" width=\"249\"><\/colgroup>\n<tbody>\n<tr style=\"height: 20px\">\n<td style=\"height: 20px\" width=\"223\"><span style=\"color: #666666\">Marca<\/span><\/td>\n<td style=\"height: 20px\" width=\"249\"><span style=\"color: #666666\">Concepto K&amp;F<\/span><\/td>\n<\/tr>\n<tr style=\"height: 20px\">\n<td style=\"height: 20px\" width=\"223\"><span style=\"color: #666666\">Referencia de<\/span><\/td>\n<p> marca<\/p>\n<td style=\"height: 20px\" width=\"249\"><span style=\"color: #666666\">SKU.1878<\/span><\/td>\n<\/tr>\n<\/tbody>\n<\/table>\n<p><strong>Especificaciones del filtro CPL:<\/strong><\/p>\n<table style=\"width: 638px;height: 200px\" border=\"0\" width=\"480\" cellspacing=\"0\" cellpadding=\"2\">\n<tbody>\n<tr style=\"height: 20px\">\n<td style=\"height: 20px\" width=\"223\"><span style=\"color: #666666\">Tipo<\/span><\/td>\n<p> de filtro<\/p>\n<td style=\"height: 20px\" width=\"249\"><span style=\"color: #666666\">CPL, polarizador<\/span><\/td>\n<\/tr>\n<tr style=\"height: 20px\">\n<td style=\"height: 20px\" width=\"223\"><span style=\"color: #666666\">Formato<\/span><\/td>\n<td style=\"height: 20px\" width=\"249\">Circular<\/td>\n<\/tr>\n<tr style=\"height: 20px\">\n<td style=\"height: 20px\" width=\"223\">Di\u00e1metro <\/td>\n<td style=\"height: 20px\" width=\"249\">95 mm<\/td>\n<\/tr>\n<tr style=\"height: 20px\">\n<td style=\"height: 20px\" width=\"223\">Baja reflexi\u00f3n<\/td>\n<td style=\"height: 20px\" width=\"249\"><span style=\"color: #666666\">S\u00ed<\/span><\/td>\n<\/tr>\n<tr style=\"height: 20px\">\n<td style=\"height: 20px\">Antiara\u00f1azos<\/td>\n<td style=\"height: 20px\"><span style=\"color: #666666\">S\u00ed<\/span><\/td>\n<\/tr>\n<tr style=\"height: 20px\">\n<td style=\"height: 20px\">Repelente al<\/td>\n<p> agua<\/p>\n<td style=\"height: 20px\"><span style=\"color: #666666\">S\u00ed<\/span><\/td>\n<\/tr>\n<\/tbody>\n<\/table>\n<p><strong>Especificaciones del filtro ND1000:<\/strong><\/p>\n<table style=\"width: 638px;height: 200px\" border=\"0\" width=\"480\" cellspacing=\"0\" cellpadding=\"2\">\n<tbody>\n<tr style=\"height: 20px\">\n<td style=\"height: 20px\" width=\"223\"><span style=\"color: #666666\">Tipo<\/span><\/td>\n<p> de filtro<\/p>\n<td style=\"height: 20px\" width=\"249\"><span style=\"color: #666666\">ND1000, densidad neutra<\/span><\/td>\n<\/tr>\n<tr style=\"height: 20px\">\n<td style=\"height: 20px\" width=\"223\"><span style=\"color: #666666\">Paradas<\/span><\/td>\n<td style=\"height: 20px\" width=\"249\"><span style=\"color: #666666\">10 paradas<\/span><\/td>\n<\/tr>\n<tr style=\"height: 20px\">\n<td style=\"height: 20px\" width=\"223\"><span style=\"color: #666666\">Formato<\/span><\/td>\n<td style=\"height: 20px\" width=\"249\">Foursquare<\/td>\n<\/tr>\n<tr style=\"height: 20px\">\n<td style=\"height: 20px\" width=\"223\">Dimensiones<\/td>\n<td style=\"height: 20px\" width=\"249\">100 x 100 mm<\/td>\n<\/tr>\n<tr style=\"height: 20px\">\n<td style=\"height: 20px\" width=\"223\">Baja reflexi\u00f3n<\/td>\n<td style=\"height: 20px\" width=\"249\"><span style=\"color: #666666\">S\u00ed<\/span><\/td>\n<\/tr>\n<tr style=\"height: 20px\">\n<td style=\"height: 20px\">Antiara\u00f1azos<\/td>\n<td style=\"height: 20px\"><span style=\"color: #666666\">S\u00ed<\/span><\/td>\n<\/tr>\n<tr style=\"height: 20px\">\n<td style=\"height: 20px\">Repelente al<\/td>\n<p> agua<\/p>\n<td style=\"height: 20px\"><span style=\"color: #666666\">S\u00ed<\/span><\/td>\n<\/tr>\n<\/tbody>\n<\/table>\n","protected":false},"excerpt":{"rendered":"<p>Kit K&amp;F CONCEPT con soporte de filtro + filtro polarizador CPL + filtro ND1000 (10 paradas) 100x100mm con soporte protector<\/p>\n","protected":false},"featured_media":46854,"comment_status":"closed","ping_status":"closed","template":"","meta":{"_acf_changed":false},"product_brand":[2562],"product_cat":[1058],"product_tag":[],"class_list":{"0":"post-74735","1":"product","2":"type-product","3":"status-publish","4":"has-post-thumbnail","6":"product_brand-kf-concept-es","7":"product_cat-filtros-100mm-es","8":"pa_densidade-nd1000-10-stop-es","10":"first","11":"pre-order","12":"taxable","13":"shipping-taxable","14":"purchasable","15":"product-type-simple"},"bundled_by":[],"bundle_stock_status":"pre-order","bundle_stock_quantity":null,"bundle_virtual":false,"bundle_layout":"","bundle_add_to_cart_form_location":"","bundle_editable_in_cart":false,"bundle_sold_individually_context":"","bundle_item_grouping":"","bundle_min_size":"","bundle_max_size":"","bundle_price":[],"bundled_items":[],"bundle_sell_ids":[],"acf":[],"_links":{"self":[{"href":"https:\/\/hi-techwonder.com\/es\/wp-json\/wp\/v2\/product\/74735","targetHints":{"allow":["GET"]}}],"collection":[{"href":"https:\/\/hi-techwonder.com\/es\/wp-json\/wp\/v2\/product"}],"about":[{"href":"https:\/\/hi-techwonder.com\/es\/wp-json\/wp\/v2\/types\/product"}],"replies":[{"embeddable":true,"href":"https:\/\/hi-techwonder.com\/es\/wp-json\/wp\/v2\/comments?post=74735"}],"wp:featuredmedia":[{"embeddable":true,"href":"https:\/\/hi-techwonder.com\/es\/wp-json\/wp\/v2\/media\/46854"}],"wp:attachment":[{"href":"https:\/\/hi-techwonder.com\/es\/wp-json\/wp\/v2\/media?parent=74735"}],"wp:term":[{"taxonomy":"product_brand","embeddable":true,"href":"https:\/\/hi-techwonder.com\/es\/wp-json\/wp\/v2\/product_brand?post=74735"},{"taxonomy":"product_cat","embeddable":true,"href":"https:\/\/hi-techwonder.com\/es\/wp-json\/wp\/v2\/product_cat?post=74735"},{"taxonomy":"product_tag","embeddable":true,"href":"https:\/\/hi-techwonder.com\/es\/wp-json\/wp\/v2\/product_tag?post=74735"}],"curies":[{"name":"wp","href":"https:\/\/api.w.org\/{rel}","templated":true}]}}