{"id":74737,"date":"2025-07-29T09:15:52","date_gmt":"2025-07-29T09:15:52","guid":{"rendered":"https:\/\/fv6qoy3ls0.wpdns.site\/product\/kit-de-portafiltros-kf-concept-8-anillos\/"},"modified":"2026-01-31T02:32:35","modified_gmt":"2026-01-31T02:32:35","slug":"kf-concept-kit-de-portafiltros-kf-concept-8-anillos","status":"publish","type":"product","link":"https:\/\/hi-techwonder.com\/es\/producto\/kf-concept-kit-de-portafiltros-kf-concept-8-anillos\/","title":{"rendered":"Kit de portafiltros K&amp;F CONCEPT + 8 anillos"},"content":{"rendered":"<p><strong>Kit de portafiltros K&amp;F CONCEPT + 8 anillos&nbsp;<\/strong><\/p>\n<p><iframe loading=\"lazy\" src=\"https:\/\/www.youtube.com\/embed\/V--VonPGhBs\" width=\"560\" height=\"314\" allowfullscreen=\"allowfullscreen\"><\/iframe><\/p>\n<p><strong>Contenido del paquete:<\/strong><\/p>\n<ul>\n<li>8 x Anillos adaptadores (\u00d849, \u00d852, \u00d858, \u00d862, \u00d867, \u00d872, \u00d877, \u00d882)<\/li>\n<li>1 x Portafiltros de 2 ranuras<\/li>\n<\/ul>\n<p>Soporte K&amp;F para filtros de 100&#215;100 y 150x100mm. Con este soporte puede mantener hasta 2 filtros al mismo tiempo. <\/p>\n<p>Incluye anillos adaptadores para 49mm, 52mm, 58mm, 62mm, 67mm, 72mm, 77mm y 82mm de di\u00e1metro.<\/p>\n<p>Nota: Solo para filtros rectangulares de 100 mm de ancho y 2 mm de grosor.<\/p>\n<p><strong>Caracter\u00edsticas t\u00e9cnicas:<\/strong><\/p>\n<p><strong> <\/strong><\/p>\n<table style=\"width: 100%;height: 62px\" border=\"0\" width=\"100%\" cellspacing=\"0\" cellpadding=\"0\">\n<colgroup>\n<col style=\"width: 305.5px\" width=\"223\">\n<col style=\"width: 330.5px\" width=\"249\"><\/colgroup>\n<tbody>\n<tr style=\"height: 20px\">\n<td style=\"height: 20px\" width=\"223\"><span style=\"color: #666666\">Marca<\/span><\/td>\n<td style=\"height: 20px\" width=\"249\"><span style=\"color: #666666\">Concepto K&amp;F<\/span><\/td>\n<\/tr>\n<tr style=\"height: 20px\">\n<td style=\"height: 20px\" width=\"223\"><span style=\"color: #666666\">Referencia de<\/span><\/td>\n<p> marca<\/p>\n<td style=\"height: 20px\" width=\"249\">KF16.006<\/td>\n<\/tr>\n<tr style=\"height: 22px\">\n<td style=\"height: 22px\"><span style=\"color: #666666\">Ranuras de<\/span><\/td>\n<p> filtro<\/p>\n<td style=\"height: 22px\">n\u00famero ar\u00e1bigo<\/td>\n<\/tr>\n<tr>\n<td><span style=\"color: #666666\">Ancho del<\/span><\/td>\n<p> filtro<\/p>\n<td>100 mil\u00edmetros<\/td>\n<\/tr>\n<tr>\n<td><span style=\"color: #666666\">Espesor del<\/span><\/td>\n<p> filtro<\/p>\n<td>2 mil\u00edmetros<\/td>\n<\/tr>\n<\/tbody>\n<\/table>\n<p><strong>&nbsp;<\/strong><\/p>\n","protected":false},"excerpt":{"rendered":"<p>Kit de portafiltros K&amp;F CONCEPT + 8 anillos&nbsp; Contenido del paquete: 8 x Anillos adaptadores (\u00d849, \u00d852, \u00d858, \u00d862, \u00d867,<\/p>\n","protected":false},"featured_media":46836,"comment_status":"closed","ping_status":"closed","template":"","meta":{"_acf_changed":false},"product_brand":[2562],"product_cat":[1058],"product_tag":[],"class_list":{"0":"post-74737","1":"product","2":"type-product","3":"status-publish","4":"has-post-thumbnail","6":"product_brand-kf-concept-es","7":"product_cat-filtros-100mm-es","9":"first","10":"instock","11":"taxable","12":"shipping-taxable","13":"purchasable","14":"product-type-simple"},"bundled_by":[],"bundle_stock_status":"instock","bundle_stock_quantity":2,"bundle_virtual":false,"bundle_layout":"","bundle_add_to_cart_form_location":"","bundle_editable_in_cart":false,"bundle_sold_individually_context":"","bundle_item_grouping":"","bundle_min_size":"","bundle_max_size":"","bundle_price":[],"bundled_items":[],"bundle_sell_ids":[],"acf":[],"_links":{"self":[{"href":"https:\/\/hi-techwonder.com\/es\/wp-json\/wp\/v2\/product\/74737","targetHints":{"allow":["GET"]}}],"collection":[{"href":"https:\/\/hi-techwonder.com\/es\/wp-json\/wp\/v2\/product"}],"about":[{"href":"https:\/\/hi-techwonder.com\/es\/wp-json\/wp\/v2\/types\/product"}],"replies":[{"embeddable":true,"href":"https:\/\/hi-techwonder.com\/es\/wp-json\/wp\/v2\/comments?post=74737"}],"wp:featuredmedia":[{"embeddable":true,"href":"https:\/\/hi-techwonder.com\/es\/wp-json\/wp\/v2\/media\/46836"}],"wp:attachment":[{"href":"https:\/\/hi-techwonder.com\/es\/wp-json\/wp\/v2\/media?parent=74737"}],"wp:term":[{"taxonomy":"product_brand","embeddable":true,"href":"https:\/\/hi-techwonder.com\/es\/wp-json\/wp\/v2\/product_brand?post=74737"},{"taxonomy":"product_cat","embeddable":true,"href":"https:\/\/hi-techwonder.com\/es\/wp-json\/wp\/v2\/product_cat?post=74737"},{"taxonomy":"product_tag","embeddable":true,"href":"https:\/\/hi-techwonder.com\/es\/wp-json\/wp\/v2\/product_tag?post=74737"}],"curies":[{"name":"wp","href":"https:\/\/api.w.org\/{rel}","templated":true}]}}