{"id":74743,"date":"2025-07-29T00:17:17","date_gmt":"2025-07-29T00:17:17","guid":{"rendered":"https:\/\/fv6qoy3ls0.wpdns.site\/product\/kf-concept-kf31-080-estuche-para-tarjeta-de-memoria\/"},"modified":"2026-03-11T12:51:37","modified_gmt":"2026-03-11T12:51:37","slug":"kf-concept-kf31-080-estuche-para-tarjeta-de-memoria","status":"publish","type":"product","link":"https:\/\/hi-techwonder.com\/es\/producto\/kf-concept-kf31-080-estuche-para-tarjeta-de-memoria\/","title":{"rendered":"K&amp;F CONCEPT KF31.080 Estuche para tarjeta de memoria"},"content":{"rendered":"<h3>K&amp;F CONCEPT KF31.080 Estuche para tarjeta de memoria<\/h3>\n<p>La caja de la tarjeta de memoria puede contener 8 tarjetas SD, 4 tarjetas CF o 4 tarjetas XQD, 12 tarjetas Micro SD (TF) y 2 NANO SIM, 2 Micro SIM, 1 tarjeta SIM con pines de tarjeta.<\/p>\n<p>Utilizando un revestimiento de ABS duradero y un revestimiento de caucho moldeado termopl\u00e1stico, adopta el concepto de dise\u00f1o de triple sellado y resistente a la intemperie, evitando la entrada de agua, polvo y escombros, protegiendo las tarjetas de memoria de da\u00f1os<\/p>\n<p>El sistema de bloqueo ergon\u00f3mico permite una f\u00e1cil apertura y cierre. Cada ranura est\u00e1 estrictamente personalizada para que las tarjetas encajen perfectamente. El cierre sellado evita la entrada de agua y proporciona una protecci\u00f3n total para su bater\u00eda  <\/p>\n<p>Compacto y port\u00e1til, se puede guardar en bolsillos, mochilas y bolsos, f\u00e1cil de transportar, tama\u00f1o 10.4 * 7.1 * 2.2cm<\/p>\n","protected":false},"excerpt":{"rendered":"<p>K&amp;F CONCEPT KF31.080 Estuche para tarjeta de memoria La caja de la tarjeta de memoria puede contener 8 tarjetas SD,<\/p>\n","protected":false},"featured_media":37163,"comment_status":"closed","ping_status":"closed","template":"","meta":{"_acf_changed":false},"product_brand":[2562],"product_cat":[1026],"product_tag":[],"class_list":{"0":"post-74743","1":"product","2":"type-product","3":"status-publish","4":"has-post-thumbnail","6":"product_brand-kf-concept-es","7":"product_cat-accesorios-almacenamiento","9":"first","10":"instock","11":"taxable","12":"shipping-taxable","13":"purchasable","14":"product-type-simple"},"bundled_by":[],"bundle_stock_status":"instock","bundle_stock_quantity":2,"bundle_virtual":false,"bundle_layout":"","bundle_add_to_cart_form_location":"","bundle_editable_in_cart":false,"bundle_sold_individually_context":"","bundle_item_grouping":"","bundle_min_size":"","bundle_max_size":"","bundle_price":[],"bundled_items":[],"bundle_sell_ids":[],"acf":[],"_links":{"self":[{"href":"https:\/\/hi-techwonder.com\/es\/wp-json\/wp\/v2\/product\/74743","targetHints":{"allow":["GET"]}}],"collection":[{"href":"https:\/\/hi-techwonder.com\/es\/wp-json\/wp\/v2\/product"}],"about":[{"href":"https:\/\/hi-techwonder.com\/es\/wp-json\/wp\/v2\/types\/product"}],"replies":[{"embeddable":true,"href":"https:\/\/hi-techwonder.com\/es\/wp-json\/wp\/v2\/comments?post=74743"}],"wp:featuredmedia":[{"embeddable":true,"href":"https:\/\/hi-techwonder.com\/es\/wp-json\/wp\/v2\/media\/37163"}],"wp:attachment":[{"href":"https:\/\/hi-techwonder.com\/es\/wp-json\/wp\/v2\/media?parent=74743"}],"wp:term":[{"taxonomy":"product_brand","embeddable":true,"href":"https:\/\/hi-techwonder.com\/es\/wp-json\/wp\/v2\/product_brand?post=74743"},{"taxonomy":"product_cat","embeddable":true,"href":"https:\/\/hi-techwonder.com\/es\/wp-json\/wp\/v2\/product_cat?post=74743"},{"taxonomy":"product_tag","embeddable":true,"href":"https:\/\/hi-techwonder.com\/es\/wp-json\/wp\/v2\/product_tag?post=74743"}],"curies":[{"name":"wp","href":"https:\/\/api.w.org\/{rel}","templated":true}]}}